{"id":5595,"date":"2024-07-17T07:27:49","date_gmt":"2024-07-17T04:27:49","guid":{"rendered":"https:\/\/mtnplast.com\/sorumlu-satinalma-politikasi\/"},"modified":"2024-07-17T08:24:13","modified_gmt":"2024-07-17T05:24:13","slug":"sorumlu-satinalma-politikasi","status":"publish","type":"page","link":"https:\/\/mtnplast.com\/de\/sorumlu-satinalma-politikasi\/","title":{"rendered":"Sorumlu Sat\u0131nalma Politikas\u0131"},"content":{"rendered":"\t\t<div data-elementor-type=\"wp-page\" data-elementor-id=\"5595\" class=\"elementor elementor-5595\">\n\t\t\t\t\t\t<section class=\"elementor-section elementor-top-section elementor-element elementor-element-1d49c3a8 elementor-section-boxed elementor-section-height-default elementor-section-height-default\" data-id=\"1d49c3a8\" data-element_type=\"section\">\n\t\t\t\t\t\t<div class=\"elementor-container elementor-column-gap-default\">\n\t\t\t\t\t<div class=\"elementor-column elementor-col-100 elementor-top-column elementor-element elementor-element-322d3f4e\" data-id=\"322d3f4e\" data-element_type=\"column\">\n\t\t\t<div class=\"elementor-widget-wrap elementor-element-populated\">\n\t\t\t\t\t\t<div class=\"elementor-element elementor-element-49ba1c95 elementor-widget elementor-widget-heading\" data-id=\"49ba1c95\" data-element_type=\"widget\" data-widget_type=\"heading.default\">\n\t\t\t\t<div class=\"elementor-widget-container\">\n\t\t\t\t\t<h2 class=\"elementor-heading-title elementor-size-default\">Sorumlu Sat\u0131n Alma Politikas\u0131<\/h2>\t\t\t\t<\/div>\n\t\t\t\t<\/div>\n\t\t\t\t<div class=\"elementor-element elementor-element-af78b0f elementor-widget elementor-widget-text-editor\" data-id=\"af78b0f\" data-element_type=\"widget\" data-widget_type=\"text-editor.default\">\n\t\t\t\t<div class=\"elementor-widget-container\">\n\t\t\t\t\t\t\t\t\t<p><strong>Politikam\u0131z<\/strong><\/p><p>MTN Plastik San. Ve Tic. Ltd. \u015eti.\u00a0 olarak t\u00fcm al\u0131mlar\u0131m\u0131z a\u015fa\u011f\u0131daki Sat\u0131nalma ve S\u00fcrd\u00fcr\u00fclebilirlik de\u011ferleri do\u011frultusunda ger\u00e7ekle\u015ftirilir.<\/p><p><strong>Kaynaklar\u0131n Verimli Kullan\u0131m\u0131:<\/strong><\/p><p>Olu\u015fan ihtiya\u00e7lar\u0131n tedari\u011fi esnas\u0131nda kaynaklar\u0131n verimli kullan\u0131lmas\u0131na \u00f6zen g\u00f6sterilir, asgari kaynak kullan\u0131m\u0131 ile azami fayda sa\u011flanmas\u0131 hedeflenir. Kaynak ve zaman israf\u0131 yap\u0131lmamas\u0131 temel hedeftir.<\/p><p><strong>Yerli \u00dcr\u00fcn\/Hizmet Kullan\u0131m\u0131:<\/strong><\/p><p>Piyasa \u015fartlar\u0131 el verdi\u011fi \u00f6l\u00e7\u00fcde yerli ve milli \u00fcr\u00fcn ve hizmet kullan\u0131m\u0131 tercih edilir.<\/p><p><strong>Ayr\u0131m G\u00f6zetmeme:<\/strong><\/p><p>Teklifler sadece maliyet, kalite ve termin kriterlerine \u00a0g\u00f6re nesnel \u015fekilde de\u011ferlendirilir.<\/p><p>Bunun d\u0131\u015f\u0131nda \u00f6znel bir ayr\u0131ma tabi tutulmaz.<\/p><p><strong>Adil Rekabet:<\/strong><\/p><p>B\u00fct\u00fcn tedarik\u00e7ilere ayn\u0131 bilgi, e\u015fit f\u0131rsat sa\u011flan\u0131r. Bu \u015fekilde adil rekabet ortam\u0131n\u0131n olu\u015fturulmas\u0131 ama\u00e7lanmaktad\u0131r.<\/p><p>Tedarik\u00e7iler, antiter\u00f6rist ve adil rekabet yasalar\u0131na tam uyumla i\u015f yapmal\u0131d\u0131r.<\/p><p><strong>Yolsuzlukla M\u00fccadele:<\/strong><\/p><p>Tedarik\u00e7iler ve i\u015f yap\u0131lan di\u011fer \u00fc\u00e7\u00fcnc\u00fc ki\u015filer ;<\/p><p>R\u00fc\u015fvet dahil ancak r\u00fc\u015fvetle s\u0131n\u0131rl\u0131 olmaks\u0131z\u0131n yolsuzlu\u011fun hi\u00e7bir t\u00fcr\u00fcn\u00fc asla tolere etmemeli ve bu konuda her t\u00fcrl\u00fc \u00f6zeni g\u00f6stermelidir. Bu konuda herhangi toleransa m\u00fcsaade edilmemektedir. Bu ba\u011flamda MTN Plastik Etik Kurallar\u0131m\u0131z ge\u00e7erlidir.<\/p><p><strong>\u00c7al\u0131\u015fanlar\u0131n Sa\u011fl\u0131k ve G\u00fcvenli\u011fi:<\/strong><\/p><p>Tedarik\u00e7ilerin, \u00e7al\u0131\u015fanlar\u0131na sa\u011fl\u0131kl\u0131 ve g\u00fcvenli bir i\u015f ortam\u0131 sa\u011flamas\u0131 beklenir. Tedarik\u00e7i, \u00e7evre, sa\u011fl\u0131k ve i\u015f g\u00fcvenli\u011fiyle ilgili ge\u00e7erli b\u00fct\u00fcn yasal ve d\u00fczenleyici gerekliliklere<\/p><p>uygun hareket etmelidir.<\/p><p><strong>Fikri M\u00fclkiyet ve Gizli Bilgiler:<\/strong><\/p><p>Tedarik\u00e7ilerimizin, MTN plastik\u2019\u0131n t\u00fcm fikri m\u00fclkiyet haklar\u0131na sayg\u0131 g\u00f6stermesi beklenir. Ayn\u0131 \u015fekilde, MTN Plastik olarak da tedarik\u00e7ilerimizin de fikri m\u00fclkiyet haklar\u0131 korunur.<\/p><p>Bu hakka ili\u015fkin bir ihlal olmas\u0131 halinde taraflar\u0131n birbirlerini \u00f6nceden bilgilendirmeleri beklenir.<\/p><p><strong>Ki\u015fisel Verilerin Korunmas\u0131:<\/strong><\/p><p>Tedarik\u00e7ilerimiz ki\u015fisel verilerin korunmas\u0131 ile ilgili yasal mevzuatlara uygun olarak\u00a0 hareket etmelidir.<\/p><p><strong>Evrensel De\u011ferler:<\/strong><\/p><p>MTN Plastik , gerek m\u00fc\u015fterilerin se\u00e7iminde, gerekse tedarik\u00e7ilerinin se\u00e7iminde, demokratik de\u011ferlere, insan haklar\u0131na, \u00e7ocuk haklar\u0131na ve \u00a0\u00e7evreye sayg\u0131y\u0131 esas al\u0131r. Tedarik\u00e7ilerinden de bu de\u011ferlere sayg\u0131 g\u00f6stermeleri beklenir.<\/p><p><strong>Yasaklar:<\/strong><\/p><p><strong>MTN Plastik,<\/strong><\/p><ul><li>Ulusal mevzuat ve T\u00fcrkiye\u2019nin taraf oldu\u011fu uluslararas\u0131 s\u00f6zle\u015fmelerle yasaklanan ve k\u0131s\u0131tlama getirilen faaliyetler,<\/li><li>\u00c7ocuk i\u015f\u00e7i \u00e7al\u0131\u015ft\u0131rma,<\/li><li>\u0130nsan haklar\u0131na ayk\u0131r\u0131 davran\u0131\u015flar,<\/li><\/ul><p>gibi \u201ck\u0131rm\u0131z\u0131 \u00e7izgimiz\u201d olarak tabir edilen, bu hususlara ayk\u0131r\u0131 davranan ki\u015filerle ve kurulu\u015flarla ili\u015fkilerini sonland\u0131r\u0131r ve bu s\u00fcre\u00e7leri finanse etmez.<\/p><p><strong>\u00c7evre:<\/strong><\/p><ul><li>Gerekli fiziki \u015fartlar sa\u011flan\u0131r, denetlenir, kontrol edilir ve s\u00fcreklili\u011fi sa\u011flan\u0131r,<\/li><li>\u0130\u015f Sa\u011fl\u0131\u011f\u0131 ve G\u00fcvenli\u011fi gerekliklerine uyulur ve uyulmas\u0131 sa\u011flan\u0131r,<\/li><li>\u0130nsan sa\u011fl\u0131\u011f\u0131na zarar verecek \u00e7evresel etkiler asgariye indirilir, gerekli \u00f6nlemler al\u0131n\u0131r.<\/li><\/ul><p><strong>\u0130lgili Taraflardan Beklentilerimiz:<\/strong><\/p><p>Sayg\u0131de\u011fer m\u00fc\u015fterilerimizden ve tedarik\u00e7ilerimizden de bu politikada a\u00e7\u0131klanan yakla\u015f\u0131mlara ve uygulamalara uygun hareket etmeleri beklenir.<\/p>\t\t\t\t\t\t\t\t<\/div>\n\t\t\t\t<\/div>\n\t\t\t\t\t<\/div>\n\t\t<\/div>\n\t\t\t\t\t<\/div>\n\t\t<\/section>\n\t\t\t\t<\/div>\n\t\t","protected":false},"excerpt":{"rendered":"<p>Sorumlu Sat\u0131n Alma Politikas\u0131 Politikam\u0131z MTN Plastik San. Ve Tic. Ltd. \u015eti.\u00a0 olarak t\u00fcm al\u0131mlar\u0131m\u0131z a\u015fa\u011f\u0131daki Sat\u0131nalma ve S\u00fcrd\u00fcr\u00fclebilirlik de\u011ferleri do\u011frultusunda ger\u00e7ekle\u015ftirilir. Kaynaklar\u0131n Verimli Kullan\u0131m\u0131: Olu\u015fan ihtiya\u00e7lar\u0131n tedari\u011fi esnas\u0131nda kaynaklar\u0131n verimli kullan\u0131lmas\u0131na \u00f6zen g\u00f6sterilir, asgari kaynak kullan\u0131m\u0131 ile azami fayda sa\u011flanmas\u0131 hedeflenir. Kaynak ve zaman israf\u0131 yap\u0131lmamas\u0131 temel hedeftir. Yerli \u00dcr\u00fcn\/Hizmet Kullan\u0131m\u0131: Piyasa \u015fartlar\u0131 el [&hellip;]<\/p>\n","protected":false},"author":1,"featured_media":0,"parent":0,"menu_order":0,"comment_status":"closed","ping_status":"closed","template":"","meta":{"footnotes":""},"class_list":["post-5595","page","type-page","status-publish","hentry"],"_links":{"self":[{"href":"https:\/\/mtnplast.com\/de\/wp-json\/wp\/v2\/pages\/5595","targetHints":{"allow":["GET"]}}],"collection":[{"href":"https:\/\/mtnplast.com\/de\/wp-json\/wp\/v2\/pages"}],"about":[{"href":"https:\/\/mtnplast.com\/de\/wp-json\/wp\/v2\/types\/page"}],"author":[{"embeddable":true,"href":"https:\/\/mtnplast.com\/de\/wp-json\/wp\/v2\/users\/1"}],"replies":[{"embeddable":true,"href":"https:\/\/mtnplast.com\/de\/wp-json\/wp\/v2\/comments?post=5595"}],"version-history":[{"count":1,"href":"https:\/\/mtnplast.com\/de\/wp-json\/wp\/v2\/pages\/5595\/revisions"}],"predecessor-version":[{"id":5597,"href":"https:\/\/mtnplast.com\/de\/wp-json\/wp\/v2\/pages\/5595\/revisions\/5597"}],"wp:attachment":[{"href":"https:\/\/mtnplast.com\/de\/wp-json\/wp\/v2\/media?parent=5595"}],"curies":[{"name":"wp","href":"https:\/\/api.w.org\/{rel}","templated":true}]}}