{"id":1597,"date":"2022-01-26T11:10:23","date_gmt":"2022-01-26T08:10:23","guid":{"rendered":"http:\/\/mtnplast.com\/quality-certificates\/"},"modified":"2025-03-03T11:34:05","modified_gmt":"2025-03-03T08:34:05","slug":"kalite-belgeleri","status":"publish","type":"page","link":"https:\/\/mtnplast.com\/tr\/kalite-belgeleri\/","title":{"rendered":"Kalite Belgeleri"},"content":{"rendered":"\t\t<div data-elementor-type=\"wp-page\" data-elementor-id=\"1597\" class=\"elementor elementor-1597\">\n\t\t\t\t\t\t<section class=\"elementor-section elementor-top-section elementor-element elementor-element-92fa846 elementor-section-boxed elementor-section-height-default elementor-section-height-default\" data-id=\"92fa846\" data-element_type=\"section\" data-settings=\"{&quot;background_background&quot;:&quot;classic&quot;}\">\n\t\t\t\t\t\t\t<div class=\"elementor-background-overlay\"><\/div>\n\t\t\t\t\t\t\t<div class=\"elementor-container elementor-column-gap-default\">\n\t\t\t\t\t<div class=\"elementor-column elementor-col-100 elementor-top-column elementor-element elementor-element-51bfeddd\" data-id=\"51bfeddd\" data-element_type=\"column\">\n\t\t\t<div class=\"elementor-widget-wrap elementor-element-populated\">\n\t\t\t\t\t\t<div class=\"elementor-element elementor-element-1f52afb9 elementor-invisible elementor-widget elementor-widget-heading\" data-id=\"1f52afb9\" data-element_type=\"widget\" data-settings=\"{&quot;_animation&quot;:&quot;fadeInDown&quot;,&quot;_animation_delay&quot;:&quot;100&quot;}\" data-widget_type=\"heading.default\">\n\t\t\t\t<div class=\"elementor-widget-container\">\n\t\t\t\t\t<h1 class=\"elementor-heading-title elementor-size-default\">KAL\u0130TE BELGELER\u0130<\/h1>\t\t\t\t<\/div>\n\t\t\t\t<\/div>\n\t\t\t\t\t<\/div>\n\t\t<\/div>\n\t\t\t\t\t<\/div>\n\t\t<\/section>\n\t\t\t\t<section class=\"elementor-section elementor-top-section elementor-element elementor-element-539f81d1 elementor-section-boxed elementor-section-height-default elementor-section-height-default\" data-id=\"539f81d1\" data-element_type=\"section\">\n\t\t\t\t\t\t<div class=\"elementor-container elementor-column-gap-default\">\n\t\t\t\t\t<div class=\"elementor-column elementor-col-100 elementor-top-column elementor-element elementor-element-2e75b754\" data-id=\"2e75b754\" data-element_type=\"column\">\n\t\t\t<div class=\"elementor-widget-wrap elementor-element-populated\">\n\t\t\t\t\t\t<div class=\"elementor-element elementor-element-4b53fd44 elementor-headline--style-highlight elementor-widget elementor-widget-animated-headline\" data-id=\"4b53fd44\" data-element_type=\"widget\" data-settings=\"{&quot;highlighted_text&quot;:&quot; BELGELER\\u0130&quot;,&quot;headline_style&quot;:&quot;highlight&quot;,&quot;marker&quot;:&quot;circle&quot;,&quot;loop&quot;:&quot;yes&quot;,&quot;highlight_animation_duration&quot;:1200,&quot;highlight_iteration_delay&quot;:8000}\" data-widget_type=\"animated-headline.default\">\n\t\t\t\t<div class=\"elementor-widget-container\">\n\t\t\t\t\t\t\t<h3 class=\"elementor-headline\">\n\t\t\t\t\t<span class=\"elementor-headline-plain-text elementor-headline-text-wrapper\">KAL\u0130TE<\/span>\n\t\t\t\t<span class=\"elementor-headline-dynamic-wrapper elementor-headline-text-wrapper\">\n\t\t\t\t\t<span class=\"elementor-headline-dynamic-text elementor-headline-text-active\"> BELGELER\u0130<\/span>\n\t\t\t\t<\/span>\n\t\t\t\t<\/h3>\n\t\t\t\t\t\t<\/div>\n\t\t\t\t<\/div>\n\t\t\t\t\t<\/div>\n\t\t<\/div>\n\t\t\t\t\t<\/div>\n\t\t<\/section>\n\t\t\t\t<section class=\"elementor-section elementor-top-section elementor-element elementor-element-c273082 elementor-section-boxed elementor-section-height-default elementor-section-height-default\" data-id=\"c273082\" data-element_type=\"section\">\n\t\t\t\t\t\t<div class=\"elementor-container elementor-column-gap-default\">\n\t\t\t\t\t<div class=\"elementor-column elementor-col-100 elementor-top-column elementor-element elementor-element-dd96589\" data-id=\"dd96589\" data-element_type=\"column\">\n\t\t\t<div class=\"elementor-widget-wrap\">\n\t\t\t\t\t\t\t<\/div>\n\t\t<\/div>\n\t\t\t\t\t<\/div>\n\t\t<\/section>\n\t\t\t\t<section class=\"elementor-section elementor-top-section elementor-element elementor-element-3a3b1dd elementor-section-boxed elementor-section-height-default elementor-section-height-default\" data-id=\"3a3b1dd\" data-element_type=\"section\">\n\t\t\t\t\t\t<div class=\"elementor-container elementor-column-gap-default\">\n\t\t\t\t\t<div class=\"elementor-column elementor-col-100 elementor-top-column elementor-element elementor-element-1a0ef24\" data-id=\"1a0ef24\" data-element_type=\"column\">\n\t\t\t<div class=\"elementor-widget-wrap elementor-element-populated\">\n\t\t\t\t\t\t<div class=\"elementor-element elementor-element-1b0a927 gallery-spacing-custom elementor-widget elementor-widget-image-gallery\" data-id=\"1b0a927\" data-element_type=\"widget\" data-widget_type=\"image-gallery.default\">\n\t\t\t\t<div class=\"elementor-widget-container\">\n\t\t\t\t\t\t\t<div class=\"elementor-image-gallery\">\n\t\t\t<div id='gallery-1' class='gallery galleryid-1597 gallery-columns-4 gallery-size-full'><figure class='gallery-item'>\n\t\t\t<div class='gallery-icon portrait'>\n\t\t\t\t<a data-elementor-open-lightbox=\"yes\" data-elementor-lightbox-slideshow=\"1b0a927\" data-elementor-lightbox-title=\"IATF16949-1-2021-TR\" data-e-action-hash=\"#elementor-action%3Aaction%3Dlightbox%26settings%3DeyJpZCI6NTcxMywidXJsIjoiaHR0cHM6XC9cL210bnBsYXN0LmNvbVwvd3AtY29udGVudFwvdXBsb2Fkc1wvMjAyNVwvMDNcL0lBVEYxNjk0OS0xLTIwMjEtVFIuanBnIiwic2xpZGVzaG93IjoiMWIwYTkyNyJ9\" href='https:\/\/mtnplast.com\/wp-content\/uploads\/2025\/03\/IATF16949-1-2021-TR.jpg'><img fetchpriority=\"high\" decoding=\"async\" width=\"1700\" height=\"2339\" src=\"https:\/\/mtnplast.com\/wp-content\/uploads\/2025\/03\/IATF16949-1-2021-TR.jpg\" class=\"attachment-full size-full\" alt=\"\" srcset=\"https:\/\/mtnplast.com\/wp-content\/uploads\/2025\/03\/IATF16949-1-2021-TR.jpg 1700w, https:\/\/mtnplast.com\/wp-content\/uploads\/2025\/03\/IATF16949-1-2021-TR-218x300.jpg 218w, https:\/\/mtnplast.com\/wp-content\/uploads\/2025\/03\/IATF16949-1-2021-TR-744x1024.jpg 744w, https:\/\/mtnplast.com\/wp-content\/uploads\/2025\/03\/IATF16949-1-2021-TR-768x1057.jpg 768w, https:\/\/mtnplast.com\/wp-content\/uploads\/2025\/03\/IATF16949-1-2021-TR-1116x1536.jpg 1116w, https:\/\/mtnplast.com\/wp-content\/uploads\/2025\/03\/IATF16949-1-2021-TR-1488x2048.jpg 1488w\" sizes=\"(max-width: 1700px) 100vw, 1700px\" \/><\/a>\n\t\t\t<\/div><\/figure><figure class='gallery-item'>\n\t\t\t<div class='gallery-icon portrait'>\n\t\t\t\t<a data-elementor-open-lightbox=\"yes\" data-elementor-lightbox-slideshow=\"1b0a927\" data-elementor-lightbox-title=\"IATF16949-1-2025-ENG\" data-e-action-hash=\"#elementor-action%3Aaction%3Dlightbox%26settings%3DeyJpZCI6NTcxNiwidXJsIjoiaHR0cHM6XC9cL210bnBsYXN0LmNvbVwvd3AtY29udGVudFwvdXBsb2Fkc1wvMjAyNVwvMDNcL0lBVEYxNjk0OS0xLTIwMjUtRU5HLmpwZyIsInNsaWRlc2hvdyI6IjFiMGE5MjcifQ%3D%3D\" href='https:\/\/mtnplast.com\/wp-content\/uploads\/2025\/03\/IATF16949-1-2025-ENG.jpg'><img decoding=\"async\" width=\"1654\" height=\"2339\" src=\"https:\/\/mtnplast.com\/wp-content\/uploads\/2025\/03\/IATF16949-1-2025-ENG.jpg\" class=\"attachment-full size-full\" alt=\"\" srcset=\"https:\/\/mtnplast.com\/wp-content\/uploads\/2025\/03\/IATF16949-1-2025-ENG.jpg 1654w, https:\/\/mtnplast.com\/wp-content\/uploads\/2025\/03\/IATF16949-1-2025-ENG-212x300.jpg 212w, https:\/\/mtnplast.com\/wp-content\/uploads\/2025\/03\/IATF16949-1-2025-ENG-724x1024.jpg 724w, https:\/\/mtnplast.com\/wp-content\/uploads\/2025\/03\/IATF16949-1-2025-ENG-768x1086.jpg 768w, https:\/\/mtnplast.com\/wp-content\/uploads\/2025\/03\/IATF16949-1-2025-ENG-1086x1536.jpg 1086w, https:\/\/mtnplast.com\/wp-content\/uploads\/2025\/03\/IATF16949-1-2025-ENG-1448x2048.jpg 1448w\" sizes=\"(max-width: 1654px) 100vw, 1654px\" \/><\/a>\n\t\t\t<\/div><\/figure><figure class='gallery-item'>\n\t\t\t<div class='gallery-icon portrait'>\n\t\t\t\t<a data-elementor-open-lightbox=\"yes\" data-elementor-lightbox-slideshow=\"1b0a927\" data-elementor-lightbox-title=\"ISO 14001-2025 -TR\" data-e-action-hash=\"#elementor-action%3Aaction%3Dlightbox%26settings%3DeyJpZCI6NTcxOSwidXJsIjoiaHR0cHM6XC9cL210bnBsYXN0LmNvbVwvd3AtY29udGVudFwvdXBsb2Fkc1wvMjAyNVwvMDNcL0lTTy0xNDAwMS0yMDI1LVRSLmpwZyIsInNsaWRlc2hvdyI6IjFiMGE5MjcifQ%3D%3D\" href='https:\/\/mtnplast.com\/wp-content\/uploads\/2025\/03\/ISO-14001-2025-TR.jpg'><img decoding=\"async\" width=\"1653\" height=\"2339\" src=\"https:\/\/mtnplast.com\/wp-content\/uploads\/2025\/03\/ISO-14001-2025-TR.jpg\" class=\"attachment-full size-full\" alt=\"\" srcset=\"https:\/\/mtnplast.com\/wp-content\/uploads\/2025\/03\/ISO-14001-2025-TR.jpg 1653w, https:\/\/mtnplast.com\/wp-content\/uploads\/2025\/03\/ISO-14001-2025-TR-212x300.jpg 212w, https:\/\/mtnplast.com\/wp-content\/uploads\/2025\/03\/ISO-14001-2025-TR-724x1024.jpg 724w, https:\/\/mtnplast.com\/wp-content\/uploads\/2025\/03\/ISO-14001-2025-TR-768x1087.jpg 768w, https:\/\/mtnplast.com\/wp-content\/uploads\/2025\/03\/ISO-14001-2025-TR-1086x1536.jpg 1086w, https:\/\/mtnplast.com\/wp-content\/uploads\/2025\/03\/ISO-14001-2025-TR-1447x2048.jpg 1447w\" sizes=\"(max-width: 1653px) 100vw, 1653px\" \/><\/a>\n\t\t\t<\/div><\/figure><figure class='gallery-item'>\n\t\t\t<div class='gallery-icon portrait'>\n\t\t\t\t<a data-elementor-open-lightbox=\"yes\" data-elementor-lightbox-slideshow=\"1b0a927\" data-elementor-lightbox-title=\"ISO 14001-2025-ENG\" data-e-action-hash=\"#elementor-action%3Aaction%3Dlightbox%26settings%3DeyJpZCI6NTcyMiwidXJsIjoiaHR0cHM6XC9cL210bnBsYXN0LmNvbVwvd3AtY29udGVudFwvdXBsb2Fkc1wvMjAyNVwvMDNcL0lTTy0xNDAwMS0yMDI1LUVORy5qcGciLCJzbGlkZXNob3ciOiIxYjBhOTI3In0%3D\" href='https:\/\/mtnplast.com\/wp-content\/uploads\/2025\/03\/ISO-14001-2025-ENG.jpg'><img loading=\"lazy\" decoding=\"async\" width=\"1653\" height=\"2339\" src=\"https:\/\/mtnplast.com\/wp-content\/uploads\/2025\/03\/ISO-14001-2025-ENG.jpg\" class=\"attachment-full size-full\" alt=\"\" srcset=\"https:\/\/mtnplast.com\/wp-content\/uploads\/2025\/03\/ISO-14001-2025-ENG.jpg 1653w, https:\/\/mtnplast.com\/wp-content\/uploads\/2025\/03\/ISO-14001-2025-ENG-212x300.jpg 212w, https:\/\/mtnplast.com\/wp-content\/uploads\/2025\/03\/ISO-14001-2025-ENG-724x1024.jpg 724w, https:\/\/mtnplast.com\/wp-content\/uploads\/2025\/03\/ISO-14001-2025-ENG-768x1087.jpg 768w, https:\/\/mtnplast.com\/wp-content\/uploads\/2025\/03\/ISO-14001-2025-ENG-1086x1536.jpg 1086w, https:\/\/mtnplast.com\/wp-content\/uploads\/2025\/03\/ISO-14001-2025-ENG-1447x2048.jpg 1447w\" sizes=\"(max-width: 1653px) 100vw, 1653px\" \/><\/a>\n\t\t\t<\/div><\/figure><figure class='gallery-item'>\n\t\t\t<div class='gallery-icon portrait'>\n\t\t\t\t<a data-elementor-open-lightbox=\"yes\" data-elementor-lightbox-slideshow=\"1b0a927\" data-elementor-lightbox-title=\"ISO 45001-2025-ENG\" data-e-action-hash=\"#elementor-action%3Aaction%3Dlightbox%26settings%3DeyJpZCI6NTcyNSwidXJsIjoiaHR0cHM6XC9cL210bnBsYXN0LmNvbVwvd3AtY29udGVudFwvdXBsb2Fkc1wvMjAyNVwvMDNcL0lTTy00NTAwMS0yMDI1LUVORy5qcGciLCJzbGlkZXNob3ciOiIxYjBhOTI3In0%3D\" href='https:\/\/mtnplast.com\/wp-content\/uploads\/2025\/03\/ISO-45001-2025-ENG.jpg'><img loading=\"lazy\" decoding=\"async\" width=\"1653\" height=\"2339\" src=\"https:\/\/mtnplast.com\/wp-content\/uploads\/2025\/03\/ISO-45001-2025-ENG.jpg\" class=\"attachment-full size-full\" alt=\"\" srcset=\"https:\/\/mtnplast.com\/wp-content\/uploads\/2025\/03\/ISO-45001-2025-ENG.jpg 1653w, https:\/\/mtnplast.com\/wp-content\/uploads\/2025\/03\/ISO-45001-2025-ENG-212x300.jpg 212w, https:\/\/mtnplast.com\/wp-content\/uploads\/2025\/03\/ISO-45001-2025-ENG-724x1024.jpg 724w, https:\/\/mtnplast.com\/wp-content\/uploads\/2025\/03\/ISO-45001-2025-ENG-768x1087.jpg 768w, https:\/\/mtnplast.com\/wp-content\/uploads\/2025\/03\/ISO-45001-2025-ENG-1086x1536.jpg 1086w, https:\/\/mtnplast.com\/wp-content\/uploads\/2025\/03\/ISO-45001-2025-ENG-1447x2048.jpg 1447w\" sizes=\"(max-width: 1653px) 100vw, 1653px\" \/><\/a>\n\t\t\t<\/div><\/figure><figure class='gallery-item'>\n\t\t\t<div class='gallery-icon portrait'>\n\t\t\t\t<a data-elementor-open-lightbox=\"yes\" data-elementor-lightbox-slideshow=\"1b0a927\" data-elementor-lightbox-title=\"ISO 45001-2025-TR\" data-e-action-hash=\"#elementor-action%3Aaction%3Dlightbox%26settings%3DeyJpZCI6NTcyOCwidXJsIjoiaHR0cHM6XC9cL210bnBsYXN0LmNvbVwvd3AtY29udGVudFwvdXBsb2Fkc1wvMjAyNVwvMDNcL0lTTy00NTAwMS0yMDI1LVRSLmpwZyIsInNsaWRlc2hvdyI6IjFiMGE5MjcifQ%3D%3D\" href='https:\/\/mtnplast.com\/wp-content\/uploads\/2025\/03\/ISO-45001-2025-TR.jpg'><img loading=\"lazy\" decoding=\"async\" width=\"1653\" height=\"2339\" src=\"https:\/\/mtnplast.com\/wp-content\/uploads\/2025\/03\/ISO-45001-2025-TR.jpg\" class=\"attachment-full size-full\" alt=\"\" srcset=\"https:\/\/mtnplast.com\/wp-content\/uploads\/2025\/03\/ISO-45001-2025-TR.jpg 1653w, https:\/\/mtnplast.com\/wp-content\/uploads\/2025\/03\/ISO-45001-2025-TR-212x300.jpg 212w, https:\/\/mtnplast.com\/wp-content\/uploads\/2025\/03\/ISO-45001-2025-TR-724x1024.jpg 724w, https:\/\/mtnplast.com\/wp-content\/uploads\/2025\/03\/ISO-45001-2025-TR-768x1087.jpg 768w, https:\/\/mtnplast.com\/wp-content\/uploads\/2025\/03\/ISO-45001-2025-TR-1086x1536.jpg 1086w, https:\/\/mtnplast.com\/wp-content\/uploads\/2025\/03\/ISO-45001-2025-TR-1447x2048.jpg 1447w\" sizes=\"(max-width: 1653px) 100vw, 1653px\" \/><\/a>\n\t\t\t<\/div><\/figure><figure class='gallery-item'>\n\t\t\t<div class='gallery-icon portrait'>\n\t\t\t\t<a data-elementor-open-lightbox=\"yes\" data-elementor-lightbox-slideshow=\"1b0a927\" data-elementor-lightbox-title=\"ISO9001-1-2021-TR\" data-e-action-hash=\"#elementor-action%3Aaction%3Dlightbox%26settings%3DeyJpZCI6NTczMSwidXJsIjoiaHR0cHM6XC9cL210bnBsYXN0LmNvbVwvd3AtY29udGVudFwvdXBsb2Fkc1wvMjAyNVwvMDNcL0lTTzkwMDEtMS0yMDIxLVRSLmpwZyIsInNsaWRlc2hvdyI6IjFiMGE5MjcifQ%3D%3D\" href='https:\/\/mtnplast.com\/wp-content\/uploads\/2025\/03\/ISO9001-1-2021-TR.jpg'><img loading=\"lazy\" decoding=\"async\" width=\"1700\" height=\"2339\" src=\"https:\/\/mtnplast.com\/wp-content\/uploads\/2025\/03\/ISO9001-1-2021-TR.jpg\" class=\"attachment-full size-full\" alt=\"\" srcset=\"https:\/\/mtnplast.com\/wp-content\/uploads\/2025\/03\/ISO9001-1-2021-TR.jpg 1700w, https:\/\/mtnplast.com\/wp-content\/uploads\/2025\/03\/ISO9001-1-2021-TR-218x300.jpg 218w, https:\/\/mtnplast.com\/wp-content\/uploads\/2025\/03\/ISO9001-1-2021-TR-744x1024.jpg 744w, https:\/\/mtnplast.com\/wp-content\/uploads\/2025\/03\/ISO9001-1-2021-TR-768x1057.jpg 768w, https:\/\/mtnplast.com\/wp-content\/uploads\/2025\/03\/ISO9001-1-2021-TR-1116x1536.jpg 1116w, https:\/\/mtnplast.com\/wp-content\/uploads\/2025\/03\/ISO9001-1-2021-TR-1488x2048.jpg 1488w\" sizes=\"(max-width: 1700px) 100vw, 1700px\" \/><\/a>\n\t\t\t<\/div><\/figure><figure class='gallery-item'>\n\t\t\t<div class='gallery-icon portrait'>\n\t\t\t\t<a data-elementor-open-lightbox=\"yes\" data-elementor-lightbox-slideshow=\"1b0a927\" data-elementor-lightbox-title=\"ISO9001-1-2025-ENG\" data-e-action-hash=\"#elementor-action%3Aaction%3Dlightbox%26settings%3DeyJpZCI6NTczNCwidXJsIjoiaHR0cHM6XC9cL210bnBsYXN0LmNvbVwvd3AtY29udGVudFwvdXBsb2Fkc1wvMjAyNVwvMDNcL0lTTzkwMDEtMS0yMDI1LUVORy5qcGciLCJzbGlkZXNob3ciOiIxYjBhOTI3In0%3D\" href='https:\/\/mtnplast.com\/wp-content\/uploads\/2025\/03\/ISO9001-1-2025-ENG.jpg'><img loading=\"lazy\" decoding=\"async\" width=\"1654\" height=\"2339\" src=\"https:\/\/mtnplast.com\/wp-content\/uploads\/2025\/03\/ISO9001-1-2025-ENG.jpg\" class=\"attachment-full size-full\" alt=\"\" srcset=\"https:\/\/mtnplast.com\/wp-content\/uploads\/2025\/03\/ISO9001-1-2025-ENG.jpg 1654w, https:\/\/mtnplast.com\/wp-content\/uploads\/2025\/03\/ISO9001-1-2025-ENG-212x300.jpg 212w, https:\/\/mtnplast.com\/wp-content\/uploads\/2025\/03\/ISO9001-1-2025-ENG-724x1024.jpg 724w, https:\/\/mtnplast.com\/wp-content\/uploads\/2025\/03\/ISO9001-1-2025-ENG-768x1086.jpg 768w, https:\/\/mtnplast.com\/wp-content\/uploads\/2025\/03\/ISO9001-1-2025-ENG-1086x1536.jpg 1086w, https:\/\/mtnplast.com\/wp-content\/uploads\/2025\/03\/ISO9001-1-2025-ENG-1448x2048.jpg 1448w\" sizes=\"(max-width: 1654px) 100vw, 1654px\" \/><\/a>\n\t\t\t<\/div><\/figure>\n\t\t<\/div>\n\t\t<\/div>\n\t\t\t\t\t\t<\/div>\n\t\t\t\t<\/div>\n\t\t\t\t\t<\/div>\n\t\t<\/div>\n\t\t\t\t\t<\/div>\n\t\t<\/section>\n\t\t\t\t<\/div>\n\t\t","protected":false},"excerpt":{"rendered":"<p>KAL\u0130TE BELGELER\u0130 KAL\u0130TE BELGELER\u0130<\/p>\n","protected":false},"author":1,"featured_media":0,"parent":0,"menu_order":0,"comment_status":"closed","ping_status":"closed","template":"","meta":{"footnotes":""},"class_list":["post-1597","page","type-page","status-publish","hentry"],"_links":{"self":[{"href":"https:\/\/mtnplast.com\/tr\/wp-json\/wp\/v2\/pages\/1597","targetHints":{"allow":["GET"]}}],"collection":[{"href":"https:\/\/mtnplast.com\/tr\/wp-json\/wp\/v2\/pages"}],"about":[{"href":"https:\/\/mtnplast.com\/tr\/wp-json\/wp\/v2\/types\/page"}],"author":[{"embeddable":true,"href":"https:\/\/mtnplast.com\/tr\/wp-json\/wp\/v2\/users\/1"}],"replies":[{"embeddable":true,"href":"https:\/\/mtnplast.com\/tr\/wp-json\/wp\/v2\/comments?post=1597"}],"version-history":[{"count":10,"href":"https:\/\/mtnplast.com\/tr\/wp-json\/wp\/v2\/pages\/1597\/revisions"}],"predecessor-version":[{"id":5739,"href":"https:\/\/mtnplast.com\/tr\/wp-json\/wp\/v2\/pages\/1597\/revisions\/5739"}],"wp:attachment":[{"href":"https:\/\/mtnplast.com\/tr\/wp-json\/wp\/v2\/media?parent=1597"}],"curies":[{"name":"wp","href":"https:\/\/api.w.org\/{rel}","templated":true}]}}