{"id":1602,"date":"2022-01-26T11:31:08","date_gmt":"2022-01-26T08:31:08","guid":{"rendered":"http:\/\/mtnplast.com\/resarch-development\/"},"modified":"2022-11-29T15:10:14","modified_gmt":"2022-11-29T12:10:14","slug":"arastirma-gelistirme","status":"publish","type":"page","link":"https:\/\/mtnplast.com\/tr\/arastirma-gelistirme\/","title":{"rendered":"Ara\u015ft\u0131rma &#038; Geli\u015ftirme"},"content":{"rendered":"\t\t<div data-elementor-type=\"wp-page\" data-elementor-id=\"1602\" class=\"elementor elementor-1602\">\n\t\t\t\t\t\t<section class=\"elementor-section elementor-top-section elementor-element elementor-element-254fc16c elementor-section-boxed elementor-section-height-default elementor-section-height-default\" data-id=\"254fc16c\" data-element_type=\"section\" data-settings=\"{&quot;background_background&quot;:&quot;classic&quot;}\">\n\t\t\t\t\t\t\t<div class=\"elementor-background-overlay\"><\/div>\n\t\t\t\t\t\t\t<div class=\"elementor-container elementor-column-gap-default\">\n\t\t\t\t\t<div class=\"elementor-column elementor-col-100 elementor-top-column elementor-element elementor-element-3665f8e6\" data-id=\"3665f8e6\" data-element_type=\"column\">\n\t\t\t<div class=\"elementor-widget-wrap elementor-element-populated\">\n\t\t\t\t\t\t<div class=\"elementor-element elementor-element-14d419eb elementor-invisible elementor-widget elementor-widget-heading\" data-id=\"14d419eb\" data-element_type=\"widget\" data-settings=\"{&quot;_animation&quot;:&quot;fadeInDown&quot;,&quot;_animation_delay&quot;:&quot;100&quot;}\" data-widget_type=\"heading.default\">\n\t\t\t\t<div class=\"elementor-widget-container\">\n\t\t\t\t\t<h1 class=\"elementor-heading-title elementor-size-default\">ARA\u015eTIRMA &amp; GEL\u0130\u015eT\u0130RME<\/h1>\t\t\t\t<\/div>\n\t\t\t\t<\/div>\n\t\t\t\t\t<\/div>\n\t\t<\/div>\n\t\t\t\t\t<\/div>\n\t\t<\/section>\n\t\t\t\t<section class=\"elementor-section elementor-top-section elementor-element elementor-element-5fee193e elementor-section-boxed elementor-section-height-default elementor-section-height-default\" data-id=\"5fee193e\" data-element_type=\"section\">\n\t\t\t\t\t\t<div class=\"elementor-container elementor-column-gap-default\">\n\t\t\t\t\t<div class=\"elementor-column elementor-col-100 elementor-top-column elementor-element elementor-element-3f29f903\" data-id=\"3f29f903\" data-element_type=\"column\">\n\t\t\t<div class=\"elementor-widget-wrap elementor-element-populated\">\n\t\t\t\t\t\t<div class=\"elementor-element elementor-element-4cd6266a elementor-headline--style-highlight elementor-widget elementor-widget-animated-headline\" data-id=\"4cd6266a\" data-element_type=\"widget\" data-settings=\"{&quot;highlighted_text&quot;:&quot;GEL\\u0130\\u015eT\\u0130RME&quot;,&quot;headline_style&quot;:&quot;highlight&quot;,&quot;marker&quot;:&quot;circle&quot;,&quot;loop&quot;:&quot;yes&quot;,&quot;highlight_animation_duration&quot;:1200,&quot;highlight_iteration_delay&quot;:8000}\" data-widget_type=\"animated-headline.default\">\n\t\t\t\t<div class=\"elementor-widget-container\">\n\t\t\t\t\t\t\t<h3 class=\"elementor-headline\">\n\t\t\t\t\t<span class=\"elementor-headline-plain-text elementor-headline-text-wrapper\">ARA\u015eTIRMA &<\/span>\n\t\t\t\t<span class=\"elementor-headline-dynamic-wrapper elementor-headline-text-wrapper\">\n\t\t\t\t\t<span class=\"elementor-headline-dynamic-text elementor-headline-text-active\">GEL\u0130\u015eT\u0130RME<\/span>\n\t\t\t\t<\/span>\n\t\t\t\t<\/h3>\n\t\t\t\t\t\t<\/div>\n\t\t\t\t<\/div>\n\t\t\t\t\t<\/div>\n\t\t<\/div>\n\t\t\t\t\t<\/div>\n\t\t<\/section>\n\t\t\t\t<section class=\"elementor-section elementor-top-section elementor-element elementor-element-d4e5f56 elementor-section-boxed elementor-section-height-default elementor-section-height-default\" data-id=\"d4e5f56\" data-element_type=\"section\">\n\t\t\t\t\t\t<div class=\"elementor-container elementor-column-gap-default\">\n\t\t\t\t\t<div class=\"elementor-column elementor-col-100 elementor-top-column elementor-element elementor-element-026edfb\" data-id=\"026edfb\" data-element_type=\"column\">\n\t\t\t<div class=\"elementor-widget-wrap elementor-element-populated\">\n\t\t\t\t\t\t<div class=\"elementor-element elementor-element-0b62414 elementor-widget elementor-widget-image\" data-id=\"0b62414\" data-element_type=\"widget\" data-widget_type=\"image.default\">\n\t\t\t\t<div class=\"elementor-widget-container\">\n\t\t\t\t\t\t\t\t\t\t\t\t\t\t\t<img fetchpriority=\"high\" decoding=\"async\" width=\"800\" height=\"534\" src=\"https:\/\/mtnplast.com\/wp-content\/uploads\/2022\/02\/R1A1594-min-1024x683.jpg\" class=\"attachment-large size-large wp-image-964\" alt=\"\" srcset=\"https:\/\/mtnplast.com\/wp-content\/uploads\/2022\/02\/R1A1594-min-1024x683.jpg 1024w, https:\/\/mtnplast.com\/wp-content\/uploads\/2022\/02\/R1A1594-min-300x200.jpg 300w, https:\/\/mtnplast.com\/wp-content\/uploads\/2022\/02\/R1A1594-min-768x512.jpg 768w, https:\/\/mtnplast.com\/wp-content\/uploads\/2022\/02\/R1A1594-min-1536x1024.jpg 1536w, https:\/\/mtnplast.com\/wp-content\/uploads\/2022\/02\/R1A1594-min-2048x1365.jpg 2048w\" sizes=\"(max-width: 800px) 100vw, 800px\" \/>\t\t\t\t\t\t\t\t\t\t\t\t\t\t\t<\/div>\n\t\t\t\t<\/div>\n\t\t\t\t\t<\/div>\n\t\t<\/div>\n\t\t\t\t\t<\/div>\n\t\t<\/section>\n\t\t\t\t<\/div>\n\t\t","protected":false},"excerpt":{"rendered":"<p>ARA\u015eTIRMA &#038; GEL\u0130\u015eT\u0130RME ARA\u015eTIRMA &#038; GEL\u0130\u015eT\u0130RME<\/p>\n","protected":false},"author":1,"featured_media":0,"parent":0,"menu_order":0,"comment_status":"closed","ping_status":"closed","template":"","meta":{"footnotes":""},"class_list":["post-1602","page","type-page","status-publish","hentry"],"_links":{"self":[{"href":"https:\/\/mtnplast.com\/tr\/wp-json\/wp\/v2\/pages\/1602","targetHints":{"allow":["GET"]}}],"collection":[{"href":"https:\/\/mtnplast.com\/tr\/wp-json\/wp\/v2\/pages"}],"about":[{"href":"https:\/\/mtnplast.com\/tr\/wp-json\/wp\/v2\/types\/page"}],"author":[{"embeddable":true,"href":"https:\/\/mtnplast.com\/tr\/wp-json\/wp\/v2\/users\/1"}],"replies":[{"embeddable":true,"href":"https:\/\/mtnplast.com\/tr\/wp-json\/wp\/v2\/comments?post=1602"}],"version-history":[{"count":7,"href":"https:\/\/mtnplast.com\/tr\/wp-json\/wp\/v2\/pages\/1602\/revisions"}],"predecessor-version":[{"id":4662,"href":"https:\/\/mtnplast.com\/tr\/wp-json\/wp\/v2\/pages\/1602\/revisions\/4662"}],"wp:attachment":[{"href":"https:\/\/mtnplast.com\/tr\/wp-json\/wp\/v2\/media?parent=1602"}],"curies":[{"name":"wp","href":"https:\/\/api.w.org\/{rel}","templated":true}]}}