{"id":1607,"date":"2022-01-26T11:38:56","date_gmt":"2022-01-26T08:38:56","guid":{"rendered":"http:\/\/mtnplast.com\/machine-list\/"},"modified":"2022-11-29T15:22:27","modified_gmt":"2022-11-29T12:22:27","slug":"makine-listesi","status":"publish","type":"page","link":"https:\/\/mtnplast.com\/tr\/makine-listesi\/","title":{"rendered":"Makine Listesi"},"content":{"rendered":"\t\t<div data-elementor-type=\"wp-page\" data-elementor-id=\"1607\" class=\"elementor elementor-1607\">\n\t\t\t\t\t\t<section class=\"elementor-section elementor-top-section elementor-element elementor-element-397088eb elementor-section-boxed elementor-section-height-default elementor-section-height-default\" data-id=\"397088eb\" data-element_type=\"section\" data-settings=\"{&quot;background_background&quot;:&quot;classic&quot;}\">\n\t\t\t\t\t\t\t<div class=\"elementor-background-overlay\"><\/div>\n\t\t\t\t\t\t\t<div class=\"elementor-container elementor-column-gap-default\">\n\t\t\t\t\t<div class=\"elementor-column elementor-col-100 elementor-top-column elementor-element elementor-element-7f9c665b\" data-id=\"7f9c665b\" data-element_type=\"column\">\n\t\t\t<div class=\"elementor-widget-wrap elementor-element-populated\">\n\t\t\t\t\t\t<div class=\"elementor-element elementor-element-f89f0a1 elementor-invisible elementor-widget elementor-widget-heading\" data-id=\"f89f0a1\" data-element_type=\"widget\" data-settings=\"{&quot;_animation&quot;:&quot;fadeInDown&quot;,&quot;_animation_delay&quot;:&quot;100&quot;}\" data-widget_type=\"heading.default\">\n\t\t\t\t<div class=\"elementor-widget-container\">\n\t\t\t\t\t<h1 class=\"elementor-heading-title elementor-size-default\">MAK\u0130NE L\u0130STES\u0130<\/h1>\t\t\t\t<\/div>\n\t\t\t\t<\/div>\n\t\t\t\t\t<\/div>\n\t\t<\/div>\n\t\t\t\t\t<\/div>\n\t\t<\/section>\n\t\t\t\t<section class=\"elementor-section elementor-top-section elementor-element elementor-element-4de68a17 elementor-section-boxed elementor-section-height-default elementor-section-height-default\" data-id=\"4de68a17\" data-element_type=\"section\">\n\t\t\t\t\t\t<div class=\"elementor-container elementor-column-gap-default\">\n\t\t\t\t\t<div class=\"elementor-column elementor-col-100 elementor-top-column elementor-element elementor-element-7ecd526\" data-id=\"7ecd526\" data-element_type=\"column\">\n\t\t\t<div class=\"elementor-widget-wrap elementor-element-populated\">\n\t\t\t\t\t\t<div class=\"elementor-element elementor-element-6fb06ca9 elementor-headline--style-highlight elementor-widget elementor-widget-animated-headline\" data-id=\"6fb06ca9\" data-element_type=\"widget\" data-settings=\"{&quot;highlighted_text&quot;:&quot;L\\u0130STES\\u0130&quot;,&quot;headline_style&quot;:&quot;highlight&quot;,&quot;marker&quot;:&quot;circle&quot;,&quot;loop&quot;:&quot;yes&quot;,&quot;highlight_animation_duration&quot;:1200,&quot;highlight_iteration_delay&quot;:8000}\" data-widget_type=\"animated-headline.default\">\n\t\t\t\t<div class=\"elementor-widget-container\">\n\t\t\t\t\t\t\t<h3 class=\"elementor-headline\">\n\t\t\t\t\t<span class=\"elementor-headline-plain-text elementor-headline-text-wrapper\">MAK\u0130NE<\/span>\n\t\t\t\t<span class=\"elementor-headline-dynamic-wrapper elementor-headline-text-wrapper\">\n\t\t\t\t\t<span class=\"elementor-headline-dynamic-text elementor-headline-text-active\">L\u0130STES\u0130<\/span>\n\t\t\t\t<\/span>\n\t\t\t\t<\/h3>\n\t\t\t\t\t\t<\/div>\n\t\t\t\t<\/div>\n\t\t\t\t\t<\/div>\n\t\t<\/div>\n\t\t\t\t\t<\/div>\n\t\t<\/section>\n\t\t\t\t<section class=\"elementor-section elementor-top-section elementor-element elementor-element-9fdf53b elementor-section-boxed elementor-section-height-default elementor-section-height-default\" data-id=\"9fdf53b\" data-element_type=\"section\">\n\t\t\t\t\t\t<div class=\"elementor-container elementor-column-gap-default\">\n\t\t\t\t\t<div class=\"elementor-column elementor-col-100 elementor-top-column elementor-element elementor-element-8529ea3\" data-id=\"8529ea3\" data-element_type=\"column\">\n\t\t\t<div class=\"elementor-widget-wrap elementor-element-populated\">\n\t\t\t\t\t\t<div class=\"elementor-element elementor-element-b9f7292 elementor-widget elementor-widget-text-editor\" data-id=\"b9f7292\" data-element_type=\"widget\" data-widget_type=\"text-editor.default\">\n\t\t\t\t<div class=\"elementor-widget-container\">\n\t\t\t\t\t\t\t\t\t<table width=\"699\"><tbody><tr><td width=\"47\"><strong>NO<\/strong><\/td><td width=\"104\"><strong>MACHINE TYPE<\/strong><\/td><td width=\"96\"><strong>CLAMPING FORCE<\/strong><\/td><td width=\"74\"><p><strong>MANIFACTURING YEAR<\/strong><\/p><\/td><td width=\"189\"><strong>MACHINE SPECIFICATION ROBOT INTERFACE<\/strong><\/td><td width=\"87\"><strong>MACHINE TYPE<\/strong><\/td><td width=\"102\"><strong>COLUMN DISTANCE<\/strong><\/td><\/tr><tr><td width=\"47\">1<\/td><td width=\"104\">PLAST\u0130C ENJECTION<\/td><td width=\"96\">1600<\/td><td width=\"74\">2015<\/td><td width=\"189\">10 Sequencial Runner + 5 Slider + Robot Interface<\/td><td width=\"87\">SERVO<\/td><td width=\"102\">1540X1280<\/td><\/tr><tr><td width=\"47\">2<\/td><td width=\"104\">PLAST\u0130C ENJECTION<\/td><td width=\"96\">1000<\/td><td width=\"74\">2016<\/td><td width=\"189\">8 Sequencial Runner + 4 Slider + Robot Interface<\/td><td width=\"87\">SERVO<\/td><td width=\"102\">1310X1200<\/td><\/tr><tr><td width=\"47\">3<\/td><td width=\"104\">PLAST\u0130C ENJECTION<\/td><td width=\"96\">800<\/td><td width=\"74\">2018<\/td><td width=\"189\">3k Enjection + 8 Sequencial Runner + 2 Slider + Robot Interface<\/td><td width=\"87\">SERVO<\/td><td width=\"102\">1100X960<\/td><\/tr><tr><td width=\"47\">4<\/td><td width=\"104\">PLAST\u0130C ENJECTION<\/td><td width=\"96\">800<\/td><td width=\"74\">2020<\/td><td width=\"189\">2k Enjection + 8 Sequencial Runner + 4 Slider + Robot Interface<\/td><td width=\"87\">SERVO<\/td><td width=\"102\">1100X1100<\/td><\/tr><tr><td width=\"47\">5<\/td><td width=\"104\">PLAST\u0130C ENJECTION<\/td><td width=\"96\">800<\/td><td width=\"74\">2019<\/td><td width=\"189\">8 Sequencial Runner + 2 Slider + Robot Interface<\/td><td width=\"87\">SERVO<\/td><td width=\"102\">1100X960<\/td><\/tr><tr><td width=\"47\">6<\/td><td width=\"104\">PLAST\u0130C ENJECTION<\/td><td width=\"96\">800<\/td><td width=\"74\">2016<\/td><td width=\"189\">8 Sequencial Runner + 2 Slider + Robot Interface<\/td><td width=\"87\">SERVO<\/td><td width=\"102\">1030X1030<\/td><\/tr><tr><td width=\"47\">7<\/td><td width=\"104\">PLAST\u0130C ENJECTION<\/td><td width=\"96\">800<\/td><td width=\"74\">2017<\/td><td width=\"189\"><p>3 Slider + Robot<\/p><p>Interface<\/p><\/td><td width=\"87\">SERVO<\/td><td width=\"102\">1000X1000<\/td><\/tr><tr><td width=\"47\">8<\/td><td width=\"104\">PLAST\u0130C ENJECTION<\/td><td width=\"96\">650<\/td><td width=\"74\">2016<\/td><td width=\"189\"><p>3 Slider + Robot<\/p><p>Interface<\/p><\/td><td width=\"87\">SERVO<\/td><td width=\"102\">930X930<\/td><\/tr><tr><td width=\"47\">9<\/td><td width=\"104\">PLAST\u0130C ENJECTION<\/td><td width=\"96\">650<\/td><td width=\"74\">2017<\/td><td width=\"189\">2k Enjection + 24 Sequencial Runner + 2 Slider + Robot Interface<\/td><td width=\"87\">SERVO<\/td><td width=\"102\">930X930<\/td><\/tr><tr><td width=\"47\">10<\/td><td width=\"104\">PLAST\u0130C ENJECTION<\/td><td width=\"96\">480<\/td><td width=\"74\">2015<\/td><td width=\"189\">2 Slider + Robot Interface<\/td><td width=\"87\">SERVO<\/td><td width=\"102\">810X830<\/td><\/tr><tr><td width=\"47\">11<\/td><td width=\"104\">PLAST\u0130C ENJECTION<\/td><td width=\"96\">480<\/td><td width=\"74\">2017<\/td><td width=\"189\">8 Sequencial Runner + 2 Slider + Robot Interface<\/td><td width=\"87\">SERVO<\/td><td width=\"102\">810X830<\/td><\/tr><tr><td width=\"47\">12<\/td><td width=\"104\">PLAST\u0130C ENJECTION<\/td><td width=\"96\">400<\/td><td width=\"74\">2017<\/td><td width=\"189\">8 Sequencial Runner + 2 Slider + Robot Interface<\/td><td width=\"87\">SERVO<\/td><td width=\"102\">710X760<\/td><\/tr><tr><td width=\"47\">13<\/td><td width=\"104\">PLAST\u0130C ENJECTION<\/td><td width=\"96\">320<\/td><td width=\"74\">2016<\/td><td width=\"189\"><p>2 Slider + Robot<\/p><p>Interface<\/p><\/td><td width=\"87\">SERVO<\/td><td width=\"102\">670X710<\/td><\/tr><tr><td width=\"47\">14<\/td><td width=\"104\">PLAST\u0130C ENJECTION<\/td><td width=\"96\">320<\/td><td width=\"74\">2017<\/td><td width=\"189\">8 Sequencial Runner + 2 Slider + Robot Interface<\/td><td width=\"87\">SERVO<\/td><td width=\"102\">670X710<\/td><\/tr><tr><td width=\"47\">15<\/td><td width=\"104\">PLAST\u0130C ENJECTION<\/td><td width=\"96\">320<\/td><td width=\"74\">2015<\/td><td width=\"189\"><p>2 Slider + Robot<\/p><p>Interface<\/p><\/td><td width=\"87\">SERVO<\/td><td width=\"102\">610X710<\/td><\/tr><tr><td width=\"47\">16<\/td><td width=\"104\">PLAST\u0130C ENJECTION<\/td><td width=\"96\">260<\/td><td width=\"74\">2015<\/td><td width=\"189\">2k Enjection + 2 Slider + Robot Interface<\/td><td width=\"87\">SERVO<\/td><td width=\"102\">580X580<\/td><\/tr><tr><td width=\"47\">17<\/td><td width=\"104\">PLAST\u0130C ENJECTION<\/td><td width=\"96\">260<\/td><td width=\"74\">2015<\/td><td width=\"189\"><p>2 Slider + Robot<\/p><p>Interface<\/p><\/td><td width=\"87\">SERVO<\/td><td width=\"102\">610X570<\/td><\/tr><tr><td width=\"47\">18<\/td><td width=\"104\">PLAST\u0130C ENJECTION<\/td><td width=\"96\">260<\/td><td width=\"74\">2016<\/td><td width=\"189\"><p>2 Slider + Robot<\/p><p>Interface<\/p><\/td><td width=\"87\">SERVO<\/td><td width=\"102\">610X570<\/td><\/tr><tr><td width=\"47\">19<\/td><td width=\"104\">PLAST\u0130C ENJECTION<\/td><td width=\"96\">260<\/td><td width=\"74\">2017<\/td><td width=\"189\"><p>2 Slider + Robot<\/p><p>Interface<\/p><\/td><td width=\"87\">SERVO<\/td><td width=\"102\">610X570<\/td><\/tr><tr><td width=\"47\">20<\/td><td width=\"104\">PLAST\u0130C ENJECTION<\/td><td width=\"96\">200<\/td><td width=\"74\">2017<\/td><td width=\"189\"><p>1 Slider + Robot<\/p><p>Interface<\/p><\/td><td width=\"87\">SERVO<\/td><td width=\"102\">530X530<\/td><\/tr><tr><td width=\"47\">21<\/td><td width=\"104\">PLAST\u0130C ENJECTION<\/td><td width=\"96\">200<\/td><td width=\"74\">2013<\/td><td width=\"189\"><p>2 Slider+ Robot<\/p><p>Interface<\/p><\/td><td width=\"87\">SERVO<\/td><td width=\"102\">530X530<\/td><\/tr><tr><td width=\"47\">22<\/td><td width=\"104\">PLAST\u0130C ENJECTION<\/td><td width=\"96\">120<\/td><td width=\"74\">2017<\/td><td width=\"189\"><p>1 Slider + Robot<\/p><p>Interface<\/p><\/td><td width=\"87\">SERVO<\/td><td width=\"102\">410X410<\/td><\/tr><tr><td width=\"47\">23<\/td><td width=\"104\">PLAST\u0130C ENJECTION<\/td><td width=\"96\">90<\/td><td width=\"74\">2017<\/td><td width=\"189\"><p>1 Slider + Robot<\/p><p>Interface<\/p><\/td><td width=\"87\">SERVO<\/td><td width=\"102\">360X360<\/td><\/tr><\/tbody><\/table>\t\t\t\t\t\t\t\t<\/div>\n\t\t\t\t<\/div>\n\t\t\t\t\t<\/div>\n\t\t<\/div>\n\t\t\t\t\t<\/div>\n\t\t<\/section>\n\t\t\t\t<\/div>\n\t\t","protected":false},"excerpt":{"rendered":"<p>MAK\u0130NE L\u0130STES\u0130 MAK\u0130NE L\u0130STES\u0130 NO MACHINE TYPE CLAMPING FORCE MANIFACTURING YEAR MACHINE SPECIFICATION ROBOT INTERFACE MACHINE TYPE COLUMN DISTANCE 1 PLAST\u0130C ENJECTION 1600 2015 10 Sequencial Runner + 5 Slider + Robot Interface SERVO 1540X1280 2 PLAST\u0130C ENJECTION 1000 2016 8 Sequencial Runner + 4 Slider + Robot Interface SERVO 1310X1200 3 PLAST\u0130C ENJECTION 800 [&hellip;]<\/p>\n","protected":false},"author":1,"featured_media":0,"parent":0,"menu_order":0,"comment_status":"closed","ping_status":"closed","template":"","meta":{"footnotes":""},"class_list":["post-1607","page","type-page","status-publish","hentry"],"_links":{"self":[{"href":"https:\/\/mtnplast.com\/tr\/wp-json\/wp\/v2\/pages\/1607","targetHints":{"allow":["GET"]}}],"collection":[{"href":"https:\/\/mtnplast.com\/tr\/wp-json\/wp\/v2\/pages"}],"about":[{"href":"https:\/\/mtnplast.com\/tr\/wp-json\/wp\/v2\/types\/page"}],"author":[{"embeddable":true,"href":"https:\/\/mtnplast.com\/tr\/wp-json\/wp\/v2\/users\/1"}],"replies":[{"embeddable":true,"href":"https:\/\/mtnplast.com\/tr\/wp-json\/wp\/v2\/comments?post=1607"}],"version-history":[{"count":7,"href":"https:\/\/mtnplast.com\/tr\/wp-json\/wp\/v2\/pages\/1607\/revisions"}],"predecessor-version":[{"id":4680,"href":"https:\/\/mtnplast.com\/tr\/wp-json\/wp\/v2\/pages\/1607\/revisions\/4680"}],"wp:attachment":[{"href":"https:\/\/mtnplast.com\/tr\/wp-json\/wp\/v2\/media?parent=1607"}],"curies":[{"name":"wp","href":"https:\/\/api.w.org\/{rel}","templated":true}]}}