{"id":1612,"date":"2022-01-26T11:41:14","date_gmt":"2022-01-26T08:41:14","guid":{"rendered":"http:\/\/mtnplast.com\/mtn-doing-injection-below-polymers\/"},"modified":"2022-11-29T15:12:20","modified_gmt":"2022-11-29T12:12:20","slug":"mtn-polimerlerin-altina-enjeksiyon-yapiyor","status":"publish","type":"page","link":"https:\/\/mtnplast.com\/tr\/mtn-polimerlerin-altina-enjeksiyon-yapiyor\/","title":{"rendered":"Enjeksiyon yapt\u0131\u011f\u0131m\u0131z polimerler"},"content":{"rendered":"\t\t<div data-elementor-type=\"wp-page\" data-elementor-id=\"1612\" class=\"elementor elementor-1612\">\n\t\t\t\t\t\t<section class=\"elementor-section elementor-top-section elementor-element elementor-element-61f87ccd elementor-section-boxed elementor-section-height-default elementor-section-height-default\" data-id=\"61f87ccd\" data-element_type=\"section\" data-settings=\"{&quot;background_background&quot;:&quot;classic&quot;}\">\n\t\t\t\t\t\t\t<div class=\"elementor-background-overlay\"><\/div>\n\t\t\t\t\t\t\t<div class=\"elementor-container elementor-column-gap-default\">\n\t\t\t\t\t<div class=\"elementor-column elementor-col-100 elementor-top-column elementor-element elementor-element-15d108e2\" data-id=\"15d108e2\" data-element_type=\"column\">\n\t\t\t<div class=\"elementor-widget-wrap elementor-element-populated\">\n\t\t\t\t\t\t<div class=\"elementor-element elementor-element-221d55d2 elementor-invisible elementor-widget elementor-widget-heading\" data-id=\"221d55d2\" data-element_type=\"widget\" data-settings=\"{&quot;_animation&quot;:&quot;fadeInDown&quot;,&quot;_animation_delay&quot;:&quot;100&quot;}\" data-widget_type=\"heading.default\">\n\t\t\t\t<div class=\"elementor-widget-container\">\n\t\t\t\t\t<h1 class=\"elementor-heading-title elementor-size-default\">MTN POL\u0130MERLER\u0130N ALTINA ENJEKS\u0130YON YAPIYOR<\/h1>\t\t\t\t<\/div>\n\t\t\t\t<\/div>\n\t\t\t\t\t<\/div>\n\t\t<\/div>\n\t\t\t\t\t<\/div>\n\t\t<\/section>\n\t\t\t\t<section class=\"elementor-section elementor-top-section elementor-element elementor-element-93600d0 elementor-section-boxed elementor-section-height-default elementor-section-height-default\" data-id=\"93600d0\" data-element_type=\"section\">\n\t\t\t\t\t\t<div class=\"elementor-container elementor-column-gap-default\">\n\t\t\t\t\t<div class=\"elementor-column elementor-col-100 elementor-top-column elementor-element elementor-element-566f3938\" data-id=\"566f3938\" data-element_type=\"column\">\n\t\t\t<div class=\"elementor-widget-wrap elementor-element-populated\">\n\t\t\t\t\t\t<div class=\"elementor-element elementor-element-6b66cc04 elementor-headline--style-highlight elementor-widget elementor-widget-animated-headline\" data-id=\"6b66cc04\" data-element_type=\"widget\" data-settings=\"{&quot;highlighted_text&quot;:&quot;YAPIYOR&quot;,&quot;headline_style&quot;:&quot;highlight&quot;,&quot;marker&quot;:&quot;circle&quot;,&quot;loop&quot;:&quot;yes&quot;,&quot;highlight_animation_duration&quot;:1200,&quot;highlight_iteration_delay&quot;:8000}\" data-widget_type=\"animated-headline.default\">\n\t\t\t\t<div class=\"elementor-widget-container\">\n\t\t\t\t\t\t\t<h3 class=\"elementor-headline\">\n\t\t\t\t\t<span class=\"elementor-headline-plain-text elementor-headline-text-wrapper\">MTN POL\u0130MERLER\u0130N ALTINA ENJEKS\u0130YON <\/span>\n\t\t\t\t<span class=\"elementor-headline-dynamic-wrapper elementor-headline-text-wrapper\">\n\t\t\t\t\t<span class=\"elementor-headline-dynamic-text elementor-headline-text-active\">YAPIYOR<\/span>\n\t\t\t\t<\/span>\n\t\t\t\t<\/h3>\n\t\t\t\t\t\t<\/div>\n\t\t\t\t<\/div>\n\t\t\t\t\t<\/div>\n\t\t<\/div>\n\t\t\t\t\t<\/div>\n\t\t<\/section>\n\t\t\t\t<section class=\"elementor-section elementor-top-section elementor-element elementor-element-a16f368 elementor-section-boxed elementor-section-height-default elementor-section-height-default\" data-id=\"a16f368\" data-element_type=\"section\">\n\t\t\t\t\t\t<div class=\"elementor-container elementor-column-gap-default\">\n\t\t\t\t\t<div class=\"elementor-column elementor-col-100 elementor-top-column elementor-element elementor-element-3429706\" data-id=\"3429706\" data-element_type=\"column\">\n\t\t\t<div class=\"elementor-widget-wrap elementor-element-populated\">\n\t\t\t\t\t\t<div class=\"elementor-element elementor-element-292f117 elementor-widget elementor-widget-image\" data-id=\"292f117\" data-element_type=\"widget\" data-widget_type=\"image.default\">\n\t\t\t\t<div class=\"elementor-widget-container\">\n\t\t\t\t\t\t\t\t\t\t\t\t\t\t\t<img fetchpriority=\"high\" decoding=\"async\" width=\"1366\" height=\"790\" src=\"https:\/\/mtnplast.com\/wp-content\/uploads\/2022\/02\/WhatsApp-Image-2022-02-09-at-11.jpg\" class=\"attachment-full size-full wp-image-1085\" alt=\"\" srcset=\"https:\/\/mtnplast.com\/wp-content\/uploads\/2022\/02\/WhatsApp-Image-2022-02-09-at-11.jpg 1366w, https:\/\/mtnplast.com\/wp-content\/uploads\/2022\/02\/WhatsApp-Image-2022-02-09-at-11-300x173.jpg 300w, https:\/\/mtnplast.com\/wp-content\/uploads\/2022\/02\/WhatsApp-Image-2022-02-09-at-11-1024x592.jpg 1024w, https:\/\/mtnplast.com\/wp-content\/uploads\/2022\/02\/WhatsApp-Image-2022-02-09-at-11-768x444.jpg 768w\" sizes=\"(max-width: 1366px) 100vw, 1366px\" \/>\t\t\t\t\t\t\t\t\t\t\t\t\t\t\t<\/div>\n\t\t\t\t<\/div>\n\t\t\t\t\t<\/div>\n\t\t<\/div>\n\t\t\t\t\t<\/div>\n\t\t<\/section>\n\t\t\t\t<\/div>\n\t\t","protected":false},"excerpt":{"rendered":"<p>MTN POL\u0130MERLER\u0130N ALTINA ENJEKS\u0130YON YAPIYOR MTN POL\u0130MERLER\u0130N ALTINA ENJEKS\u0130YON YAPIYOR<\/p>\n","protected":false},"author":1,"featured_media":0,"parent":0,"menu_order":0,"comment_status":"closed","ping_status":"closed","template":"","meta":{"footnotes":""},"class_list":["post-1612","page","type-page","status-publish","hentry"],"_links":{"self":[{"href":"https:\/\/mtnplast.com\/tr\/wp-json\/wp\/v2\/pages\/1612","targetHints":{"allow":["GET"]}}],"collection":[{"href":"https:\/\/mtnplast.com\/tr\/wp-json\/wp\/v2\/pages"}],"about":[{"href":"https:\/\/mtnplast.com\/tr\/wp-json\/wp\/v2\/types\/page"}],"author":[{"embeddable":true,"href":"https:\/\/mtnplast.com\/tr\/wp-json\/wp\/v2\/users\/1"}],"replies":[{"embeddable":true,"href":"https:\/\/mtnplast.com\/tr\/wp-json\/wp\/v2\/comments?post=1612"}],"version-history":[{"count":8,"href":"https:\/\/mtnplast.com\/tr\/wp-json\/wp\/v2\/pages\/1612\/revisions"}],"predecessor-version":[{"id":4665,"href":"https:\/\/mtnplast.com\/tr\/wp-json\/wp\/v2\/pages\/1612\/revisions\/4665"}],"wp:attachment":[{"href":"https:\/\/mtnplast.com\/tr\/wp-json\/wp\/v2\/media?parent=1612"}],"curies":[{"name":"wp","href":"https:\/\/api.w.org\/{rel}","templated":true}]}}