{"id":1622,"date":"2022-01-26T11:51:31","date_gmt":"2022-01-26T08:51:31","guid":{"rendered":"http:\/\/mtnplast.com\/2-k-injection\/"},"modified":"2022-03-09T12:18:07","modified_gmt":"2022-03-09T09:18:07","slug":"2-k-enjeksiyon","status":"publish","type":"page","link":"https:\/\/mtnplast.com\/tr\/2-k-enjeksiyon\/","title":{"rendered":"2 K Enjeksiyon"},"content":{"rendered":"\t\t<div data-elementor-type=\"wp-page\" data-elementor-id=\"1622\" class=\"elementor elementor-1622\">\n\t\t\t\t\t\t<section class=\"elementor-section elementor-top-section elementor-element elementor-element-671fe15b elementor-section-boxed elementor-section-height-default elementor-section-height-default\" data-id=\"671fe15b\" data-element_type=\"section\" data-settings=\"{&quot;background_background&quot;:&quot;classic&quot;}\">\n\t\t\t\t\t\t\t<div class=\"elementor-background-overlay\"><\/div>\n\t\t\t\t\t\t\t<div class=\"elementor-container elementor-column-gap-default\">\n\t\t\t\t\t<div class=\"elementor-column elementor-col-100 elementor-top-column elementor-element elementor-element-51a7d26\" data-id=\"51a7d26\" data-element_type=\"column\">\n\t\t\t<div class=\"elementor-widget-wrap elementor-element-populated\">\n\t\t\t\t\t\t<div class=\"elementor-element elementor-element-aab3bbc elementor-invisible elementor-widget elementor-widget-heading\" data-id=\"aab3bbc\" data-element_type=\"widget\" data-settings=\"{&quot;_animation&quot;:&quot;fadeInDown&quot;,&quot;_animation_delay&quot;:&quot;100&quot;}\" data-widget_type=\"heading.default\">\n\t\t\t\t<div class=\"elementor-widget-container\">\n\t\t\t\t\t<h1 class=\"elementor-heading-title elementor-size-default\">2 K Enjeksiyon<\/h1>\t\t\t\t<\/div>\n\t\t\t\t<\/div>\n\t\t\t\t\t<\/div>\n\t\t<\/div>\n\t\t\t\t\t<\/div>\n\t\t<\/section>\n\t\t\t\t<section class=\"elementor-section elementor-top-section elementor-element elementor-element-15257ac2 elementor-section-boxed elementor-section-height-default elementor-section-height-default\" data-id=\"15257ac2\" data-element_type=\"section\">\n\t\t\t\t\t\t<div class=\"elementor-container elementor-column-gap-default\">\n\t\t\t\t\t<div class=\"elementor-column elementor-col-100 elementor-top-column elementor-element elementor-element-6de5ae12\" data-id=\"6de5ae12\" data-element_type=\"column\">\n\t\t\t<div class=\"elementor-widget-wrap elementor-element-populated\">\n\t\t\t\t\t\t<div class=\"elementor-element elementor-element-470f8935 elementor-headline--style-highlight elementor-widget elementor-widget-animated-headline\" data-id=\"470f8935\" data-element_type=\"widget\" data-settings=\"{&quot;highlighted_text&quot;:&quot;Enjeksiyon&quot;,&quot;headline_style&quot;:&quot;highlight&quot;,&quot;marker&quot;:&quot;circle&quot;,&quot;loop&quot;:&quot;yes&quot;,&quot;highlight_animation_duration&quot;:1200,&quot;highlight_iteration_delay&quot;:8000}\" data-widget_type=\"animated-headline.default\">\n\t\t\t\t<div class=\"elementor-widget-container\">\n\t\t\t\t\t\t\t<h3 class=\"elementor-headline\">\n\t\t\t\t\t<span class=\"elementor-headline-plain-text elementor-headline-text-wrapper\">2 K <\/span>\n\t\t\t\t<span class=\"elementor-headline-dynamic-wrapper elementor-headline-text-wrapper\">\n\t\t\t\t\t<span class=\"elementor-headline-dynamic-text elementor-headline-text-active\">Enjeksiyon<\/span>\n\t\t\t\t<\/span>\n\t\t\t\t<\/h3>\n\t\t\t\t\t\t<\/div>\n\t\t\t\t<\/div>\n\t\t\t\t<div class=\"elementor-element elementor-element-6b2ef5d elementor-widget elementor-widget-text-editor\" data-id=\"6b2ef5d\" data-element_type=\"widget\" data-widget_type=\"text-editor.default\">\n\t\t\t\t<div class=\"elementor-widget-container\">\n\t\t\t\t\t\t\t\t\t<div style=\"text-align: center;\">MTN, 2K harici enjeksiyon \u00fcnitesine yat\u0131r\u0131m yapt\u0131.<br \/>2K-3K enjeksiyon yapabilen MTN kendi patentli yolu ile esnekli\u011fe sahiptir.<\/div>\t\t\t\t\t\t\t\t<\/div>\n\t\t\t\t<\/div>\n\t\t\t\t\t<\/div>\n\t\t<\/div>\n\t\t\t\t\t<\/div>\n\t\t<\/section>\n\t\t\t\t<section class=\"elementor-section elementor-top-section elementor-element elementor-element-6d5ff71 elementor-section-boxed elementor-section-height-default elementor-section-height-default\" data-id=\"6d5ff71\" data-element_type=\"section\">\n\t\t\t\t\t\t<div class=\"elementor-container elementor-column-gap-default\">\n\t\t\t\t\t<div class=\"elementor-column elementor-col-50 elementor-top-column elementor-element elementor-element-081c4b9\" data-id=\"081c4b9\" data-element_type=\"column\">\n\t\t\t<div class=\"elementor-widget-wrap elementor-element-populated\">\n\t\t\t\t\t\t<div class=\"elementor-element elementor-element-f3a0ad4 elementor-widget elementor-widget-image\" data-id=\"f3a0ad4\" data-element_type=\"widget\" data-widget_type=\"image.default\">\n\t\t\t\t<div class=\"elementor-widget-container\">\n\t\t\t\t\t\t\t\t\t\t\t\t\t\t\t<img fetchpriority=\"high\" decoding=\"async\" width=\"771\" height=\"1024\" src=\"https:\/\/mtnplast.com\/wp-content\/uploads\/2022\/02\/viesman1-771x1024.jpg\" class=\"attachment-large size-large wp-image-1020\" alt=\"\" srcset=\"https:\/\/mtnplast.com\/wp-content\/uploads\/2022\/02\/viesman1-771x1024.jpg 771w, https:\/\/mtnplast.com\/wp-content\/uploads\/2022\/02\/viesman1-226x300.jpg 226w, https:\/\/mtnplast.com\/wp-content\/uploads\/2022\/02\/viesman1-768x1020.jpg 768w, https:\/\/mtnplast.com\/wp-content\/uploads\/2022\/02\/viesman1-1157x1536.jpg 1157w, https:\/\/mtnplast.com\/wp-content\/uploads\/2022\/02\/viesman1-1542x2048.jpg 1542w, https:\/\/mtnplast.com\/wp-content\/uploads\/2022\/02\/viesman1-scaled.jpg 1928w\" sizes=\"(max-width: 771px) 100vw, 771px\" \/>\t\t\t\t\t\t\t\t\t\t\t\t\t\t\t<\/div>\n\t\t\t\t<\/div>\n\t\t\t\t\t<\/div>\n\t\t<\/div>\n\t\t\t\t<div class=\"elementor-column elementor-col-50 elementor-top-column elementor-element elementor-element-c096334\" data-id=\"c096334\" data-element_type=\"column\">\n\t\t\t<div class=\"elementor-widget-wrap elementor-element-populated\">\n\t\t\t\t\t\t<div class=\"elementor-element elementor-element-c0a3b0c elementor-widget elementor-widget-image\" data-id=\"c0a3b0c\" data-element_type=\"widget\" data-widget_type=\"image.default\">\n\t\t\t\t<div class=\"elementor-widget-container\">\n\t\t\t\t\t\t\t\t\t\t\t\t\t\t\t<img decoding=\"async\" width=\"800\" height=\"817\" src=\"https:\/\/mtnplast.com\/wp-content\/uploads\/2022\/02\/viesman2-1003x1024.jpg\" class=\"attachment-large size-large wp-image-1019\" alt=\"\" srcset=\"https:\/\/mtnplast.com\/wp-content\/uploads\/2022\/02\/viesman2-1003x1024.jpg 1003w, https:\/\/mtnplast.com\/wp-content\/uploads\/2022\/02\/viesman2-294x300.jpg 294w, https:\/\/mtnplast.com\/wp-content\/uploads\/2022\/02\/viesman2-768x784.jpg 768w, https:\/\/mtnplast.com\/wp-content\/uploads\/2022\/02\/viesman2-1505x1536.jpg 1505w, https:\/\/mtnplast.com\/wp-content\/uploads\/2022\/02\/viesman2-2006x2048.jpg 2006w\" sizes=\"(max-width: 800px) 100vw, 800px\" \/>\t\t\t\t\t\t\t\t\t\t\t\t\t\t\t<\/div>\n\t\t\t\t<\/div>\n\t\t\t\t\t<\/div>\n\t\t<\/div>\n\t\t\t\t\t<\/div>\n\t\t<\/section>\n\t\t\t\t<\/div>\n\t\t","protected":false},"excerpt":{"rendered":"<p>2 K Enjeksiyon 2 K Enjeksiyon MTN, 2K harici enjeksiyon \u00fcnitesine yat\u0131r\u0131m yapt\u0131.2K-3K enjeksiyon yapabilen MTN kendi patentli yolu ile esnekli\u011fe sahiptir.<\/p>\n","protected":false},"author":1,"featured_media":0,"parent":0,"menu_order":0,"comment_status":"closed","ping_status":"closed","template":"","meta":{"footnotes":""},"class_list":["post-1622","page","type-page","status-publish","hentry"],"_links":{"self":[{"href":"https:\/\/mtnplast.com\/tr\/wp-json\/wp\/v2\/pages\/1622","targetHints":{"allow":["GET"]}}],"collection":[{"href":"https:\/\/mtnplast.com\/tr\/wp-json\/wp\/v2\/pages"}],"about":[{"href":"https:\/\/mtnplast.com\/tr\/wp-json\/wp\/v2\/types\/page"}],"author":[{"embeddable":true,"href":"https:\/\/mtnplast.com\/tr\/wp-json\/wp\/v2\/users\/1"}],"replies":[{"embeddable":true,"href":"https:\/\/mtnplast.com\/tr\/wp-json\/wp\/v2\/comments?post=1622"}],"version-history":[{"count":4,"href":"https:\/\/mtnplast.com\/tr\/wp-json\/wp\/v2\/pages\/1622\/revisions"}],"predecessor-version":[{"id":1626,"href":"https:\/\/mtnplast.com\/tr\/wp-json\/wp\/v2\/pages\/1622\/revisions\/1626"}],"wp:attachment":[{"href":"https:\/\/mtnplast.com\/tr\/wp-json\/wp\/v2\/media?parent=1622"}],"curies":[{"name":"wp","href":"https:\/\/api.w.org\/{rel}","templated":true}]}}