{"id":1638,"date":"2022-01-26T12:20:23","date_gmt":"2022-01-26T09:20:23","guid":{"rendered":"http:\/\/mtnplast.com\/pictures-from-production-department\/"},"modified":"2022-11-29T15:31:39","modified_gmt":"2022-11-29T12:31:39","slug":"uretim-departmanindan-fotograflar","status":"publish","type":"page","link":"https:\/\/mtnplast.com\/tr\/uretim-departmanindan-fotograflar\/","title":{"rendered":"\u00dcretim Departman\u0131ndan Foto\u011fraflar"},"content":{"rendered":"\t\t<div data-elementor-type=\"wp-page\" data-elementor-id=\"1638\" class=\"elementor elementor-1638\">\n\t\t\t\t\t\t<section class=\"elementor-section elementor-top-section elementor-element elementor-element-3cf27dd5 elementor-section-boxed elementor-section-height-default elementor-section-height-default\" data-id=\"3cf27dd5\" data-element_type=\"section\" data-settings=\"{&quot;background_background&quot;:&quot;classic&quot;}\">\n\t\t\t\t\t\t\t<div class=\"elementor-background-overlay\"><\/div>\n\t\t\t\t\t\t\t<div class=\"elementor-container elementor-column-gap-default\">\n\t\t\t\t\t<div class=\"elementor-column elementor-col-100 elementor-top-column elementor-element elementor-element-29fe0c03\" data-id=\"29fe0c03\" data-element_type=\"column\">\n\t\t\t<div class=\"elementor-widget-wrap elementor-element-populated\">\n\t\t\t\t\t\t<div class=\"elementor-element elementor-element-417e3f0c elementor-invisible elementor-widget elementor-widget-heading\" data-id=\"417e3f0c\" data-element_type=\"widget\" data-settings=\"{&quot;_animation&quot;:&quot;fadeInDown&quot;,&quot;_animation_delay&quot;:&quot;100&quot;}\" data-widget_type=\"heading.default\">\n\t\t\t\t<div class=\"elementor-widget-container\">\n\t\t\t\t\t<h1 class=\"elementor-heading-title elementor-size-default\">\u00dcRET\u0130M B\u00d6L\u00dcM\u00dcNDEN FOTO\u011eRAFLAR<\/h1>\t\t\t\t<\/div>\n\t\t\t\t<\/div>\n\t\t\t\t\t<\/div>\n\t\t<\/div>\n\t\t\t\t\t<\/div>\n\t\t<\/section>\n\t\t\t\t<section class=\"elementor-section elementor-top-section elementor-element elementor-element-4078203b elementor-section-boxed elementor-section-height-default elementor-section-height-default\" data-id=\"4078203b\" data-element_type=\"section\">\n\t\t\t\t\t\t<div class=\"elementor-container elementor-column-gap-default\">\n\t\t\t\t\t<div class=\"elementor-column elementor-col-100 elementor-top-column elementor-element elementor-element-296f9def\" data-id=\"296f9def\" data-element_type=\"column\">\n\t\t\t<div class=\"elementor-widget-wrap elementor-element-populated\">\n\t\t\t\t\t\t<div class=\"elementor-element elementor-element-76c4ccab elementor-headline--style-highlight elementor-widget elementor-widget-animated-headline\" data-id=\"76c4ccab\" data-element_type=\"widget\" data-settings=\"{&quot;highlighted_text&quot;:&quot;FOTO\\u011eRAFLAR&quot;,&quot;headline_style&quot;:&quot;highlight&quot;,&quot;marker&quot;:&quot;circle&quot;,&quot;loop&quot;:&quot;yes&quot;,&quot;highlight_animation_duration&quot;:1200,&quot;highlight_iteration_delay&quot;:8000}\" data-widget_type=\"animated-headline.default\">\n\t\t\t\t<div class=\"elementor-widget-container\">\n\t\t\t\t\t\t\t<h3 class=\"elementor-headline\">\n\t\t\t\t\t<span class=\"elementor-headline-plain-text elementor-headline-text-wrapper\">\u00dcRET\u0130M B\u00d6L\u00dcM\u00dcNDEN <\/span>\n\t\t\t\t<span class=\"elementor-headline-dynamic-wrapper elementor-headline-text-wrapper\">\n\t\t\t\t\t<span class=\"elementor-headline-dynamic-text elementor-headline-text-active\">FOTO\u011eRAFLAR<\/span>\n\t\t\t\t<\/span>\n\t\t\t\t<\/h3>\n\t\t\t\t\t\t<\/div>\n\t\t\t\t<\/div>\n\t\t\t\t\t<\/div>\n\t\t<\/div>\n\t\t\t\t\t<\/div>\n\t\t<\/section>\n\t\t\t\t<section class=\"elementor-section elementor-top-section elementor-element elementor-element-4c208b8 elementor-section-boxed elementor-section-height-default elementor-section-height-default\" data-id=\"4c208b8\" data-element_type=\"section\">\n\t\t\t\t\t\t<div class=\"elementor-container elementor-column-gap-default\">\n\t\t\t\t\t<div class=\"elementor-column elementor-col-33 elementor-top-column elementor-element elementor-element-28fae85\" data-id=\"28fae85\" data-element_type=\"column\">\n\t\t\t<div class=\"elementor-widget-wrap elementor-element-populated\">\n\t\t\t\t\t\t<div class=\"elementor-element elementor-element-40e1e5a elementor-widget elementor-widget-image\" data-id=\"40e1e5a\" data-element_type=\"widget\" data-widget_type=\"image.default\">\n\t\t\t\t<div class=\"elementor-widget-container\">\n\t\t\t\t\t\t\t\t\t\t\t\t\t\t\t<img fetchpriority=\"high\" decoding=\"async\" width=\"800\" height=\"450\" src=\"https:\/\/mtnplast.com\/wp-content\/uploads\/2022\/11\/DJI_0177-1024x576.jpg\" class=\"attachment-large size-large wp-image-4682\" alt=\"\" srcset=\"https:\/\/mtnplast.com\/wp-content\/uploads\/2022\/11\/DJI_0177-1024x576.jpg 1024w, https:\/\/mtnplast.com\/wp-content\/uploads\/2022\/11\/DJI_0177-300x169.jpg 300w, https:\/\/mtnplast.com\/wp-content\/uploads\/2022\/11\/DJI_0177-768x432.jpg 768w, https:\/\/mtnplast.com\/wp-content\/uploads\/2022\/11\/DJI_0177-1536x864.jpg 1536w, https:\/\/mtnplast.com\/wp-content\/uploads\/2022\/11\/DJI_0177-2048x1152.jpg 2048w\" sizes=\"(max-width: 800px) 100vw, 800px\" \/>\t\t\t\t\t\t\t\t\t\t\t\t\t\t\t<\/div>\n\t\t\t\t<\/div>\n\t\t\t\t\t<\/div>\n\t\t<\/div>\n\t\t\t\t<div class=\"elementor-column elementor-col-33 elementor-top-column elementor-element elementor-element-a42200a\" data-id=\"a42200a\" data-element_type=\"column\">\n\t\t\t<div class=\"elementor-widget-wrap elementor-element-populated\">\n\t\t\t\t\t\t<div class=\"elementor-element elementor-element-3bfa453 elementor-widget elementor-widget-image\" data-id=\"3bfa453\" data-element_type=\"widget\" data-widget_type=\"image.default\">\n\t\t\t\t<div class=\"elementor-widget-container\">\n\t\t\t\t\t\t\t\t\t\t\t\t\t\t\t<img decoding=\"async\" width=\"800\" height=\"534\" src=\"https:\/\/mtnplast.com\/wp-content\/uploads\/2022\/11\/R1A1101-1024x683.jpg\" class=\"attachment-large size-large wp-image-4685\" alt=\"\" srcset=\"https:\/\/mtnplast.com\/wp-content\/uploads\/2022\/11\/R1A1101-1024x683.jpg 1024w, https:\/\/mtnplast.com\/wp-content\/uploads\/2022\/11\/R1A1101-300x200.jpg 300w, https:\/\/mtnplast.com\/wp-content\/uploads\/2022\/11\/R1A1101-768x512.jpg 768w, https:\/\/mtnplast.com\/wp-content\/uploads\/2022\/11\/R1A1101-1536x1024.jpg 1536w, https:\/\/mtnplast.com\/wp-content\/uploads\/2022\/11\/R1A1101-2048x1365.jpg 2048w\" sizes=\"(max-width: 800px) 100vw, 800px\" \/>\t\t\t\t\t\t\t\t\t\t\t\t\t\t\t<\/div>\n\t\t\t\t<\/div>\n\t\t\t\t\t<\/div>\n\t\t<\/div>\n\t\t\t\t<div class=\"elementor-column elementor-col-33 elementor-top-column elementor-element elementor-element-a269a96\" data-id=\"a269a96\" data-element_type=\"column\">\n\t\t\t<div class=\"elementor-widget-wrap elementor-element-populated\">\n\t\t\t\t\t\t<div class=\"elementor-element elementor-element-332c343 elementor-widget elementor-widget-image\" data-id=\"332c343\" data-element_type=\"widget\" data-widget_type=\"image.default\">\n\t\t\t\t<div class=\"elementor-widget-container\">\n\t\t\t\t\t\t\t\t\t\t\t\t\t\t\t<img decoding=\"async\" width=\"1536\" height=\"1024\" src=\"https:\/\/mtnplast.com\/wp-content\/uploads\/2022\/11\/R1A0890-1536x1024.jpg\" class=\"attachment-1536x1536 size-1536x1536 wp-image-4691\" alt=\"\" srcset=\"https:\/\/mtnplast.com\/wp-content\/uploads\/2022\/11\/R1A0890-1536x1024.jpg 1536w, https:\/\/mtnplast.com\/wp-content\/uploads\/2022\/11\/R1A0890-300x200.jpg 300w, https:\/\/mtnplast.com\/wp-content\/uploads\/2022\/11\/R1A0890-1024x683.jpg 1024w, https:\/\/mtnplast.com\/wp-content\/uploads\/2022\/11\/R1A0890-768x512.jpg 768w, https:\/\/mtnplast.com\/wp-content\/uploads\/2022\/11\/R1A0890-2048x1365.jpg 2048w\" sizes=\"(max-width: 1536px) 100vw, 1536px\" \/>\t\t\t\t\t\t\t\t\t\t\t\t\t\t\t<\/div>\n\t\t\t\t<\/div>\n\t\t\t\t\t<\/div>\n\t\t<\/div>\n\t\t\t\t\t<\/div>\n\t\t<\/section>\n\t\t\t\t<\/div>\n\t\t","protected":false},"excerpt":{"rendered":"<p>\u00dcRET\u0130M B\u00d6L\u00dcM\u00dcNDEN FOTO\u011eRAFLAR \u00dcRET\u0130M B\u00d6L\u00dcM\u00dcNDEN FOTO\u011eRAFLAR<\/p>\n","protected":false},"author":1,"featured_media":0,"parent":0,"menu_order":0,"comment_status":"closed","ping_status":"closed","template":"","meta":{"footnotes":""},"class_list":["post-1638","page","type-page","status-publish","hentry"],"_links":{"self":[{"href":"https:\/\/mtnplast.com\/tr\/wp-json\/wp\/v2\/pages\/1638","targetHints":{"allow":["GET"]}}],"collection":[{"href":"https:\/\/mtnplast.com\/tr\/wp-json\/wp\/v2\/pages"}],"about":[{"href":"https:\/\/mtnplast.com\/tr\/wp-json\/wp\/v2\/types\/page"}],"author":[{"embeddable":true,"href":"https:\/\/mtnplast.com\/tr\/wp-json\/wp\/v2\/users\/1"}],"replies":[{"embeddable":true,"href":"https:\/\/mtnplast.com\/tr\/wp-json\/wp\/v2\/comments?post=1638"}],"version-history":[{"count":7,"href":"https:\/\/mtnplast.com\/tr\/wp-json\/wp\/v2\/pages\/1638\/revisions"}],"predecessor-version":[{"id":4696,"href":"https:\/\/mtnplast.com\/tr\/wp-json\/wp\/v2\/pages\/1638\/revisions\/4696"}],"wp:attachment":[{"href":"https:\/\/mtnplast.com\/tr\/wp-json\/wp\/v2\/media?parent=1638"}],"curies":[{"name":"wp","href":"https:\/\/api.w.org\/{rel}","templated":true}]}}