{"id":1643,"date":"2022-01-26T12:18:02","date_gmt":"2022-01-26T09:18:02","guid":{"rendered":"http:\/\/mtnplast.com\/quality-control-equipment\/"},"modified":"2022-11-29T15:17:15","modified_gmt":"2022-11-29T12:17:15","slug":"kalite-kontrol-ekipmanlari","status":"publish","type":"page","link":"https:\/\/mtnplast.com\/tr\/kalite-kontrol-ekipmanlari\/","title":{"rendered":"Kalite Kontrol Ekipmanlar\u0131"},"content":{"rendered":"\t\t<div data-elementor-type=\"wp-page\" data-elementor-id=\"1643\" class=\"elementor elementor-1643\">\n\t\t\t\t\t\t<section class=\"elementor-section elementor-top-section elementor-element elementor-element-2fdd86cc elementor-section-boxed elementor-section-height-default elementor-section-height-default\" data-id=\"2fdd86cc\" data-element_type=\"section\" data-settings=\"{&quot;background_background&quot;:&quot;classic&quot;}\">\n\t\t\t\t\t\t\t<div class=\"elementor-background-overlay\"><\/div>\n\t\t\t\t\t\t\t<div class=\"elementor-container elementor-column-gap-default\">\n\t\t\t\t\t<div class=\"elementor-column elementor-col-100 elementor-top-column elementor-element elementor-element-534b10d1\" data-id=\"534b10d1\" data-element_type=\"column\">\n\t\t\t<div class=\"elementor-widget-wrap elementor-element-populated\">\n\t\t\t\t\t\t<div class=\"elementor-element elementor-element-9933519 elementor-invisible elementor-widget elementor-widget-heading\" data-id=\"9933519\" data-element_type=\"widget\" data-settings=\"{&quot;_animation&quot;:&quot;fadeInDown&quot;,&quot;_animation_delay&quot;:&quot;100&quot;}\" data-widget_type=\"heading.default\">\n\t\t\t\t<div class=\"elementor-widget-container\">\n\t\t\t\t\t<h1 class=\"elementor-heading-title elementor-size-default\">KAL\u0130TE KONTROL EK\u0130PMANLARI<\/h1>\t\t\t\t<\/div>\n\t\t\t\t<\/div>\n\t\t\t\t\t<\/div>\n\t\t<\/div>\n\t\t\t\t\t<\/div>\n\t\t<\/section>\n\t\t\t\t<section class=\"elementor-section elementor-top-section elementor-element elementor-element-67c2a4c4 elementor-section-boxed elementor-section-height-default elementor-section-height-default\" data-id=\"67c2a4c4\" data-element_type=\"section\">\n\t\t\t\t\t\t<div class=\"elementor-container elementor-column-gap-default\">\n\t\t\t\t\t<div class=\"elementor-column elementor-col-100 elementor-top-column elementor-element elementor-element-3dea76d7\" data-id=\"3dea76d7\" data-element_type=\"column\">\n\t\t\t<div class=\"elementor-widget-wrap elementor-element-populated\">\n\t\t\t\t\t\t<div class=\"elementor-element elementor-element-7b810f3b elementor-headline--style-highlight elementor-widget elementor-widget-animated-headline\" data-id=\"7b810f3b\" data-element_type=\"widget\" data-settings=\"{&quot;highlighted_text&quot;:&quot;EK\\u0130PMANLARI&quot;,&quot;headline_style&quot;:&quot;highlight&quot;,&quot;marker&quot;:&quot;circle&quot;,&quot;loop&quot;:&quot;yes&quot;,&quot;highlight_animation_duration&quot;:1200,&quot;highlight_iteration_delay&quot;:8000}\" data-widget_type=\"animated-headline.default\">\n\t\t\t\t<div class=\"elementor-widget-container\">\n\t\t\t\t\t\t\t<h3 class=\"elementor-headline\">\n\t\t\t\t\t<span class=\"elementor-headline-plain-text elementor-headline-text-wrapper\">KAL\u0130TE KONTROL<\/span>\n\t\t\t\t<span class=\"elementor-headline-dynamic-wrapper elementor-headline-text-wrapper\">\n\t\t\t\t\t<span class=\"elementor-headline-dynamic-text elementor-headline-text-active\">EK\u0130PMANLARI<\/span>\n\t\t\t\t<\/span>\n\t\t\t\t<\/h3>\n\t\t\t\t\t\t<\/div>\n\t\t\t\t<\/div>\n\t\t\t\t\t<\/div>\n\t\t<\/div>\n\t\t\t\t\t<\/div>\n\t\t<\/section>\n\t\t\t\t<section class=\"elementor-section elementor-top-section elementor-element elementor-element-c33894c elementor-section-boxed elementor-section-height-default elementor-section-height-default\" data-id=\"c33894c\" data-element_type=\"section\">\n\t\t\t\t\t\t<div class=\"elementor-container elementor-column-gap-default\">\n\t\t\t\t\t<div class=\"elementor-column elementor-col-50 elementor-top-column elementor-element elementor-element-7a869e3\" data-id=\"7a869e3\" data-element_type=\"column\">\n\t\t\t<div class=\"elementor-widget-wrap elementor-element-populated\">\n\t\t\t\t\t\t<div class=\"elementor-element elementor-element-e7c418a elementor-widget elementor-widget-image\" data-id=\"e7c418a\" data-element_type=\"widget\" data-widget_type=\"image.default\">\n\t\t\t\t<div class=\"elementor-widget-container\">\n\t\t\t\t\t\t\t\t\t\t\t\t\t\t\t<img fetchpriority=\"high\" decoding=\"async\" width=\"800\" height=\"534\" src=\"https:\/\/mtnplast.com\/wp-content\/uploads\/2022\/02\/R1A1192-1024x683.jpg\" class=\"attachment-large size-large wp-image-992\" alt=\"\" srcset=\"https:\/\/mtnplast.com\/wp-content\/uploads\/2022\/02\/R1A1192-1024x683.jpg 1024w, https:\/\/mtnplast.com\/wp-content\/uploads\/2022\/02\/R1A1192-300x200.jpg 300w, https:\/\/mtnplast.com\/wp-content\/uploads\/2022\/02\/R1A1192-768x512.jpg 768w, https:\/\/mtnplast.com\/wp-content\/uploads\/2022\/02\/R1A1192-1536x1024.jpg 1536w, https:\/\/mtnplast.com\/wp-content\/uploads\/2022\/02\/R1A1192-2048x1365.jpg 2048w\" sizes=\"(max-width: 800px) 100vw, 800px\" \/>\t\t\t\t\t\t\t\t\t\t\t\t\t\t\t<\/div>\n\t\t\t\t<\/div>\n\t\t\t\t\t<\/div>\n\t\t<\/div>\n\t\t\t\t<div class=\"elementor-column elementor-col-50 elementor-top-column elementor-element elementor-element-d9c6bd3\" data-id=\"d9c6bd3\" data-element_type=\"column\">\n\t\t\t<div class=\"elementor-widget-wrap elementor-element-populated\">\n\t\t\t\t\t\t<div class=\"elementor-element elementor-element-3418063 elementor-widget elementor-widget-image\" data-id=\"3418063\" data-element_type=\"widget\" data-widget_type=\"image.default\">\n\t\t\t\t<div class=\"elementor-widget-container\">\n\t\t\t\t\t\t\t\t\t\t\t\t\t\t\t<img decoding=\"async\" width=\"800\" height=\"534\" src=\"https:\/\/mtnplast.com\/wp-content\/uploads\/2022\/02\/R1A1176-1024x683.jpg\" class=\"attachment-large size-large wp-image-1006\" alt=\"\" srcset=\"https:\/\/mtnplast.com\/wp-content\/uploads\/2022\/02\/R1A1176-1024x683.jpg 1024w, https:\/\/mtnplast.com\/wp-content\/uploads\/2022\/02\/R1A1176-300x200.jpg 300w, https:\/\/mtnplast.com\/wp-content\/uploads\/2022\/02\/R1A1176-768x512.jpg 768w, https:\/\/mtnplast.com\/wp-content\/uploads\/2022\/02\/R1A1176-1536x1024.jpg 1536w, https:\/\/mtnplast.com\/wp-content\/uploads\/2022\/02\/R1A1176-2048x1365.jpg 2048w\" sizes=\"(max-width: 800px) 100vw, 800px\" \/>\t\t\t\t\t\t\t\t\t\t\t\t\t\t\t<\/div>\n\t\t\t\t<\/div>\n\t\t\t\t\t<\/div>\n\t\t<\/div>\n\t\t\t\t\t<\/div>\n\t\t<\/section>\n\t\t\t\t<section class=\"elementor-section elementor-top-section elementor-element elementor-element-e554bb7 elementor-section-boxed elementor-section-height-default elementor-section-height-default\" data-id=\"e554bb7\" data-element_type=\"section\">\n\t\t\t\t\t\t<div class=\"elementor-container elementor-column-gap-default\">\n\t\t\t\t\t<div class=\"elementor-column elementor-col-50 elementor-top-column elementor-element elementor-element-3b0ec33\" data-id=\"3b0ec33\" data-element_type=\"column\">\n\t\t\t<div class=\"elementor-widget-wrap elementor-element-populated\">\n\t\t\t\t\t\t<div class=\"elementor-element elementor-element-8f9eb0a elementor-widget elementor-widget-image\" data-id=\"8f9eb0a\" data-element_type=\"widget\" data-widget_type=\"image.default\">\n\t\t\t\t<div class=\"elementor-widget-container\">\n\t\t\t\t\t\t\t\t\t\t\t\t\t\t\t<img decoding=\"async\" width=\"800\" height=\"489\" src=\"https:\/\/mtnplast.com\/wp-content\/uploads\/2022\/02\/CMM-Device-with-Laser-Scanning.jpg\" class=\"attachment-large size-large wp-image-993\" alt=\"\" srcset=\"https:\/\/mtnplast.com\/wp-content\/uploads\/2022\/02\/CMM-Device-with-Laser-Scanning.jpg 900w, https:\/\/mtnplast.com\/wp-content\/uploads\/2022\/02\/CMM-Device-with-Laser-Scanning-300x183.jpg 300w, https:\/\/mtnplast.com\/wp-content\/uploads\/2022\/02\/CMM-Device-with-Laser-Scanning-768x469.jpg 768w\" sizes=\"(max-width: 800px) 100vw, 800px\" \/>\t\t\t\t\t\t\t\t\t\t\t\t\t\t\t<\/div>\n\t\t\t\t<\/div>\n\t\t\t\t<div class=\"elementor-element elementor-element-073672d elementor-widget elementor-widget-heading\" data-id=\"073672d\" data-element_type=\"widget\" data-widget_type=\"heading.default\">\n\t\t\t\t<div class=\"elementor-widget-container\">\n\t\t\t\t\t<h2 class=\"elementor-heading-title elementor-size-default\">Lazer Taramal\u0131 CMM Cihaz\u0131<\/h2>\t\t\t\t<\/div>\n\t\t\t\t<\/div>\n\t\t\t\t\t<\/div>\n\t\t<\/div>\n\t\t\t\t<div class=\"elementor-column elementor-col-50 elementor-top-column elementor-element elementor-element-ad3d203\" data-id=\"ad3d203\" data-element_type=\"column\">\n\t\t\t<div class=\"elementor-widget-wrap elementor-element-populated\">\n\t\t\t\t\t\t<div class=\"elementor-element elementor-element-9d9cf17 elementor-widget elementor-widget-image\" data-id=\"9d9cf17\" data-element_type=\"widget\" data-widget_type=\"image.default\">\n\t\t\t\t<div class=\"elementor-widget-container\">\n\t\t\t\t\t\t\t\t\t\t\t\t\t\t\t<img loading=\"lazy\" decoding=\"async\" width=\"640\" height=\"599\" src=\"https:\/\/mtnplast.com\/wp-content\/uploads\/2022\/02\/FMI-Melt-Flow-Index-Measurement-Device.jpg\" class=\"attachment-large size-large wp-image-994\" alt=\"\" srcset=\"https:\/\/mtnplast.com\/wp-content\/uploads\/2022\/02\/FMI-Melt-Flow-Index-Measurement-Device.jpg 640w, https:\/\/mtnplast.com\/wp-content\/uploads\/2022\/02\/FMI-Melt-Flow-Index-Measurement-Device-300x281.jpg 300w\" sizes=\"(max-width: 640px) 100vw, 640px\" \/>\t\t\t\t\t\t\t\t\t\t\t\t\t\t\t<\/div>\n\t\t\t\t<\/div>\n\t\t\t\t<div class=\"elementor-element elementor-element-65b2702 elementor-widget elementor-widget-heading\" data-id=\"65b2702\" data-element_type=\"widget\" data-widget_type=\"heading.default\">\n\t\t\t\t<div class=\"elementor-widget-container\">\n\t\t\t\t\t<h2 class=\"elementor-heading-title elementor-size-default\">FMI - Erime Ak\u0131\u015f \u0130ndeksi \u00d6l\u00e7\u00fcm Cihaz\u0131<\/h2>\t\t\t\t<\/div>\n\t\t\t\t<\/div>\n\t\t\t\t\t<\/div>\n\t\t<\/div>\n\t\t\t\t\t<\/div>\n\t\t<\/section>\n\t\t\t\t<section class=\"elementor-section elementor-top-section elementor-element elementor-element-ba389f6 elementor-section-boxed elementor-section-height-default elementor-section-height-default\" data-id=\"ba389f6\" data-element_type=\"section\">\n\t\t\t\t\t\t<div class=\"elementor-container elementor-column-gap-default\">\n\t\t\t\t\t<div class=\"elementor-column elementor-col-50 elementor-top-column elementor-element elementor-element-1b614b1\" data-id=\"1b614b1\" data-element_type=\"column\">\n\t\t\t<div class=\"elementor-widget-wrap elementor-element-populated\">\n\t\t\t\t\t\t<div class=\"elementor-element elementor-element-4a0491d elementor-widget elementor-widget-image\" data-id=\"4a0491d\" data-element_type=\"widget\" data-widget_type=\"image.default\">\n\t\t\t\t<div class=\"elementor-widget-container\">\n\t\t\t\t\t\t\t\t\t\t\t\t\t\t\t<img loading=\"lazy\" decoding=\"async\" width=\"600\" height=\"600\" src=\"https:\/\/mtnplast.com\/wp-content\/uploads\/2022\/02\/Humidity-measurement-device.png\" class=\"attachment-large size-large wp-image-995\" alt=\"\" srcset=\"https:\/\/mtnplast.com\/wp-content\/uploads\/2022\/02\/Humidity-measurement-device.png 600w, https:\/\/mtnplast.com\/wp-content\/uploads\/2022\/02\/Humidity-measurement-device-300x300.png 300w, https:\/\/mtnplast.com\/wp-content\/uploads\/2022\/02\/Humidity-measurement-device-150x150.png 150w\" sizes=\"(max-width: 600px) 100vw, 600px\" \/>\t\t\t\t\t\t\t\t\t\t\t\t\t\t\t<\/div>\n\t\t\t\t<\/div>\n\t\t\t\t<div class=\"elementor-element elementor-element-bd24117 elementor-widget elementor-widget-heading\" data-id=\"bd24117\" data-element_type=\"widget\" data-widget_type=\"heading.default\">\n\t\t\t\t<div class=\"elementor-widget-container\">\n\t\t\t\t\t<h2 class=\"elementor-heading-title elementor-size-default\">Nem \u00d6l\u00e7\u00fcm Cihaz\u0131<\/h2>\t\t\t\t<\/div>\n\t\t\t\t<\/div>\n\t\t\t\t\t<\/div>\n\t\t<\/div>\n\t\t\t\t<div class=\"elementor-column elementor-col-50 elementor-top-column elementor-element elementor-element-3c1c3ed\" data-id=\"3c1c3ed\" data-element_type=\"column\">\n\t\t\t<div class=\"elementor-widget-wrap elementor-element-populated\">\n\t\t\t\t\t\t<div class=\"elementor-element elementor-element-a13c49a elementor-widget elementor-widget-image\" data-id=\"a13c49a\" data-element_type=\"widget\" data-widget_type=\"image.default\">\n\t\t\t\t<div class=\"elementor-widget-container\">\n\t\t\t\t\t\t\t\t\t\t\t\t\t\t\t<img loading=\"lazy\" decoding=\"async\" width=\"800\" height=\"800\" src=\"https:\/\/mtnplast.com\/wp-content\/uploads\/2022\/02\/photospectrometer.jpg\" class=\"attachment-large size-large wp-image-996\" alt=\"\" srcset=\"https:\/\/mtnplast.com\/wp-content\/uploads\/2022\/02\/photospectrometer.jpg 1000w, https:\/\/mtnplast.com\/wp-content\/uploads\/2022\/02\/photospectrometer-300x300.jpg 300w, https:\/\/mtnplast.com\/wp-content\/uploads\/2022\/02\/photospectrometer-150x150.jpg 150w, https:\/\/mtnplast.com\/wp-content\/uploads\/2022\/02\/photospectrometer-768x768.jpg 768w\" sizes=\"(max-width: 800px) 100vw, 800px\" \/>\t\t\t\t\t\t\t\t\t\t\t\t\t\t\t<\/div>\n\t\t\t\t<\/div>\n\t\t\t\t<div class=\"elementor-element elementor-element-ad26adb elementor-widget elementor-widget-heading\" data-id=\"ad26adb\" data-element_type=\"widget\" data-widget_type=\"heading.default\">\n\t\t\t\t<div class=\"elementor-widget-container\">\n\t\t\t\t\t<h2 class=\"elementor-heading-title elementor-size-default\">Fotospektrometre<\/h2>\t\t\t\t<\/div>\n\t\t\t\t<\/div>\n\t\t\t\t\t<\/div>\n\t\t<\/div>\n\t\t\t\t\t<\/div>\n\t\t<\/section>\n\t\t\t\t<section class=\"elementor-section elementor-top-section elementor-element elementor-element-69abdfb elementor-section-boxed elementor-section-height-default elementor-section-height-default\" data-id=\"69abdfb\" data-element_type=\"section\">\n\t\t\t\t\t\t<div class=\"elementor-container elementor-column-gap-default\">\n\t\t\t\t\t<div class=\"elementor-column elementor-col-50 elementor-top-column elementor-element elementor-element-0d563d9\" data-id=\"0d563d9\" data-element_type=\"column\">\n\t\t\t<div class=\"elementor-widget-wrap elementor-element-populated\">\n\t\t\t\t\t\t<div class=\"elementor-element elementor-element-80cb95c elementor-widget elementor-widget-image\" data-id=\"80cb95c\" data-element_type=\"widget\" data-widget_type=\"image.default\">\n\t\t\t\t<div class=\"elementor-widget-container\">\n\t\t\t\t\t\t\t\t\t\t\t\t\t\t\t<img loading=\"lazy\" decoding=\"async\" width=\"268\" height=\"500\" src=\"https:\/\/mtnplast.com\/wp-content\/uploads\/2022\/02\/PROJECTOR-Mictotecnica-Profil-Projeksiyon.jpg\" class=\"attachment-large size-large wp-image-997\" alt=\"\" srcset=\"https:\/\/mtnplast.com\/wp-content\/uploads\/2022\/02\/PROJECTOR-Mictotecnica-Profil-Projeksiyon.jpg 268w, https:\/\/mtnplast.com\/wp-content\/uploads\/2022\/02\/PROJECTOR-Mictotecnica-Profil-Projeksiyon-161x300.jpg 161w\" sizes=\"(max-width: 268px) 100vw, 268px\" \/>\t\t\t\t\t\t\t\t\t\t\t\t\t\t\t<\/div>\n\t\t\t\t<\/div>\n\t\t\t\t<div class=\"elementor-element elementor-element-c1dbd63 elementor-widget elementor-widget-heading\" data-id=\"c1dbd63\" data-element_type=\"widget\" data-widget_type=\"heading.default\">\n\t\t\t\t<div class=\"elementor-widget-container\">\n\t\t\t\t\t<h2 class=\"elementor-heading-title elementor-size-default\">Microtecnica Profil Projeksiyon<\/h2>\t\t\t\t<\/div>\n\t\t\t\t<\/div>\n\t\t\t\t\t<\/div>\n\t\t<\/div>\n\t\t\t\t<div class=\"elementor-column elementor-col-50 elementor-top-column elementor-element elementor-element-91135a3\" data-id=\"91135a3\" data-element_type=\"column\">\n\t\t\t<div class=\"elementor-widget-wrap elementor-element-populated\">\n\t\t\t\t\t\t<div class=\"elementor-element elementor-element-89e1d33 elementor-widget elementor-widget-image\" data-id=\"89e1d33\" data-element_type=\"widget\" data-widget_type=\"image.default\">\n\t\t\t\t<div class=\"elementor-widget-container\">\n\t\t\t\t\t\t\t\t\t\t\t\t\t\t\t<img loading=\"lazy\" decoding=\"async\" width=\"620\" height=\"957\" src=\"https:\/\/mtnplast.com\/wp-content\/uploads\/2022\/02\/Thermal-Camera.jpg\" class=\"attachment-large size-large wp-image-998\" alt=\"\" srcset=\"https:\/\/mtnplast.com\/wp-content\/uploads\/2022\/02\/Thermal-Camera.jpg 620w, https:\/\/mtnplast.com\/wp-content\/uploads\/2022\/02\/Thermal-Camera-194x300.jpg 194w\" sizes=\"(max-width: 620px) 100vw, 620px\" \/>\t\t\t\t\t\t\t\t\t\t\t\t\t\t\t<\/div>\n\t\t\t\t<\/div>\n\t\t\t\t<div class=\"elementor-element elementor-element-3da58b4 elementor-widget elementor-widget-heading\" data-id=\"3da58b4\" data-element_type=\"widget\" data-widget_type=\"heading.default\">\n\t\t\t\t<div class=\"elementor-widget-container\">\n\t\t\t\t\t<h2 class=\"elementor-heading-title elementor-size-default\">Termal kamera<\/h2>\t\t\t\t<\/div>\n\t\t\t\t<\/div>\n\t\t\t\t\t<\/div>\n\t\t<\/div>\n\t\t\t\t\t<\/div>\n\t\t<\/section>\n\t\t\t\t<section class=\"elementor-section elementor-top-section elementor-element elementor-element-741a246 elementor-section-boxed elementor-section-height-default elementor-section-height-default\" data-id=\"741a246\" data-element_type=\"section\">\n\t\t\t\t\t\t<div class=\"elementor-container elementor-column-gap-default\">\n\t\t\t\t\t<div class=\"elementor-column elementor-col-50 elementor-top-column elementor-element elementor-element-6de1439\" data-id=\"6de1439\" data-element_type=\"column\">\n\t\t\t<div class=\"elementor-widget-wrap elementor-element-populated\">\n\t\t\t\t\t\t<div class=\"elementor-element elementor-element-f4f00ac elementor-widget elementor-widget-image\" data-id=\"f4f00ac\" data-element_type=\"widget\" data-widget_type=\"image.default\">\n\t\t\t\t<div class=\"elementor-widget-container\">\n\t\t\t\t\t\t\t\t\t\t\t\t\t\t\t<img loading=\"lazy\" decoding=\"async\" width=\"800\" height=\"428\" src=\"https:\/\/mtnplast.com\/wp-content\/uploads\/2022\/02\/CMM.jpg\" class=\"attachment-large size-large wp-image-999\" alt=\"\" srcset=\"https:\/\/mtnplast.com\/wp-content\/uploads\/2022\/02\/CMM.jpg 800w, https:\/\/mtnplast.com\/wp-content\/uploads\/2022\/02\/CMM-300x161.jpg 300w, https:\/\/mtnplast.com\/wp-content\/uploads\/2022\/02\/CMM-768x411.jpg 768w\" sizes=\"(max-width: 800px) 100vw, 800px\" \/>\t\t\t\t\t\t\t\t\t\t\t\t\t\t\t<\/div>\n\t\t\t\t<\/div>\n\t\t\t\t<div class=\"elementor-element elementor-element-f26738a elementor-widget elementor-widget-heading\" data-id=\"f26738a\" data-element_type=\"widget\" data-widget_type=\"heading.default\">\n\t\t\t\t<div class=\"elementor-widget-container\">\n\t\t\t\t\t<h2 class=\"elementor-heading-title elementor-size-default\">Koordinat \u00d6l\u00e7\u00fcm Makineleri<\/h2>\t\t\t\t<\/div>\n\t\t\t\t<\/div>\n\t\t\t\t\t<\/div>\n\t\t<\/div>\n\t\t\t\t<div class=\"elementor-column elementor-col-50 elementor-top-column elementor-element elementor-element-157296b\" data-id=\"157296b\" data-element_type=\"column\">\n\t\t\t<div class=\"elementor-widget-wrap\">\n\t\t\t\t\t\t\t<\/div>\n\t\t<\/div>\n\t\t\t\t\t<\/div>\n\t\t<\/section>\n\t\t\t\t<\/div>\n\t\t","protected":false},"excerpt":{"rendered":"<p>KAL\u0130TE KONTROL EK\u0130PMANLARI KAL\u0130TE KONTROL EK\u0130PMANLARI Lazer Taramal\u0131 CMM Cihaz\u0131 FMI &#8211; Erime Ak\u0131\u015f \u0130ndeksi \u00d6l\u00e7\u00fcm Cihaz\u0131 Nem \u00d6l\u00e7\u00fcm Cihaz\u0131 Fotospektrometre Microtecnica Profil Projeksiyon Termal kamera Koordinat \u00d6l\u00e7\u00fcm Makineleri<\/p>\n","protected":false},"author":1,"featured_media":0,"parent":0,"menu_order":0,"comment_status":"closed","ping_status":"closed","template":"","meta":{"footnotes":""},"class_list":["post-1643","page","type-page","status-publish","hentry"],"_links":{"self":[{"href":"https:\/\/mtnplast.com\/tr\/wp-json\/wp\/v2\/pages\/1643","targetHints":{"allow":["GET"]}}],"collection":[{"href":"https:\/\/mtnplast.com\/tr\/wp-json\/wp\/v2\/pages"}],"about":[{"href":"https:\/\/mtnplast.com\/tr\/wp-json\/wp\/v2\/types\/page"}],"author":[{"embeddable":true,"href":"https:\/\/mtnplast.com\/tr\/wp-json\/wp\/v2\/users\/1"}],"replies":[{"embeddable":true,"href":"https:\/\/mtnplast.com\/tr\/wp-json\/wp\/v2\/comments?post=1643"}],"version-history":[{"count":7,"href":"https:\/\/mtnplast.com\/tr\/wp-json\/wp\/v2\/pages\/1643\/revisions"}],"predecessor-version":[{"id":4671,"href":"https:\/\/mtnplast.com\/tr\/wp-json\/wp\/v2\/pages\/1643\/revisions\/4671"}],"wp:attachment":[{"href":"https:\/\/mtnplast.com\/tr\/wp-json\/wp\/v2\/media?parent=1643"}],"curies":[{"name":"wp","href":"https:\/\/api.w.org\/{rel}","templated":true}]}}