{"id":1664,"date":"2022-01-26T13:06:54","date_gmt":"2022-01-26T10:06:54","guid":{"rendered":"http:\/\/mtnplast.com\/white-goods\/"},"modified":"2022-11-29T15:46:15","modified_gmt":"2022-11-29T12:46:15","slug":"beyaz-esya","status":"publish","type":"page","link":"https:\/\/mtnplast.com\/tr\/beyaz-esya\/","title":{"rendered":"Beyaz E\u015fya"},"content":{"rendered":"\t\t<div data-elementor-type=\"wp-page\" data-elementor-id=\"1664\" class=\"elementor elementor-1664\">\n\t\t\t\t\t\t<section class=\"elementor-section elementor-top-section elementor-element elementor-element-2f8e338c elementor-section-boxed elementor-section-height-default elementor-section-height-default\" data-id=\"2f8e338c\" data-element_type=\"section\" data-settings=\"{&quot;background_background&quot;:&quot;classic&quot;}\">\n\t\t\t\t\t\t\t<div class=\"elementor-background-overlay\"><\/div>\n\t\t\t\t\t\t\t<div class=\"elementor-container elementor-column-gap-default\">\n\t\t\t\t\t<div class=\"elementor-column elementor-col-100 elementor-top-column elementor-element elementor-element-55ec4537\" data-id=\"55ec4537\" data-element_type=\"column\">\n\t\t\t<div class=\"elementor-widget-wrap elementor-element-populated\">\n\t\t\t\t\t\t\t<\/div>\n\t\t<\/div>\n\t\t\t\t\t<\/div>\n\t\t<\/section>\n\t\t\t\t<section class=\"elementor-section elementor-top-section elementor-element elementor-element-5ed9f144 elementor-section-boxed elementor-section-height-default elementor-section-height-default\" data-id=\"5ed9f144\" data-element_type=\"section\">\n\t\t\t\t\t\t<div class=\"elementor-container elementor-column-gap-default\">\n\t\t\t\t\t<div class=\"elementor-column elementor-col-100 elementor-top-column elementor-element elementor-element-1eb4f24\" data-id=\"1eb4f24\" data-element_type=\"column\">\n\t\t\t<div class=\"elementor-widget-wrap elementor-element-populated\">\n\t\t\t\t\t\t<div class=\"elementor-element elementor-element-4680656b elementor-headline--style-highlight elementor-widget elementor-widget-animated-headline\" data-id=\"4680656b\" data-element_type=\"widget\" data-settings=\"{&quot;highlighted_text&quot;:&quot;BEYAZ E\\u015eYA&quot;,&quot;headline_style&quot;:&quot;highlight&quot;,&quot;marker&quot;:&quot;circle&quot;,&quot;loop&quot;:&quot;yes&quot;,&quot;highlight_animation_duration&quot;:1200,&quot;highlight_iteration_delay&quot;:8000}\" data-widget_type=\"animated-headline.default\">\n\t\t\t\t<div class=\"elementor-widget-container\">\n\t\t\t\t\t\t\t<h3 class=\"elementor-headline\">\n\t\t\t\t<span class=\"elementor-headline-dynamic-wrapper elementor-headline-text-wrapper\">\n\t\t\t\t\t<span class=\"elementor-headline-dynamic-text elementor-headline-text-active\">BEYAZ E\u015eYA<\/span>\n\t\t\t\t<\/span>\n\t\t\t\t<\/h3>\n\t\t\t\t\t\t<\/div>\n\t\t\t\t<\/div>\n\t\t\t\t\t<\/div>\n\t\t<\/div>\n\t\t\t\t\t<\/div>\n\t\t<\/section>\n\t\t\t\t<section class=\"elementor-section elementor-top-section elementor-element elementor-element-4da4f1d7 elementor-section-boxed elementor-section-height-default elementor-section-height-default\" data-id=\"4da4f1d7\" data-element_type=\"section\">\n\t\t\t\t\t\t<div class=\"elementor-container elementor-column-gap-default\">\n\t\t\t\t\t<div class=\"elementor-column elementor-col-100 elementor-top-column elementor-element elementor-element-580dbadb\" data-id=\"580dbadb\" data-element_type=\"column\">\n\t\t\t<div class=\"elementor-widget-wrap elementor-element-populated\">\n\t\t\t\t\t\t<section class=\"elementor-section elementor-inner-section elementor-element elementor-element-6084800 elementor-section-boxed elementor-section-height-default elementor-section-height-default\" data-id=\"6084800\" data-element_type=\"section\">\n\t\t\t\t\t\t<div class=\"elementor-container elementor-column-gap-default\">\n\t\t\t\t\t<div class=\"elementor-column elementor-col-50 elementor-inner-column elementor-element elementor-element-3cf0bdf\" data-id=\"3cf0bdf\" data-element_type=\"column\">\n\t\t\t<div class=\"elementor-widget-wrap elementor-element-populated\">\n\t\t\t\t\t\t<div class=\"elementor-element elementor-element-203fa6f elementor-widget elementor-widget-heading\" data-id=\"203fa6f\" data-element_type=\"widget\" data-widget_type=\"heading.default\">\n\t\t\t\t<div class=\"elementor-widget-container\">\n\t\t\t\t\t<h2 class=\"elementor-heading-title elementor-size-default\">\u00c7ama\u015f\u0131r Makinesi<\/h2>\t\t\t\t<\/div>\n\t\t\t\t<\/div>\n\t\t\t\t<div class=\"elementor-element elementor-element-5eb8cf0 elementor-widget elementor-widget-image\" data-id=\"5eb8cf0\" data-element_type=\"widget\" data-widget_type=\"image.default\">\n\t\t\t\t<div class=\"elementor-widget-container\">\n\t\t\t\t\t\t\t\t\t\t\t\t\t\t\t\t<a href=\"http:\/\/mtnplast.com\/camasir-makinesi\/\">\n\t\t\t\t\t\t\t<img fetchpriority=\"high\" decoding=\"async\" width=\"218\" height=\"300\" src=\"https:\/\/mtnplast.com\/wp-content\/uploads\/2022\/04\/Camasir-218x300.jpg\" class=\"attachment-medium size-medium wp-image-2262\" alt=\"\" srcset=\"https:\/\/mtnplast.com\/wp-content\/uploads\/2022\/04\/Camasir-218x300.jpg 218w, https:\/\/mtnplast.com\/wp-content\/uploads\/2022\/04\/Camasir-743x1024.jpg 743w, https:\/\/mtnplast.com\/wp-content\/uploads\/2022\/04\/Camasir-768x1058.jpg 768w, https:\/\/mtnplast.com\/wp-content\/uploads\/2022\/04\/Camasir.jpg 1089w\" sizes=\"(max-width: 218px) 100vw, 218px\" \/>\t\t\t\t\t\t\t\t<\/a>\n\t\t\t\t\t\t\t\t\t\t\t\t\t\t\t<\/div>\n\t\t\t\t<\/div>\n\t\t\t\t\t<\/div>\n\t\t<\/div>\n\t\t\t\t<div class=\"elementor-column elementor-col-50 elementor-inner-column elementor-element elementor-element-f1e9115\" data-id=\"f1e9115\" data-element_type=\"column\">\n\t\t\t<div class=\"elementor-widget-wrap elementor-element-populated\">\n\t\t\t\t\t\t<div class=\"elementor-element elementor-element-a144dea elementor-widget elementor-widget-heading\" data-id=\"a144dea\" data-element_type=\"widget\" data-widget_type=\"heading.default\">\n\t\t\t\t<div class=\"elementor-widget-container\">\n\t\t\t\t\t<h2 class=\"elementor-heading-title elementor-size-default\">Bula\u015f\u0131k Makinesi<\/h2>\t\t\t\t<\/div>\n\t\t\t\t<\/div>\n\t\t\t\t<div class=\"elementor-element elementor-element-6f480c4 elementor-widget elementor-widget-image\" data-id=\"6f480c4\" data-element_type=\"widget\" data-widget_type=\"image.default\">\n\t\t\t\t<div class=\"elementor-widget-container\">\n\t\t\t\t\t\t\t\t\t\t\t\t\t\t\t\t<a href=\"http:\/\/mtnplast.com\/bulasik-makinesi\/\">\n\t\t\t\t\t\t\t<img decoding=\"async\" width=\"262\" height=\"300\" src=\"https:\/\/mtnplast.com\/wp-content\/uploads\/2022\/04\/BulasikMakinesi-262x300.png\" class=\"attachment-medium size-medium wp-image-2265\" alt=\"\" srcset=\"https:\/\/mtnplast.com\/wp-content\/uploads\/2022\/04\/BulasikMakinesi-262x300.png 262w, https:\/\/mtnplast.com\/wp-content\/uploads\/2022\/04\/BulasikMakinesi-893x1024.png 893w, https:\/\/mtnplast.com\/wp-content\/uploads\/2022\/04\/BulasikMakinesi-768x881.png 768w, https:\/\/mtnplast.com\/wp-content\/uploads\/2022\/04\/BulasikMakinesi-1339x1536.png 1339w, https:\/\/mtnplast.com\/wp-content\/uploads\/2022\/04\/BulasikMakinesi.png 1744w\" sizes=\"(max-width: 262px) 100vw, 262px\" \/>\t\t\t\t\t\t\t\t<\/a>\n\t\t\t\t\t\t\t\t\t\t\t\t\t\t\t<\/div>\n\t\t\t\t<\/div>\n\t\t\t\t\t<\/div>\n\t\t<\/div>\n\t\t\t\t\t<\/div>\n\t\t<\/section>\n\t\t\t\t<div class=\"elementor-element elementor-element-5b1b82b elementor-widget-divider--view-line elementor-widget elementor-widget-divider\" data-id=\"5b1b82b\" data-element_type=\"widget\" data-widget_type=\"divider.default\">\n\t\t\t\t<div class=\"elementor-widget-container\">\n\t\t\t\t\t\t\t<div class=\"elementor-divider\">\n\t\t\t<span class=\"elementor-divider-separator\">\n\t\t\t\t\t\t<\/span>\n\t\t<\/div>\n\t\t\t\t\t\t<\/div>\n\t\t\t\t<\/div>\n\t\t\t\t<section class=\"elementor-section elementor-inner-section elementor-element elementor-element-c110539 elementor-section-boxed elementor-section-height-default elementor-section-height-default\" data-id=\"c110539\" data-element_type=\"section\">\n\t\t\t\t\t\t<div class=\"elementor-container elementor-column-gap-default\">\n\t\t\t\t\t<div class=\"elementor-column elementor-col-50 elementor-inner-column elementor-element elementor-element-208fc90\" data-id=\"208fc90\" data-element_type=\"column\">\n\t\t\t<div class=\"elementor-widget-wrap elementor-element-populated\">\n\t\t\t\t\t\t<div class=\"elementor-element elementor-element-8d9eb8c elementor-widget elementor-widget-heading\" data-id=\"8d9eb8c\" data-element_type=\"widget\" data-widget_type=\"heading.default\">\n\t\t\t\t<div class=\"elementor-widget-container\">\n\t\t\t\t\t<h2 class=\"elementor-heading-title elementor-size-default\">Kurutma Makinesi<\/h2>\t\t\t\t<\/div>\n\t\t\t\t<\/div>\n\t\t\t\t<div class=\"elementor-element elementor-element-f7299a8 elementor-widget elementor-widget-image\" data-id=\"f7299a8\" data-element_type=\"widget\" data-widget_type=\"image.default\">\n\t\t\t\t<div class=\"elementor-widget-container\">\n\t\t\t\t\t\t\t\t\t\t\t\t\t\t\t\t<a href=\"http:\/\/mtnplast.com\/kurutma\/\">\n\t\t\t\t\t\t\t<img decoding=\"async\" width=\"300\" height=\"300\" src=\"https:\/\/mtnplast.com\/wp-content\/uploads\/2022\/04\/Kurutma-Makinesi-300x300.jpg\" class=\"attachment-medium size-medium wp-image-2271\" alt=\"\" srcset=\"https:\/\/mtnplast.com\/wp-content\/uploads\/2022\/04\/Kurutma-Makinesi-300x300.jpg 300w, https:\/\/mtnplast.com\/wp-content\/uploads\/2022\/04\/Kurutma-Makinesi-1024x1024.jpg 1024w, https:\/\/mtnplast.com\/wp-content\/uploads\/2022\/04\/Kurutma-Makinesi-150x150.jpg 150w, https:\/\/mtnplast.com\/wp-content\/uploads\/2022\/04\/Kurutma-Makinesi-768x768.jpg 768w, https:\/\/mtnplast.com\/wp-content\/uploads\/2022\/04\/Kurutma-Makinesi-1536x1536.jpg 1536w, https:\/\/mtnplast.com\/wp-content\/uploads\/2022\/04\/Kurutma-Makinesi.jpg 2000w\" sizes=\"(max-width: 300px) 100vw, 300px\" \/>\t\t\t\t\t\t\t\t<\/a>\n\t\t\t\t\t\t\t\t\t\t\t\t\t\t\t<\/div>\n\t\t\t\t<\/div>\n\t\t\t\t\t<\/div>\n\t\t<\/div>\n\t\t\t\t<div class=\"elementor-column elementor-col-50 elementor-inner-column elementor-element elementor-element-b65cbea\" data-id=\"b65cbea\" data-element_type=\"column\">\n\t\t\t<div class=\"elementor-widget-wrap elementor-element-populated\">\n\t\t\t\t\t\t<div class=\"elementor-element elementor-element-aefe615 elementor-widget elementor-widget-heading\" data-id=\"aefe615\" data-element_type=\"widget\" data-widget_type=\"heading.default\">\n\t\t\t\t<div class=\"elementor-widget-container\">\n\t\t\t\t\t<h2 class=\"elementor-heading-title elementor-size-default\">Buzdolab\u0131<\/h2>\t\t\t\t<\/div>\n\t\t\t\t<\/div>\n\t\t\t\t<div class=\"elementor-element elementor-element-7d6306d elementor-widget elementor-widget-image\" data-id=\"7d6306d\" data-element_type=\"widget\" data-widget_type=\"image.default\">\n\t\t\t\t<div class=\"elementor-widget-container\">\n\t\t\t\t\t\t\t\t\t\t\t\t\t\t\t\t<a href=\"http:\/\/mtnplast.com\/buzdolabi\/\">\n\t\t\t\t\t\t\t<img loading=\"lazy\" decoding=\"async\" width=\"198\" height=\"300\" src=\"https:\/\/mtnplast.com\/wp-content\/uploads\/2022\/04\/Buzdolabi-198x300.png\" class=\"attachment-medium size-medium wp-image-2274\" alt=\"\" srcset=\"https:\/\/mtnplast.com\/wp-content\/uploads\/2022\/04\/Buzdolabi-198x300.png 198w, https:\/\/mtnplast.com\/wp-content\/uploads\/2022\/04\/Buzdolabi-675x1024.png 675w, https:\/\/mtnplast.com\/wp-content\/uploads\/2022\/04\/Buzdolabi-768x1165.png 768w, https:\/\/mtnplast.com\/wp-content\/uploads\/2022\/04\/Buzdolabi-1012x1536.png 1012w, https:\/\/mtnplast.com\/wp-content\/uploads\/2022\/04\/Buzdolabi-1350x2048.png 1350w\" sizes=\"(max-width: 198px) 100vw, 198px\" \/>\t\t\t\t\t\t\t\t<\/a>\n\t\t\t\t\t\t\t\t\t\t\t\t\t\t\t<\/div>\n\t\t\t\t<\/div>\n\t\t\t\t\t<\/div>\n\t\t<\/div>\n\t\t\t\t\t<\/div>\n\t\t<\/section>\n\t\t\t\t<section class=\"elementor-section elementor-inner-section elementor-element elementor-element-8657f21 elementor-section-boxed elementor-section-height-default elementor-section-height-default\" data-id=\"8657f21\" data-element_type=\"section\">\n\t\t\t\t\t\t<div class=\"elementor-container elementor-column-gap-default\">\n\t\t\t\t\t<div class=\"elementor-column elementor-col-100 elementor-inner-column elementor-element elementor-element-c71ec75\" data-id=\"c71ec75\" data-element_type=\"column\">\n\t\t\t<div class=\"elementor-widget-wrap elementor-element-populated\">\n\t\t\t\t\t\t<div class=\"elementor-element elementor-element-84b0ed8 elementor-widget elementor-widget-heading\" data-id=\"84b0ed8\" data-element_type=\"widget\" data-widget_type=\"heading.default\">\n\t\t\t\t<div class=\"elementor-widget-container\">\n\t\t\t\t\t<h2 class=\"elementor-heading-title elementor-size-default\">Ev Aletleri<\/h2>\t\t\t\t<\/div>\n\t\t\t\t<\/div>\n\t\t\t\t<div class=\"elementor-element elementor-element-77c7926 elementor-widget elementor-widget-image\" data-id=\"77c7926\" data-element_type=\"widget\" data-widget_type=\"image.default\">\n\t\t\t\t<div class=\"elementor-widget-container\">\n\t\t\t\t\t\t\t\t\t\t\t\t\t\t\t\t<a href=\"http:\/\/mtnplast.com\/ev-aletleri\/\">\n\t\t\t\t\t\t\t<img loading=\"lazy\" decoding=\"async\" width=\"300\" height=\"242\" src=\"https:\/\/mtnplast.com\/wp-content\/uploads\/2022\/08\/Resim4-1-300x242.png\" class=\"attachment-medium size-medium wp-image-3318\" alt=\"\" srcset=\"https:\/\/mtnplast.com\/wp-content\/uploads\/2022\/08\/Resim4-1-300x242.png 300w, https:\/\/mtnplast.com\/wp-content\/uploads\/2022\/08\/Resim4-1.png 683w\" sizes=\"(max-width: 300px) 100vw, 300px\" \/>\t\t\t\t\t\t\t\t<\/a>\n\t\t\t\t\t\t\t\t\t\t\t\t\t\t\t<\/div>\n\t\t\t\t<\/div>\n\t\t\t\t\t<\/div>\n\t\t<\/div>\n\t\t\t\t\t<\/div>\n\t\t<\/section>\n\t\t\t\t\t<\/div>\n\t\t<\/div>\n\t\t\t\t\t<\/div>\n\t\t<\/section>\n\t\t\t\t<\/div>\n\t\t","protected":false},"excerpt":{"rendered":"<p>BEYAZ E\u015eYA \u00c7ama\u015f\u0131r Makinesi Bula\u015f\u0131k Makinesi Kurutma Makinesi Buzdolab\u0131 Ev Aletleri<\/p>\n","protected":false},"author":1,"featured_media":0,"parent":0,"menu_order":0,"comment_status":"closed","ping_status":"closed","template":"","meta":{"footnotes":""},"class_list":["post-1664","page","type-page","status-publish","hentry"],"_links":{"self":[{"href":"https:\/\/mtnplast.com\/tr\/wp-json\/wp\/v2\/pages\/1664","targetHints":{"allow":["GET"]}}],"collection":[{"href":"https:\/\/mtnplast.com\/tr\/wp-json\/wp\/v2\/pages"}],"about":[{"href":"https:\/\/mtnplast.com\/tr\/wp-json\/wp\/v2\/types\/page"}],"author":[{"embeddable":true,"href":"https:\/\/mtnplast.com\/tr\/wp-json\/wp\/v2\/users\/1"}],"replies":[{"embeddable":true,"href":"https:\/\/mtnplast.com\/tr\/wp-json\/wp\/v2\/comments?post=1664"}],"version-history":[{"count":28,"href":"https:\/\/mtnplast.com\/tr\/wp-json\/wp\/v2\/pages\/1664\/revisions"}],"predecessor-version":[{"id":4717,"href":"https:\/\/mtnplast.com\/tr\/wp-json\/wp\/v2\/pages\/1664\/revisions\/4717"}],"wp:attachment":[{"href":"https:\/\/mtnplast.com\/tr\/wp-json\/wp\/v2\/media?parent=1664"}],"curies":[{"name":"wp","href":"https:\/\/api.w.org\/{rel}","templated":true}]}}