{"id":1682,"date":"2022-01-26T15:23:46","date_gmt":"2022-01-26T12:23:46","guid":{"rendered":"http:\/\/mtnplast.com\/news\/"},"modified":"2024-07-08T08:24:31","modified_gmt":"2024-07-08T05:24:31","slug":"haberler","status":"publish","type":"page","link":"https:\/\/mtnplast.com\/tr\/haberler\/","title":{"rendered":"HABERLER"},"content":{"rendered":"\t\t<div data-elementor-type=\"wp-page\" data-elementor-id=\"1682\" class=\"elementor elementor-1682\">\n\t\t\t\t\t\t<section class=\"elementor-section elementor-top-section elementor-element elementor-element-4e5314b5 elementor-section-boxed elementor-section-height-default elementor-section-height-default\" data-id=\"4e5314b5\" data-element_type=\"section\" data-settings=\"{&quot;background_background&quot;:&quot;classic&quot;}\">\n\t\t\t\t\t\t\t<div class=\"elementor-background-overlay\"><\/div>\n\t\t\t\t\t\t\t<div class=\"elementor-container elementor-column-gap-default\">\n\t\t\t\t\t<div class=\"elementor-column elementor-col-100 elementor-top-column elementor-element elementor-element-7c7504e2\" data-id=\"7c7504e2\" data-element_type=\"column\">\n\t\t\t<div class=\"elementor-widget-wrap elementor-element-populated\">\n\t\t\t\t\t\t<div class=\"elementor-element elementor-element-79f96706 elementor-invisible elementor-widget elementor-widget-heading\" data-id=\"79f96706\" data-element_type=\"widget\" data-settings=\"{&quot;_animation&quot;:&quot;fadeInDown&quot;,&quot;_animation_delay&quot;:&quot;100&quot;}\" data-widget_type=\"heading.default\">\n\t\t\t\t<div class=\"elementor-widget-container\">\n\t\t\t\t\t<h1 class=\"elementor-heading-title elementor-size-default\">HABERLER<\/h1>\t\t\t\t<\/div>\n\t\t\t\t<\/div>\n\t\t\t\t\t<\/div>\n\t\t<\/div>\n\t\t\t\t\t<\/div>\n\t\t<\/section>\n\t\t\t\t<section class=\"elementor-section elementor-top-section elementor-element elementor-element-1495c1f elementor-section-boxed elementor-section-height-default elementor-section-height-default\" data-id=\"1495c1f\" data-element_type=\"section\">\n\t\t\t\t\t\t<div class=\"elementor-container elementor-column-gap-default\">\n\t\t\t\t\t<div class=\"elementor-column elementor-col-100 elementor-top-column elementor-element elementor-element-bf0800c\" data-id=\"bf0800c\" data-element_type=\"column\">\n\t\t\t<div class=\"elementor-widget-wrap elementor-element-populated\">\n\t\t\t\t\t\t<div class=\"elementor-element elementor-element-9cb9d71 elementor-grid-3 elementor-grid-tablet-2 elementor-grid-mobile-1 elementor-posts--thumbnail-top elementor-widget elementor-widget-posts\" data-id=\"9cb9d71\" data-element_type=\"widget\" data-settings=\"{&quot;classic_columns&quot;:&quot;3&quot;,&quot;classic_columns_tablet&quot;:&quot;2&quot;,&quot;classic_columns_mobile&quot;:&quot;1&quot;,&quot;classic_row_gap&quot;:{&quot;unit&quot;:&quot;px&quot;,&quot;size&quot;:35,&quot;sizes&quot;:[]},&quot;classic_row_gap_tablet&quot;:{&quot;unit&quot;:&quot;px&quot;,&quot;size&quot;:&quot;&quot;,&quot;sizes&quot;:[]},&quot;classic_row_gap_mobile&quot;:{&quot;unit&quot;:&quot;px&quot;,&quot;size&quot;:&quot;&quot;,&quot;sizes&quot;:[]}}\" data-widget_type=\"posts.classic\">\n\t\t\t\t<div class=\"elementor-widget-container\">\n\t\t\t\t\t\t\t<div class=\"elementor-posts-container elementor-posts elementor-posts--skin-classic elementor-grid\">\n\t\t\t\t<article class=\"elementor-post elementor-grid-item post-5083 post type-post status-publish format-standard has-post-thumbnail hentry category-news\">\n\t\t\t\t<a class=\"elementor-post__thumbnail__link\" href=\"https:\/\/mtnplast.com\/tr\/9-ar-ge-ve-tasarim-merkezleri-ile-teknoloji-gelistirme-bolgeleri-zirvesi\/\" >\n\t\t\t<div class=\"elementor-post__thumbnail\"><img fetchpriority=\"high\" decoding=\"async\" width=\"728\" height=\"907\" src=\"https:\/\/mtnplast.com\/wp-content\/uploads\/2022\/12\/jj-1.jpg\" class=\"attachment-medium_large size-medium_large wp-image-5047\" alt=\"\" srcset=\"https:\/\/mtnplast.com\/wp-content\/uploads\/2022\/12\/jj-1.jpg 728w, https:\/\/mtnplast.com\/wp-content\/uploads\/2022\/12\/jj-1-241x300.jpg 241w\" sizes=\"(max-width: 728px) 100vw, 728px\" \/><\/div>\n\t\t<\/a>\n\t\t\t\t<div class=\"elementor-post__text\">\n\t\t\t\t<h3 class=\"elementor-post__title\">\n\t\t\t<a href=\"https:\/\/mtnplast.com\/tr\/9-ar-ge-ve-tasarim-merkezleri-ile-teknoloji-gelistirme-bolgeleri-zirvesi\/\" >\n\t\t\t\t9.AR-GE ve Tasar\u0131m Merkezleri ile Teknoloji Geli\u015ftirme B\u00f6lgeleri Zirvesi\t\t\t<\/a>\n\t\t<\/h3>\n\t\t\t\t<div class=\"elementor-post__excerpt\">\n\t\t\t<p>9.AR-GE ve Tasar\u0131m Merkezleri ile Teknoloji Geli\u015ftirme B\u00f6lgeleri Zirvesi&#8217; 9.AR-GE ve Tasar\u0131m Merkezleri ile Teknoloji<\/p>\n\t\t<\/div>\n\t\t\t\t\t<a class=\"elementor-post__read-more\" href=\"https:\/\/mtnplast.com\/tr\/9-ar-ge-ve-tasarim-merkezleri-ile-teknoloji-gelistirme-bolgeleri-zirvesi\/\" >\n\t\t\t\tDaha fazla oku \u00bb\t\t\t<\/a>\n\t\t\t\t<\/div>\n\t\t\t\t<\/article>\n\t\t\t\t<article class=\"elementor-post elementor-grid-item post-5075 post type-post status-publish format-standard has-post-thumbnail hentry category-news\">\n\t\t\t\t<a class=\"elementor-post__thumbnail__link\" href=\"https:\/\/mtnplast.com\/tr\/k-2022-fuarinda-birinci-gun\/\" >\n\t\t\t<div class=\"elementor-post__thumbnail\"><img decoding=\"async\" width=\"768\" height=\"576\" src=\"https:\/\/mtnplast.com\/wp-content\/uploads\/2022\/12\/WhatsApp-Image-2022-11-02-at-16.42.53-2-1-768x576.jpeg\" class=\"attachment-medium_large size-medium_large wp-image-5022\" alt=\"\" srcset=\"https:\/\/mtnplast.com\/wp-content\/uploads\/2022\/12\/WhatsApp-Image-2022-11-02-at-16.42.53-2-1-768x576.jpeg 768w, https:\/\/mtnplast.com\/wp-content\/uploads\/2022\/12\/WhatsApp-Image-2022-11-02-at-16.42.53-2-1-300x225.jpeg 300w, https:\/\/mtnplast.com\/wp-content\/uploads\/2022\/12\/WhatsApp-Image-2022-11-02-at-16.42.53-2-1.jpeg 1024w\" sizes=\"(max-width: 768px) 100vw, 768px\" \/><\/div>\n\t\t<\/a>\n\t\t\t\t<div class=\"elementor-post__text\">\n\t\t\t\t<h3 class=\"elementor-post__title\">\n\t\t\t<a href=\"https:\/\/mtnplast.com\/tr\/k-2022-fuarinda-birinci-gun\/\" >\n\t\t\t\tK 2022 Fuar\u0131nda Birinci G\u00fcn\t\t\t<\/a>\n\t\t<\/h3>\n\t\t\t\t<div class=\"elementor-post__excerpt\">\n\t\t\t<p>K 2022 Fuar\u0131nda Birinci G\u00fcn K 2022 Fuar\u0131nda Birinci G\u00fcn Bu y\u0131l\u00a019-26 Ekim\u00a0tarihleri aras\u0131nda\u00a0K 2022<\/p>\n\t\t<\/div>\n\t\t\t\t\t<a class=\"elementor-post__read-more\" href=\"https:\/\/mtnplast.com\/tr\/k-2022-fuarinda-birinci-gun\/\" >\n\t\t\t\tDaha fazla oku \u00bb\t\t\t<\/a>\n\t\t\t\t<\/div>\n\t\t\t\t<\/article>\n\t\t\t\t<article class=\"elementor-post elementor-grid-item post-5064 post type-post status-publish format-standard has-post-thumbnail hentry category-news\">\n\t\t\t\t<a class=\"elementor-post__thumbnail__link\" href=\"https:\/\/mtnplast.com\/tr\/sanayi-ve-teknoloji-bakanimiz-sayin-mustafa-varank-ile-bulustuk\/\" >\n\t\t\t<div class=\"elementor-post__thumbnail\"><img decoding=\"async\" width=\"768\" height=\"527\" src=\"https:\/\/mtnplast.com\/wp-content\/uploads\/2022\/12\/Ekran-goruntusu-2022-06-16-123127-1024x702-1-768x527.png\" class=\"attachment-medium_large size-medium_large wp-image-4997\" alt=\"\" srcset=\"https:\/\/mtnplast.com\/wp-content\/uploads\/2022\/12\/Ekran-goruntusu-2022-06-16-123127-1024x702-1-768x527.png 768w, https:\/\/mtnplast.com\/wp-content\/uploads\/2022\/12\/Ekran-goruntusu-2022-06-16-123127-1024x702-1-300x206.png 300w, https:\/\/mtnplast.com\/wp-content\/uploads\/2022\/12\/Ekran-goruntusu-2022-06-16-123127-1024x702-1.png 1024w\" sizes=\"(max-width: 768px) 100vw, 768px\" \/><\/div>\n\t\t<\/a>\n\t\t\t\t<div class=\"elementor-post__text\">\n\t\t\t\t<h3 class=\"elementor-post__title\">\n\t\t\t<a href=\"https:\/\/mtnplast.com\/tr\/sanayi-ve-teknoloji-bakanimiz-sayin-mustafa-varank-ile-bulustuk\/\" >\n\t\t\t\tSanayi ve Teknoloji Bakan\u0131m\u0131z Say\u0131n Mustafa Varank \u0130le Bulu\u015ftuk\t\t\t<\/a>\n\t\t<\/h3>\n\t\t\t\t<div class=\"elementor-post__excerpt\">\n\t\t\t<p>Sanayi ve Teknoloji Bakan\u0131m\u0131z Say\u0131n Mustafa Varank \u0130le Bulu\u015ftuk Sanayi ve Teknoloji Bakan\u0131m\u0131z Say\u0131n Mustafa<\/p>\n\t\t<\/div>\n\t\t\t\t\t<a class=\"elementor-post__read-more\" href=\"https:\/\/mtnplast.com\/tr\/sanayi-ve-teknoloji-bakanimiz-sayin-mustafa-varank-ile-bulustuk\/\" >\n\t\t\t\tDaha fazla oku \u00bb\t\t\t<\/a>\n\t\t\t\t<\/div>\n\t\t\t\t<\/article>\n\t\t\t\t<article class=\"elementor-post elementor-grid-item post-1073 post type-post status-publish format-standard has-post-thumbnail hentry category-news\">\n\t\t\t\t<a class=\"elementor-post__thumbnail__link\" href=\"https:\/\/mtnplast.com\/tr\/sanayi-ve-teknoloji-bakani-mustafa-varank-mtn-plastik-2-etabinin-acilisini-yapti-2\/\" >\n\t\t\t<div class=\"elementor-post__thumbnail\"><img loading=\"lazy\" decoding=\"async\" width=\"768\" height=\"511\" src=\"https:\/\/mtnplast.com\/wp-content\/uploads\/2022\/01\/bakanVarank_mtn_1-768x511.jpg\" class=\"attachment-medium_large size-medium_large wp-image-578\" alt=\"\" srcset=\"https:\/\/mtnplast.com\/wp-content\/uploads\/2022\/01\/bakanVarank_mtn_1-768x511.jpg 768w, https:\/\/mtnplast.com\/wp-content\/uploads\/2022\/01\/bakanVarank_mtn_1-300x200.jpg 300w, https:\/\/mtnplast.com\/wp-content\/uploads\/2022\/01\/bakanVarank_mtn_1-1024x682.jpg 1024w, https:\/\/mtnplast.com\/wp-content\/uploads\/2022\/01\/bakanVarank_mtn_1-1536x1022.jpg 1536w, https:\/\/mtnplast.com\/wp-content\/uploads\/2022\/01\/bakanVarank_mtn_1.jpg 2048w\" sizes=\"(max-width: 768px) 100vw, 768px\" \/><\/div>\n\t\t<\/a>\n\t\t\t\t<div class=\"elementor-post__text\">\n\t\t\t\t<h3 class=\"elementor-post__title\">\n\t\t\t<a href=\"https:\/\/mtnplast.com\/tr\/sanayi-ve-teknoloji-bakani-mustafa-varank-mtn-plastik-2-etabinin-acilisini-yapti-2\/\" >\n\t\t\t\tSanayi ve Teknoloji Bakan\u0131 Mustafa Varank MTN Plastik 2.Etab\u0131n\u0131n A\u00e7\u0131l\u0131\u015f\u0131n\u0131 Yapt\u0131\t\t\t<\/a>\n\t\t<\/h3>\n\t\t\t\t<div class=\"elementor-post__excerpt\">\n\t\t\t<p>Sanayi ve Teknoloji Bakan\u0131 Mustafa Varank, global markalara kal\u0131p ve par\u00e7a \u00fcreten MTN Plastik firmam\u0131z\u0131n<\/p>\n\t\t<\/div>\n\t\t\t\t\t<a class=\"elementor-post__read-more\" href=\"https:\/\/mtnplast.com\/tr\/sanayi-ve-teknoloji-bakani-mustafa-varank-mtn-plastik-2-etabinin-acilisini-yapti-2\/\" >\n\t\t\t\tDaha fazla oku \u00bb\t\t\t<\/a>\n\t\t\t\t<\/div>\n\t\t\t\t<\/article>\n\t\t\t\t<article class=\"elementor-post elementor-grid-item post-1062 post type-post status-publish format-standard has-post-thumbnail hentry category-news\">\n\t\t\t\t<a class=\"elementor-post__thumbnail__link\" href=\"https:\/\/mtnplast.com\/tr\/saglik-bakanligi-tesekkur-plaketi-2\/\" >\n\t\t\t<div class=\"elementor-post__thumbnail\"><img loading=\"lazy\" decoding=\"async\" width=\"768\" height=\"512\" src=\"https:\/\/mtnplast.com\/wp-content\/uploads\/2022\/01\/b1-1-768x512.png\" class=\"attachment-medium_large size-medium_large wp-image-564\" alt=\"\" srcset=\"https:\/\/mtnplast.com\/wp-content\/uploads\/2022\/01\/b1-1-768x512.png 768w, https:\/\/mtnplast.com\/wp-content\/uploads\/2022\/01\/b1-1-300x200.png 300w, https:\/\/mtnplast.com\/wp-content\/uploads\/2022\/01\/b1-1.png 1024w\" sizes=\"(max-width: 768px) 100vw, 768px\" \/><\/div>\n\t\t<\/a>\n\t\t\t\t<div class=\"elementor-post__text\">\n\t\t\t\t<h3 class=\"elementor-post__title\">\n\t\t\t<a href=\"https:\/\/mtnplast.com\/tr\/saglik-bakanligi-tesekkur-plaketi-2\/\" >\n\t\t\t\tSa\u011fl\u0131k Bakanl\u0131\u011f\u0131 Te\u015fekk\u00fcr Plaketi\t\t\t<\/a>\n\t\t<\/h3>\n\t\t\t\t<div class=\"elementor-post__excerpt\">\n\t\t\t<p>Sa\u011fl\u0131k Bakanl\u0131\u011f\u0131&#8217;ndan MTN&#8217;ye Te\u015fekk\u00fcr Plaketi Sa\u011fl\u0131k Bakanl\u0131\u011f\u0131&#8217;ndan MTN&#8217;ye Te\u015fekk\u00fcr Plaketi Pandemi s\u00fcrevinde covid 19 ile<\/p>\n\t\t<\/div>\n\t\t\t\t\t<a class=\"elementor-post__read-more\" href=\"https:\/\/mtnplast.com\/tr\/saglik-bakanligi-tesekkur-plaketi-2\/\" >\n\t\t\t\tDaha fazla oku \u00bb\t\t\t<\/a>\n\t\t\t\t<\/div>\n\t\t\t\t<\/article>\n\t\t\t\t<article class=\"elementor-post elementor-grid-item post-1049 post type-post status-publish format-standard has-post-thumbnail hentry category-news\">\n\t\t\t\t<a class=\"elementor-post__thumbnail__link\" href=\"https:\/\/mtnplast.com\/tr\/test1\/\" >\n\t\t\t<div class=\"elementor-post__thumbnail\"><img loading=\"lazy\" decoding=\"async\" width=\"768\" height=\"431\" src=\"https:\/\/mtnplast.com\/wp-content\/uploads\/2022\/01\/1_MTN_5100-1-768x431.jpg\" class=\"attachment-medium_large size-medium_large wp-image-552\" alt=\"\" srcset=\"https:\/\/mtnplast.com\/wp-content\/uploads\/2022\/01\/1_MTN_5100-1-768x431.jpg 768w, https:\/\/mtnplast.com\/wp-content\/uploads\/2022\/01\/1_MTN_5100-1-300x168.jpg 300w, https:\/\/mtnplast.com\/wp-content\/uploads\/2022\/01\/1_MTN_5100-1-1024x575.jpg 1024w, https:\/\/mtnplast.com\/wp-content\/uploads\/2022\/01\/1_MTN_5100-1.jpg 1277w\" sizes=\"(max-width: 768px) 100vw, 768px\" \/><\/div>\n\t\t<\/a>\n\t\t\t\t<div class=\"elementor-post__text\">\n\t\t\t\t<h3 class=\"elementor-post__title\">\n\t\t\t<a href=\"https:\/\/mtnplast.com\/tr\/test1\/\" >\n\t\t\t\t\u00dcniversite Sanayi \u0130\u015fbirli\u011finin Yerinde E\u011fitim \u0130le \u0130lgili Pilot Proje \u00c7al\u0131\u015fmas\u0131 Yap\u0131lmaktad\u0131r.\t\t\t<\/a>\n\t\t<\/h3>\n\t\t\t\t<div class=\"elementor-post__excerpt\">\n\t\t\t<p>\u00dcN\u0130VERS\u0130TE SANAY\u0130 \u0130\u015eB\u0130RL\u0130\u011e\u0130N\u0130N YER\u0130NDE E\u011e\u0130T\u0130M \u0130LE \u0130LG\u0130L\u0130 P\u0130LOT PROJE \u00c7ALI\u015eMASI YAPILMAKTADIR. \u00dcN\u0130VERS\u0130TE SANAY\u0130 \u0130\u015eB\u0130RL\u0130\u011e\u0130N\u0130N YER\u0130NDE<\/p>\n\t\t<\/div>\n\t\t\t\t\t<a class=\"elementor-post__read-more\" href=\"https:\/\/mtnplast.com\/tr\/test1\/\" >\n\t\t\t\tDaha fazla oku \u00bb\t\t\t<\/a>\n\t\t\t\t<\/div>\n\t\t\t\t<\/article>\n\t\t\t\t<\/div>\n\n\n\t\t\n\t\t\t\t\t\t<\/div>\n\t\t\t\t<\/div>\n\t\t\t\t\t<\/div>\n\t\t<\/div>\n\t\t\t\t\t<\/div>\n\t\t<\/section>\n\t\t\t\t<section class=\"elementor-section elementor-top-section elementor-element elementor-element-d34e10c elementor-section-boxed elementor-section-height-default elementor-section-height-default\" data-id=\"d34e10c\" data-element_type=\"section\">\n\t\t\t\t\t\t<div class=\"elementor-container elementor-column-gap-default\">\n\t\t\t\t\t<div class=\"elementor-column elementor-col-100 elementor-top-column elementor-element elementor-element-bfe33d0\" data-id=\"bfe33d0\" data-element_type=\"column\">\n\t\t\t<div class=\"elementor-widget-wrap\">\n\t\t\t\t\t\t\t<\/div>\n\t\t<\/div>\n\t\t\t\t\t<\/div>\n\t\t<\/section>\n\t\t\t\t<\/div>\n\t\t","protected":false},"excerpt":{"rendered":"<p>HABERLER<\/p>\n","protected":false},"author":1,"featured_media":0,"parent":0,"menu_order":0,"comment_status":"closed","ping_status":"closed","template":"","meta":{"footnotes":""},"class_list":["post-1682","page","type-page","status-publish","hentry"],"_links":{"self":[{"href":"https:\/\/mtnplast.com\/tr\/wp-json\/wp\/v2\/pages\/1682","targetHints":{"allow":["GET"]}}],"collection":[{"href":"https:\/\/mtnplast.com\/tr\/wp-json\/wp\/v2\/pages"}],"about":[{"href":"https:\/\/mtnplast.com\/tr\/wp-json\/wp\/v2\/types\/page"}],"author":[{"embeddable":true,"href":"https:\/\/mtnplast.com\/tr\/wp-json\/wp\/v2\/users\/1"}],"replies":[{"embeddable":true,"href":"https:\/\/mtnplast.com\/tr\/wp-json\/wp\/v2\/comments?post=1682"}],"version-history":[{"count":43,"href":"https:\/\/mtnplast.com\/tr\/wp-json\/wp\/v2\/pages\/1682\/revisions"}],"predecessor-version":[{"id":5436,"href":"https:\/\/mtnplast.com\/tr\/wp-json\/wp\/v2\/pages\/1682\/revisions\/5436"}],"wp:attachment":[{"href":"https:\/\/mtnplast.com\/tr\/wp-json\/wp\/v2\/media?parent=1682"}],"curies":[{"name":"wp","href":"https:\/\/api.w.org\/{rel}","templated":true}]}}