{"id":3732,"date":"2022-08-25T10:52:18","date_gmt":"2022-08-25T07:52:18","guid":{"rendered":"http:\/\/mtnplast.com\/?page_id=3732"},"modified":"2022-12-27T11:46:00","modified_gmt":"2022-12-27T08:46:00","slug":"kaput-alti-motor","status":"publish","type":"page","link":"https:\/\/mtnplast.com\/tr\/kaput-alti-motor\/","title":{"rendered":"Kaput Alt\u0131 \/ Motor"},"content":{"rendered":"\t\t<div data-elementor-type=\"wp-page\" data-elementor-id=\"3732\" class=\"elementor elementor-3732\">\n\t\t\t\t\t\t<section class=\"elementor-section elementor-top-section elementor-element elementor-element-337ffb7 elementor-section-boxed elementor-section-height-default elementor-section-height-default\" data-id=\"337ffb7\" data-element_type=\"section\">\n\t\t\t\t\t\t<div class=\"elementor-container elementor-column-gap-default\">\n\t\t\t\t\t<div class=\"elementor-column elementor-col-100 elementor-top-column elementor-element elementor-element-a283b04\" data-id=\"a283b04\" data-element_type=\"column\">\n\t\t\t<div class=\"elementor-widget-wrap elementor-element-populated\">\n\t\t\t\t\t\t<div class=\"elementor-element elementor-element-82ac3f2 elementor-headline--style-highlight elementor-widget elementor-widget-animated-headline\" data-id=\"82ac3f2\" data-element_type=\"widget\" data-settings=\"{&quot;highlighted_text&quot;:&quot;KAPUT ALTI \\\/ MOTOR&quot;,&quot;headline_style&quot;:&quot;highlight&quot;,&quot;marker&quot;:&quot;circle&quot;,&quot;loop&quot;:&quot;yes&quot;,&quot;highlight_animation_duration&quot;:1200,&quot;highlight_iteration_delay&quot;:8000}\" data-widget_type=\"animated-headline.default\">\n\t\t\t\t<div class=\"elementor-widget-container\">\n\t\t\t\t\t\t\t<h3 class=\"elementor-headline\">\n\t\t\t\t<span class=\"elementor-headline-dynamic-wrapper elementor-headline-text-wrapper\">\n\t\t\t\t\t<span class=\"elementor-headline-dynamic-text elementor-headline-text-active\">KAPUT ALTI \/ MOTOR<\/span>\n\t\t\t\t<\/span>\n\t\t\t\t<\/h3>\n\t\t\t\t\t\t<\/div>\n\t\t\t\t<\/div>\n\t\t\t\t\t<\/div>\n\t\t<\/div>\n\t\t\t\t\t<\/div>\n\t\t<\/section>\n\t\t\t\t<section class=\"elementor-section elementor-top-section elementor-element elementor-element-2b50b47 elementor-section-boxed elementor-section-height-default elementor-section-height-default\" data-id=\"2b50b47\" data-element_type=\"section\">\n\t\t\t\t\t\t<div class=\"elementor-container elementor-column-gap-default\">\n\t\t\t\t\t<div class=\"elementor-column elementor-col-100 elementor-top-column elementor-element elementor-element-5357f43\" data-id=\"5357f43\" data-element_type=\"column\">\n\t\t\t<div class=\"elementor-widget-wrap elementor-element-populated\">\n\t\t\t\t\t\t<div class=\"elementor-element elementor-element-4d672b7 elementor-widget elementor-widget-spacer\" data-id=\"4d672b7\" data-element_type=\"widget\" data-widget_type=\"spacer.default\">\n\t\t\t\t<div class=\"elementor-widget-container\">\n\t\t\t\t\t\t\t<div class=\"elementor-spacer\">\n\t\t\t<div class=\"elementor-spacer-inner\"><\/div>\n\t\t<\/div>\n\t\t\t\t\t\t<\/div>\n\t\t\t\t<\/div>\n\t\t\t\t<section class=\"elementor-section elementor-inner-section elementor-element elementor-element-e36cf53 elementor-section-boxed elementor-section-height-default elementor-section-height-default\" data-id=\"e36cf53\" data-element_type=\"section\">\n\t\t\t\t\t\t<div class=\"elementor-container elementor-column-gap-default\">\n\t\t\t\t\t<div class=\"elementor-column elementor-col-33 elementor-inner-column elementor-element elementor-element-49132e1\" data-id=\"49132e1\" data-element_type=\"column\" data-settings=\"{&quot;background_background&quot;:&quot;classic&quot;}\">\n\t\t\t<div class=\"elementor-widget-wrap elementor-element-populated\">\n\t\t\t\t\t<div class=\"elementor-background-overlay\"><\/div>\n\t\t\t\t\t\t<div class=\"elementor-element elementor-element-e07f0b2 elementor-widget-divider--view-line elementor-widget elementor-widget-divider\" data-id=\"e07f0b2\" data-element_type=\"widget\" data-widget_type=\"divider.default\">\n\t\t\t\t<div class=\"elementor-widget-container\">\n\t\t\t\t\t\t\t<div class=\"elementor-divider\">\n\t\t\t<span class=\"elementor-divider-separator\">\n\t\t\t\t\t\t<\/span>\n\t\t<\/div>\n\t\t\t\t\t\t<\/div>\n\t\t\t\t<\/div>\n\t\t\t\t<div class=\"elementor-element elementor-element-3b3cc06 elementor-widget elementor-widget-image\" data-id=\"3b3cc06\" data-element_type=\"widget\" data-widget_type=\"image.default\">\n\t\t\t\t<div class=\"elementor-widget-container\">\n\t\t\t\t\t\t\t\t\t\t\t\t\t\t\t\t<a href=\"http:\/\/mtnplast.com\/wp-content\/uploads\/2022\/08\/Lower-Guard1.png\" data-elementor-open-lightbox=\"yes\" data-elementor-lightbox-title=\"Lower Guard1\" data-e-action-hash=\"#elementor-action%3Aaction%3Dlightbox%26settings%3DeyJpZCI6Mjg2MCwidXJsIjoiaHR0cHM6XC9cL210bnBsYXN0LmNvbVwvd3AtY29udGVudFwvdXBsb2Fkc1wvMjAyMlwvMDhcL0xvd2VyLUd1YXJkMS5wbmcifQ%3D%3D\">\n\t\t\t\t\t\t\t<img fetchpriority=\"high\" decoding=\"async\" width=\"3432\" height=\"2320\" src=\"https:\/\/mtnplast.com\/wp-content\/uploads\/2022\/08\/Lower-Guard1.png\" class=\"attachment-full size-full wp-image-2860\" alt=\"\" srcset=\"https:\/\/mtnplast.com\/wp-content\/uploads\/2022\/08\/Lower-Guard1.png 3432w, https:\/\/mtnplast.com\/wp-content\/uploads\/2022\/08\/Lower-Guard1-300x203.png 300w, https:\/\/mtnplast.com\/wp-content\/uploads\/2022\/08\/Lower-Guard1-1024x692.png 1024w, https:\/\/mtnplast.com\/wp-content\/uploads\/2022\/08\/Lower-Guard1-768x519.png 768w, https:\/\/mtnplast.com\/wp-content\/uploads\/2022\/08\/Lower-Guard1-1536x1038.png 1536w, https:\/\/mtnplast.com\/wp-content\/uploads\/2022\/08\/Lower-Guard1-2048x1384.png 2048w\" sizes=\"(max-width: 3432px) 100vw, 3432px\" \/>\t\t\t\t\t\t\t\t<\/a>\n\t\t\t\t\t\t\t\t\t\t\t\t\t\t\t<\/div>\n\t\t\t\t<\/div>\n\t\t\t\t<div class=\"elementor-element elementor-element-a41bd52 elementor-widget elementor-widget-spacer\" data-id=\"a41bd52\" data-element_type=\"widget\" data-widget_type=\"spacer.default\">\n\t\t\t\t<div class=\"elementor-widget-container\">\n\t\t\t\t\t\t\t<div class=\"elementor-spacer\">\n\t\t\t<div class=\"elementor-spacer-inner\"><\/div>\n\t\t<\/div>\n\t\t\t\t\t\t<\/div>\n\t\t\t\t<\/div>\n\t\t\t\t<div class=\"elementor-element elementor-element-0850572 elementor-widget elementor-widget-text-editor\" data-id=\"0850572\" data-element_type=\"widget\" data-widget_type=\"text-editor.default\">\n\t\t\t\t<div class=\"elementor-widget-container\">\n\t\t\t\t\t\t\t\t\t<p style=\"text-align: center;\"><strong>Korumal\u0131k<\/strong><\/p><p style=\"text-align: center;\"><strong>1160x790x55 mm<\/strong><em><br \/><\/em><\/p>\t\t\t\t\t\t\t\t<\/div>\n\t\t\t\t<\/div>\n\t\t\t\t\t<\/div>\n\t\t<\/div>\n\t\t\t\t<div class=\"elementor-column elementor-col-33 elementor-inner-column elementor-element elementor-element-cf709d2\" data-id=\"cf709d2\" data-element_type=\"column\" data-settings=\"{&quot;background_background&quot;:&quot;classic&quot;}\">\n\t\t\t<div class=\"elementor-widget-wrap elementor-element-populated\">\n\t\t\t\t\t<div class=\"elementor-background-overlay\"><\/div>\n\t\t\t\t\t\t<div class=\"elementor-element elementor-element-5c633f8 elementor-widget elementor-widget-image\" data-id=\"5c633f8\" data-element_type=\"widget\" data-widget_type=\"image.default\">\n\t\t\t\t<div class=\"elementor-widget-container\">\n\t\t\t\t\t\t\t\t\t\t\t\t\t\t\t\t<a href=\"http:\/\/mtnplast.com\/wp-content\/uploads\/2022\/08\/Engine-Ventilation-Part1-1.png\" data-elementor-open-lightbox=\"yes\" data-elementor-lightbox-title=\"Engine Ventilation Part1\" data-e-action-hash=\"#elementor-action%3Aaction%3Dlightbox%26settings%3DeyJpZCI6Mjg4MCwidXJsIjoiaHR0cHM6XC9cL210bnBsYXN0LmNvbVwvd3AtY29udGVudFwvdXBsb2Fkc1wvMjAyMlwvMDhcL0VuZ2luZS1WZW50aWxhdGlvbi1QYXJ0MS0xLnBuZyJ9\">\n\t\t\t\t\t\t\t<img decoding=\"async\" width=\"4072\" height=\"1540\" src=\"https:\/\/mtnplast.com\/wp-content\/uploads\/2022\/08\/Engine-Ventilation-Part1-1.png\" class=\"attachment-full size-full wp-image-2880\" alt=\"\" srcset=\"https:\/\/mtnplast.com\/wp-content\/uploads\/2022\/08\/Engine-Ventilation-Part1-1.png 4072w, https:\/\/mtnplast.com\/wp-content\/uploads\/2022\/08\/Engine-Ventilation-Part1-1-300x113.png 300w, https:\/\/mtnplast.com\/wp-content\/uploads\/2022\/08\/Engine-Ventilation-Part1-1-1024x387.png 1024w, https:\/\/mtnplast.com\/wp-content\/uploads\/2022\/08\/Engine-Ventilation-Part1-1-768x290.png 768w, https:\/\/mtnplast.com\/wp-content\/uploads\/2022\/08\/Engine-Ventilation-Part1-1-1536x581.png 1536w, https:\/\/mtnplast.com\/wp-content\/uploads\/2022\/08\/Engine-Ventilation-Part1-1-2048x775.png 2048w\" sizes=\"(max-width: 4072px) 100vw, 4072px\" \/>\t\t\t\t\t\t\t\t<\/a>\n\t\t\t\t\t\t\t\t\t\t\t\t\t\t\t<\/div>\n\t\t\t\t<\/div>\n\t\t\t\t<div class=\"elementor-element elementor-element-af7d4a7 elementor-widget-divider--view-line elementor-widget elementor-widget-divider\" data-id=\"af7d4a7\" data-element_type=\"widget\" data-widget_type=\"divider.default\">\n\t\t\t\t<div class=\"elementor-widget-container\">\n\t\t\t\t\t\t\t<div class=\"elementor-divider\">\n\t\t\t<span class=\"elementor-divider-separator\">\n\t\t\t\t\t\t<\/span>\n\t\t<\/div>\n\t\t\t\t\t\t<\/div>\n\t\t\t\t<\/div>\n\t\t\t\t<div class=\"elementor-element elementor-element-f777940 elementor-widget elementor-widget-image\" data-id=\"f777940\" data-element_type=\"widget\" data-widget_type=\"image.default\">\n\t\t\t\t<div class=\"elementor-widget-container\">\n\t\t\t\t\t\t\t\t\t\t\t\t\t\t\t\t<a href=\"http:\/\/mtnplast.com\/wp-content\/uploads\/2022\/08\/Engine-Ventilation-Part2.png\" data-elementor-open-lightbox=\"yes\" data-elementor-lightbox-title=\"Engine Ventilation Part2\" data-e-action-hash=\"#elementor-action%3Aaction%3Dlightbox%26settings%3DeyJpZCI6Mjg4MywidXJsIjoiaHR0cHM6XC9cL210bnBsYXN0LmNvbVwvd3AtY29udGVudFwvdXBsb2Fkc1wvMjAyMlwvMDhcL0VuZ2luZS1WZW50aWxhdGlvbi1QYXJ0Mi5wbmcifQ%3D%3D\">\n\t\t\t\t\t\t\t<img decoding=\"async\" src=\"https:\/\/mtnplast.com\/wp-content\/uploads\/elementor\/thumbs\/Engine-Ventilation-Part2-psrjknail4xdeowh9kk0yxtuj329ueqysvqcat5g4o.png\" title=\"Engine Ventilation Part2\" alt=\"Engine Ventilation Part2\" loading=\"lazy\" \/>\t\t\t\t\t\t\t\t<\/a>\n\t\t\t\t\t\t\t\t\t\t\t\t\t\t\t<\/div>\n\t\t\t\t<\/div>\n\t\t\t\t<div class=\"elementor-element elementor-element-a6562bf elementor-widget elementor-widget-spacer\" data-id=\"a6562bf\" data-element_type=\"widget\" data-widget_type=\"spacer.default\">\n\t\t\t\t<div class=\"elementor-widget-container\">\n\t\t\t\t\t\t\t<div class=\"elementor-spacer\">\n\t\t\t<div class=\"elementor-spacer-inner\"><\/div>\n\t\t<\/div>\n\t\t\t\t\t\t<\/div>\n\t\t\t\t<\/div>\n\t\t\t\t<div class=\"elementor-element elementor-element-1c15c09 elementor-widget elementor-widget-text-editor\" data-id=\"1c15c09\" data-element_type=\"widget\" data-widget_type=\"text-editor.default\">\n\t\t\t\t<div class=\"elementor-widget-container\">\n\t\t\t\t\t\t\t\t\t<p style=\"text-align: center;\"><strong><em>Motor Havaland\u0131rma<br \/><\/em><\/strong><\/p><p style=\"text-align: center;\"><em><strong>270x100x60 mm<\/strong><br \/><\/em><\/p>\t\t\t\t\t\t\t\t<\/div>\n\t\t\t\t<\/div>\n\t\t\t\t\t<\/div>\n\t\t<\/div>\n\t\t\t\t<div class=\"elementor-column elementor-col-33 elementor-inner-column elementor-element elementor-element-951ad75\" data-id=\"951ad75\" data-element_type=\"column\" data-settings=\"{&quot;background_background&quot;:&quot;classic&quot;}\">\n\t\t\t<div class=\"elementor-widget-wrap elementor-element-populated\">\n\t\t\t\t\t<div class=\"elementor-background-overlay\"><\/div>\n\t\t\t\t\t\t<div class=\"elementor-element elementor-element-2b13084 elementor-widget elementor-widget-image\" data-id=\"2b13084\" data-element_type=\"widget\" data-widget_type=\"image.default\">\n\t\t\t\t<div class=\"elementor-widget-container\">\n\t\t\t\t\t\t\t\t\t\t\t\t\t\t\t\t<a href=\"http:\/\/mtnplast.com\/wp-content\/uploads\/2022\/09\/Arka-Koruma-Plakasi-1.png\" data-elementor-open-lightbox=\"yes\" data-e-action-hash=\"#elementor-action%3Aaction%3Dlightbox%26settings%3DeyJpZCI6NDI2NywidXJsIjoiaHR0cHM6XC9cL210bnBsYXN0LmNvbVwvd3AtY29udGVudFwvdXBsb2Fkc1wvMjAyMlwvMDlcL0Fya2EtS29ydW1hLVBsYWthc2ktMS5wbmcifQ%3D%3D\">\n\t\t\t\t\t\t\t<img decoding=\"async\" width=\"2048\" height=\"456\" src=\"https:\/\/mtnplast.com\/wp-content\/uploads\/2022\/09\/Arka-Koruma-Plakasi-1-2048x456.png\" class=\"attachment-2048x2048 size-2048x2048 wp-image-4267\" alt=\"\" srcset=\"https:\/\/mtnplast.com\/wp-content\/uploads\/2022\/09\/Arka-Koruma-Plakasi-1-2048x456.png 2048w, https:\/\/mtnplast.com\/wp-content\/uploads\/2022\/09\/Arka-Koruma-Plakasi-1-300x67.png 300w, https:\/\/mtnplast.com\/wp-content\/uploads\/2022\/09\/Arka-Koruma-Plakasi-1-1024x228.png 1024w, https:\/\/mtnplast.com\/wp-content\/uploads\/2022\/09\/Arka-Koruma-Plakasi-1-768x171.png 768w, https:\/\/mtnplast.com\/wp-content\/uploads\/2022\/09\/Arka-Koruma-Plakasi-1-1536x342.png 1536w\" sizes=\"(max-width: 2048px) 100vw, 2048px\" \/>\t\t\t\t\t\t\t\t<\/a>\n\t\t\t\t\t\t\t\t\t\t\t\t\t\t\t<\/div>\n\t\t\t\t<\/div>\n\t\t\t\t<div class=\"elementor-element elementor-element-eb8e225 elementor-widget elementor-widget-spacer\" data-id=\"eb8e225\" data-element_type=\"widget\" data-widget_type=\"spacer.default\">\n\t\t\t\t<div class=\"elementor-widget-container\">\n\t\t\t\t\t\t\t<div class=\"elementor-spacer\">\n\t\t\t<div class=\"elementor-spacer-inner\"><\/div>\n\t\t<\/div>\n\t\t\t\t\t\t<\/div>\n\t\t\t\t<\/div>\n\t\t\t\t<div class=\"elementor-element elementor-element-297d289 elementor-widget elementor-widget-image\" data-id=\"297d289\" data-element_type=\"widget\" data-widget_type=\"image.default\">\n\t\t\t\t<div class=\"elementor-widget-container\">\n\t\t\t\t\t\t\t\t\t\t\t\t\t\t\t\t<a href=\"http:\/\/mtnplast.com\/wp-content\/uploads\/2022\/09\/Arka-Koruma-Plakasi-2.png\" data-elementor-open-lightbox=\"yes\" data-e-action-hash=\"#elementor-action%3Aaction%3Dlightbox%26settings%3DeyJpZCI6NDI3MSwidXJsIjoiaHR0cHM6XC9cL210bnBsYXN0LmNvbVwvd3AtY29udGVudFwvdXBsb2Fkc1wvMjAyMlwvMDlcL0Fya2EtS29ydW1hLVBsYWthc2ktMi5wbmcifQ%3D%3D\">\n\t\t\t\t\t\t\t<img loading=\"lazy\" decoding=\"async\" width=\"800\" height=\"176\" src=\"https:\/\/mtnplast.com\/wp-content\/uploads\/2022\/09\/Arka-Koruma-Plakasi-2-1024x225.png\" class=\"attachment-large size-large wp-image-4271\" alt=\"\" srcset=\"https:\/\/mtnplast.com\/wp-content\/uploads\/2022\/09\/Arka-Koruma-Plakasi-2-1024x225.png 1024w, https:\/\/mtnplast.com\/wp-content\/uploads\/2022\/09\/Arka-Koruma-Plakasi-2-300x66.png 300w, https:\/\/mtnplast.com\/wp-content\/uploads\/2022\/09\/Arka-Koruma-Plakasi-2-768x169.png 768w, https:\/\/mtnplast.com\/wp-content\/uploads\/2022\/09\/Arka-Koruma-Plakasi-2-1536x338.png 1536w, https:\/\/mtnplast.com\/wp-content\/uploads\/2022\/09\/Arka-Koruma-Plakasi-2-2048x450.png 2048w\" sizes=\"(max-width: 800px) 100vw, 800px\" \/>\t\t\t\t\t\t\t\t<\/a>\n\t\t\t\t\t\t\t\t\t\t\t\t\t\t\t<\/div>\n\t\t\t\t<\/div>\n\t\t\t\t<div class=\"elementor-element elementor-element-49642c8 elementor-widget elementor-widget-text-editor\" data-id=\"49642c8\" data-element_type=\"widget\" data-widget_type=\"text-editor.default\">\n\t\t\t\t<div class=\"elementor-widget-container\">\n\t\t\t\t\t\t\t\t\t<p style=\"text-align: center;\"><span style=\"color: #000000;\"><strong>Arka Koruma Plakas\u0131 &#8211; PP<\/strong><\/span><\/p><p style=\"text-align: center;\"><span style=\"color: #000000;\"><strong>1583 gr<\/strong><\/span><\/p>\t\t\t\t\t\t\t\t<\/div>\n\t\t\t\t<\/div>\n\t\t\t\t\t<\/div>\n\t\t<\/div>\n\t\t\t\t\t<\/div>\n\t\t<\/section>\n\t\t\t\t<section class=\"elementor-section elementor-inner-section elementor-element elementor-element-67730c8 elementor-section-boxed elementor-section-height-default elementor-section-height-default\" data-id=\"67730c8\" data-element_type=\"section\">\n\t\t\t\t\t\t<div class=\"elementor-container elementor-column-gap-default\">\n\t\t\t\t\t<div class=\"elementor-column elementor-col-33 elementor-inner-column elementor-element elementor-element-c26b767\" data-id=\"c26b767\" data-element_type=\"column\">\n\t\t\t<div class=\"elementor-widget-wrap elementor-element-populated\">\n\t\t\t\t\t\t<div class=\"elementor-element elementor-element-5ceb1dc elementor-widget elementor-widget-image\" data-id=\"5ceb1dc\" data-element_type=\"widget\" data-widget_type=\"image.default\">\n\t\t\t\t<div class=\"elementor-widget-container\">\n\t\t\t\t\t\t\t\t\t\t\t\t\t\t\t\t<a href=\"http:\/\/mtnplast.com\/wp-content\/uploads\/2022\/09\/kutu-kapagi.png\" data-elementor-open-lightbox=\"yes\" data-e-action-hash=\"#elementor-action%3Aaction%3Dlightbox%26settings%3DeyJpZCI6NDI4MCwidXJsIjoiaHR0cHM6XC9cL210bnBsYXN0LmNvbVwvd3AtY29udGVudFwvdXBsb2Fkc1wvMjAyMlwvMDlcL2t1dHUta2FwYWdpLnBuZyJ9\">\n\t\t\t\t\t\t\t<img loading=\"lazy\" decoding=\"async\" width=\"300\" height=\"200\" src=\"https:\/\/mtnplast.com\/wp-content\/uploads\/2022\/09\/kutu-kapagi-300x200.png\" class=\"attachment-medium size-medium wp-image-4280\" alt=\"\" srcset=\"https:\/\/mtnplast.com\/wp-content\/uploads\/2022\/09\/kutu-kapagi-300x200.png 300w, https:\/\/mtnplast.com\/wp-content\/uploads\/2022\/09\/kutu-kapagi.png 585w\" sizes=\"(max-width: 300px) 100vw, 300px\" \/>\t\t\t\t\t\t\t\t<\/a>\n\t\t\t\t\t\t\t\t\t\t\t\t\t\t\t<\/div>\n\t\t\t\t<\/div>\n\t\t\t\t<div class=\"elementor-element elementor-element-727d413 elementor-widget elementor-widget-spacer\" data-id=\"727d413\" data-element_type=\"widget\" data-widget_type=\"spacer.default\">\n\t\t\t\t<div class=\"elementor-widget-container\">\n\t\t\t\t\t\t\t<div class=\"elementor-spacer\">\n\t\t\t<div class=\"elementor-spacer-inner\"><\/div>\n\t\t<\/div>\n\t\t\t\t\t\t<\/div>\n\t\t\t\t<\/div>\n\t\t\t\t<div class=\"elementor-element elementor-element-564a906 elementor-widget elementor-widget-text-editor\" data-id=\"564a906\" data-element_type=\"widget\" data-widget_type=\"text-editor.default\">\n\t\t\t\t<div class=\"elementor-widget-container\">\n\t\t\t\t\t\t\t\t\t<p style=\"text-align: center;\"><span style=\"color: #000000;\"><strong>Kutu Kapa\u011f\u0131 &#8211; PA66+GF30<\/strong><\/span><\/p><p style=\"text-align: center;\"><span style=\"color: #000000;\"><strong>252 gr<\/strong><\/span><\/p>\t\t\t\t\t\t\t\t<\/div>\n\t\t\t\t<\/div>\n\t\t\t\t\t<\/div>\n\t\t<\/div>\n\t\t\t\t<div class=\"elementor-column elementor-col-33 elementor-inner-column elementor-element elementor-element-091e86a\" data-id=\"091e86a\" data-element_type=\"column\">\n\t\t\t<div class=\"elementor-widget-wrap\">\n\t\t\t\t\t\t\t<\/div>\n\t\t<\/div>\n\t\t\t\t<div class=\"elementor-column elementor-col-33 elementor-inner-column elementor-element elementor-element-2bb6a71\" data-id=\"2bb6a71\" data-element_type=\"column\">\n\t\t\t<div class=\"elementor-widget-wrap\">\n\t\t\t\t\t\t\t<\/div>\n\t\t<\/div>\n\t\t\t\t\t<\/div>\n\t\t<\/section>\n\t\t\t\t\t<\/div>\n\t\t<\/div>\n\t\t\t\t\t<\/div>\n\t\t<\/section>\n\t\t\t\t<\/div>\n\t\t","protected":false},"excerpt":{"rendered":"<p>KAPUT ALTI \/ MOTOR Korumal\u0131k 1160x790x55 mm Motor Havaland\u0131rma 270x100x60 mm Arka Koruma Plakas\u0131 &#8211; PP 1583 gr Kutu Kapa\u011f\u0131 &#8211; PA66+GF30 252 gr<\/p>\n","protected":false},"author":1,"featured_media":0,"parent":0,"menu_order":0,"comment_status":"closed","ping_status":"closed","template":"","meta":{"footnotes":""},"class_list":["post-3732","page","type-page","status-publish","hentry"],"_links":{"self":[{"href":"https:\/\/mtnplast.com\/tr\/wp-json\/wp\/v2\/pages\/3732","targetHints":{"allow":["GET"]}}],"collection":[{"href":"https:\/\/mtnplast.com\/tr\/wp-json\/wp\/v2\/pages"}],"about":[{"href":"https:\/\/mtnplast.com\/tr\/wp-json\/wp\/v2\/types\/page"}],"author":[{"embeddable":true,"href":"https:\/\/mtnplast.com\/tr\/wp-json\/wp\/v2\/users\/1"}],"replies":[{"embeddable":true,"href":"https:\/\/mtnplast.com\/tr\/wp-json\/wp\/v2\/comments?post=3732"}],"version-history":[{"count":30,"href":"https:\/\/mtnplast.com\/tr\/wp-json\/wp\/v2\/pages\/3732\/revisions"}],"predecessor-version":[{"id":4867,"href":"https:\/\/mtnplast.com\/tr\/wp-json\/wp\/v2\/pages\/3732\/revisions\/4867"}],"wp:attachment":[{"href":"https:\/\/mtnplast.com\/tr\/wp-json\/wp\/v2\/media?parent=3732"}],"curies":[{"name":"wp","href":"https:\/\/api.w.org\/{rel}","templated":true}]}}