{"id":5346,"date":"2024-02-26T09:09:56","date_gmt":"2024-02-26T06:09:56","guid":{"rendered":"https:\/\/mtnplast.com\/?page_id=5346"},"modified":"2024-03-04T12:32:08","modified_gmt":"2024-03-04T09:32:08","slug":"mtn-blog","status":"publish","type":"page","link":"https:\/\/mtnplast.com\/tr\/mtn-blog\/","title":{"rendered":""},"content":{"rendered":"\t\t<div data-elementor-type=\"wp-page\" data-elementor-id=\"5346\" class=\"elementor elementor-5346\">\n\t\t\t\t\t\t<section class=\"elementor-section elementor-top-section elementor-element elementor-element-5ebd93b elementor-section-boxed elementor-section-height-default elementor-section-height-default\" data-id=\"5ebd93b\" data-element_type=\"section\">\n\t\t\t\t\t\t<div class=\"elementor-container elementor-column-gap-default\">\n\t\t\t\t\t<div class=\"elementor-column elementor-col-33 elementor-top-column elementor-element elementor-element-4c69d83\" data-id=\"4c69d83\" data-element_type=\"column\">\n\t\t\t<div class=\"elementor-widget-wrap elementor-element-populated\">\n\t\t\t\t\t\t<div class=\"elementor-element elementor-element-9e14079 elementor-widget elementor-widget-image\" data-id=\"9e14079\" data-element_type=\"widget\" data-widget_type=\"image.default\">\n\t\t\t\t<div class=\"elementor-widget-container\">\n\t\t\t\t\t\t\t\t\t\t\t\t\t\t\t<img fetchpriority=\"high\" decoding=\"async\" width=\"800\" height=\"695\" src=\"https:\/\/mtnplast.com\/wp-content\/uploads\/2024\/02\/mtnblog-1024x890.png\" class=\"attachment-large size-large wp-image-5381\" alt=\"\" srcset=\"https:\/\/mtnplast.com\/wp-content\/uploads\/2024\/02\/mtnblog-1024x890.png 1024w, https:\/\/mtnplast.com\/wp-content\/uploads\/2024\/02\/mtnblog-300x261.png 300w, https:\/\/mtnplast.com\/wp-content\/uploads\/2024\/02\/mtnblog-768x667.png 768w, https:\/\/mtnplast.com\/wp-content\/uploads\/2024\/02\/mtnblog.png 1282w\" sizes=\"(max-width: 800px) 100vw, 800px\" \/>\t\t\t\t\t\t\t\t\t\t\t\t\t\t\t<\/div>\n\t\t\t\t<\/div>\n\t\t\t\t<div class=\"elementor-element elementor-element-5f3f526 elementor-widget elementor-widget-text-editor\" data-id=\"5f3f526\" data-element_type=\"widget\" data-widget_type=\"text-editor.default\">\n\t\t\t\t<div class=\"elementor-widget-container\">\n\t\t\t\t\t\t\t\t\t<h5>MTN Kal\u0131p Standartlar\u0131 Nedir ?<\/h5><p>MTN Kal\u0131p b\u00fcnyesinde imal edilmi\u015f \u00fcr\u00fcnlere ait teknikresim ve\/veya bilgilerin kay\u0131t alt\u0131na al\u0131narak;<br \/>-ARGE \u00e7al\u0131\u015fmalar\u0131 ile g\u00fcncel hale d\u00f6n\u00fc\u015ft\u00fcrmek,<br \/>-Yeni kal\u0131p tasar\u0131m \u00e7al\u0131\u015fmalar\u0131m\u0131zda m\u00fc\u015fteri beklentilerine uygun \u015fekilde kullanmak,<br \/>-Ayn\u0131 fonksiyondaki benzer par\u00e7alar\u0131n standart imalat\u0131n\u0131 sa\u011flamak ve bu standardizasyon sayesinde stoklanabilir par\u00e7a olu\u015fturmak,<br \/>-M\u00fc\u015fterinin acil ihtiyac\u0131 halinde stoktan teslim imkan\u0131 sa\u011flamak,<br \/>-M\u00fc\u015fteri ve m\u00fc\u015fteri aday\u0131 firmalara firmam\u0131z\u0131n yeteneklerini h\u0131zl\u0131 ve g\u00fcvenilir bir \u015fekilde aktarmakt\u0131r<\/p>\t\t\t\t\t\t\t\t<\/div>\n\t\t\t\t<\/div>\n\t\t\t\t\t<\/div>\n\t\t<\/div>\n\t\t\t\t<div class=\"elementor-column elementor-col-33 elementor-top-column elementor-element elementor-element-72e6395\" data-id=\"72e6395\" data-element_type=\"column\">\n\t\t\t<div class=\"elementor-widget-wrap elementor-element-populated\">\n\t\t\t\t\t\t<div class=\"elementor-element elementor-element-fd4eeac elementor-widget elementor-widget-image\" data-id=\"fd4eeac\" data-element_type=\"widget\" data-widget_type=\"image.default\">\n\t\t\t\t<div class=\"elementor-widget-container\">\n\t\t\t\t\t\t\t\t\t\t\t\t\t\t\t<img decoding=\"async\" width=\"800\" height=\"700\" src=\"https:\/\/mtnplast.com\/wp-content\/uploads\/2024\/02\/kali.png\" class=\"attachment-large size-large wp-image-5387\" alt=\"\" srcset=\"https:\/\/mtnplast.com\/wp-content\/uploads\/2024\/02\/kali.png 1022w, https:\/\/mtnplast.com\/wp-content\/uploads\/2024\/02\/kali-300x262.png 300w, https:\/\/mtnplast.com\/wp-content\/uploads\/2024\/02\/kali-768x672.png 768w\" sizes=\"(max-width: 800px) 100vw, 800px\" \/>\t\t\t\t\t\t\t\t\t\t\t\t\t\t\t<\/div>\n\t\t\t\t<\/div>\n\t\t\t\t<div class=\"elementor-element elementor-element-cca8f8e elementor-widget elementor-widget-text-editor\" data-id=\"cca8f8e\" data-element_type=\"widget\" data-widget_type=\"text-editor.default\">\n\t\t\t\t<div class=\"elementor-widget-container\">\n\t\t\t\t\t\t\t\t\t<h6>\u00dcr\u00fcn Yap\u0131s\u0131na G\u00f6re Parting Line PL Z:O \u00c7izgisi ve Al\u0131\u015ft\u0131rma Y\u00fczeyi Belirleme Nas\u0131l Yap\u0131l\u0131r ?<\/h6>\t\t\t\t\t\t\t\t<\/div>\n\t\t\t\t<\/div>\n\t\t\t\t\t<\/div>\n\t\t<\/div>\n\t\t\t\t<div class=\"elementor-column elementor-col-33 elementor-top-column elementor-element elementor-element-6283504\" data-id=\"6283504\" data-element_type=\"column\">\n\t\t\t<div class=\"elementor-widget-wrap elementor-element-populated\">\n\t\t\t\t\t\t<div class=\"elementor-element elementor-element-53805de elementor-widget elementor-widget-image\" data-id=\"53805de\" data-element_type=\"widget\" data-widget_type=\"image.default\">\n\t\t\t\t<div class=\"elementor-widget-container\">\n\t\t\t\t\t\t\t\t\t\t\t\t\t\t\t<img decoding=\"async\" width=\"634\" height=\"462\" src=\"https:\/\/mtnplast.com\/wp-content\/uploads\/2024\/02\/mtnblogre.png\" class=\"attachment-large size-large wp-image-5384\" alt=\"\" srcset=\"https:\/\/mtnplast.com\/wp-content\/uploads\/2024\/02\/mtnblogre.png 634w, https:\/\/mtnplast.com\/wp-content\/uploads\/2024\/02\/mtnblogre-300x219.png 300w\" sizes=\"(max-width: 634px) 100vw, 634px\" \/>\t\t\t\t\t\t\t\t\t\t\t\t\t\t\t<\/div>\n\t\t\t\t<\/div>\n\t\t\t\t<div class=\"elementor-element elementor-element-8255fe3 elementor-widget elementor-widget-text-editor\" data-id=\"8255fe3\" data-element_type=\"widget\" data-widget_type=\"text-editor.default\">\n\t\t\t\t<div class=\"elementor-widget-container\">\n\t\t\t\t\t\t\t\t\t<h6><span style=\"color: #000000;\"><strong>Kal\u0131p Ayr\u0131mlar\u0131n\u0131n Renklendirilmesi Nas\u0131l Yap\u0131l\u0131r ?<\/strong><\/span><\/h6><p>Kal\u0131p datalar\u0131ndaki \u00fcr\u00fcn-\u00e7elik al\u0131\u015ft\u0131rma y\u00fczeyleri &#8211; lokma-ma\u00e7a yuvalar\u0131 alt resimde tan\u0131ml\u0131 renklere g\u00f6re olu\u015fturulmal\u0131d\u0131r. Cam datalar\u0131nda buna g\u00f6re yazd\u0131r\u0131l\u0131lacakt\u0131r. Al\u0131\u015ft\u0131rma ve \u00fcr\u00fcn ayn\u0131 y\u00fczey devam\u0131nda olan ayr\u0131m larda da y\u00fczey split ile b\u00f6l\u00fcnerek \u00fcr\u00fcn ve al\u0131\u015ft\u0131rma hatt\u0131 ayr\u0131 Renklendirilecektir.Tasar\u0131m ilk a\u015famada olu\u015fturulan datalarda de\u011fi\u015fiklik yap\u0131laca\u011f\u0131 zaman xt yazd\u0131r\u0131larak yeni part\u0131n i\u00e7in al\u0131nmal\u0131d\u0131r.Aksi halde renkler kaybolmu\u015f olacakt\u0131r.<\/p>\t\t\t\t\t\t\t\t<\/div>\n\t\t\t\t<\/div>\n\t\t\t\t\t<\/div>\n\t\t<\/div>\n\t\t\t\t\t<\/div>\n\t\t<\/section>\n\t\t\t\t<section class=\"elementor-section elementor-top-section elementor-element elementor-element-0f761d2 elementor-section-boxed elementor-section-height-default elementor-section-height-default\" data-id=\"0f761d2\" data-element_type=\"section\">\n\t\t\t\t\t\t<div class=\"elementor-container elementor-column-gap-default\">\n\t\t\t\t\t<div class=\"elementor-column elementor-col-33 elementor-top-column elementor-element elementor-element-cc5036e\" data-id=\"cc5036e\" data-element_type=\"column\">\n\t\t\t<div class=\"elementor-widget-wrap elementor-element-populated\">\n\t\t\t\t\t\t<div class=\"elementor-element elementor-element-6ba5f75 elementor-widget elementor-widget-image\" data-id=\"6ba5f75\" data-element_type=\"widget\" data-widget_type=\"image.default\">\n\t\t\t\t<div class=\"elementor-widget-container\">\n\t\t\t\t\t\t\t\t\t\t\t\t\t\t\t<img loading=\"lazy\" decoding=\"async\" width=\"800\" height=\"691\" src=\"https:\/\/mtnplast.com\/wp-content\/uploads\/2024\/02\/gaz.png\" class=\"attachment-large size-large wp-image-5394\" alt=\"\" srcset=\"https:\/\/mtnplast.com\/wp-content\/uploads\/2024\/02\/gaz.png 824w, https:\/\/mtnplast.com\/wp-content\/uploads\/2024\/02\/gaz-300x259.png 300w, https:\/\/mtnplast.com\/wp-content\/uploads\/2024\/02\/gaz-768x664.png 768w\" sizes=\"(max-width: 800px) 100vw, 800px\" \/>\t\t\t\t\t\t\t\t\t\t\t\t\t\t\t<\/div>\n\t\t\t\t<\/div>\n\t\t\t\t<div class=\"elementor-element elementor-element-19c5477 elementor-widget elementor-widget-text-editor\" data-id=\"19c5477\" data-element_type=\"widget\" data-widget_type=\"text-editor.default\">\n\t\t\t\t<div class=\"elementor-widget-container\">\n\t\t\t\t\t\t\t\t\t<h5>Mtn Kal\u0131p Gaz Kanallar\u0131 Standartlar\u0131 ve Kal\u0131plarda Gaz Kanallar\u0131 Nas\u0131l Kullan\u0131l\u0131r ?<\/h5><p>Kal\u0131pta sabit, hareketli \u00e7elik, ma\u00e7a, lokma, e\u011fik itici vs kapand\u0131ktan sonra kal\u0131b\u0131n i\u00e7erisinde kalan havay\u0131 d\u0131\u015far\u0131 atmak i\u00e7in b\u00fct\u00fcn kal\u0131plarda gaz kanal\u0131 a\u00e7mak \u015fartt\u0131r. Gaz kanal\u0131 a\u00e7\u0131lmad\u0131\u011f\u0131nda \u00f6zellikle baz\u0131 hammaddelerde(POM,PA,PC,ABS) daha belirgin, b\u00fct\u00fcn plastiklerde gaz s\u0131k\u0131\u015fmas\u0131nda dolay\u0131 \u00fcr\u00fcnde yanma, kararma ve eksik dolum problemi g\u00f6r\u00fcn\u00fcr. Bu nedenden dolay\u0131 b\u00fct\u00fcn kal\u0131plara gaz kanal\u0131 a\u00e7\u0131lmas\u0131 gerekmektedir.Gaz kanal\u0131 plastik \u00fcr\u00fcn\u00fcn fig\u00fcr\u00fcne ve desen durumuna g\u00f6re hareketli ve sabit tarafa a\u00e7\u0131labilir. \u00dcr\u00fcnde desen varsa gaz kanal\u0131 i\u00e7in y\u00f6netici onay\u0131 almak gerekir.<\/p>\t\t\t\t\t\t\t\t<\/div>\n\t\t\t\t<\/div>\n\t\t\t\t\t<\/div>\n\t\t<\/div>\n\t\t\t\t<div class=\"elementor-column elementor-col-33 elementor-top-column elementor-element elementor-element-e8ebcf3\" data-id=\"e8ebcf3\" data-element_type=\"column\">\n\t\t\t<div class=\"elementor-widget-wrap elementor-element-populated\">\n\t\t\t\t\t\t<div class=\"elementor-element elementor-element-728a230 elementor-widget elementor-widget-image\" data-id=\"728a230\" data-element_type=\"widget\" data-widget_type=\"image.default\">\n\t\t\t\t<div class=\"elementor-widget-container\">\n\t\t\t\t\t\t\t\t\t\t\t\t\t\t\t<img loading=\"lazy\" decoding=\"async\" width=\"780\" height=\"418\" src=\"https:\/\/mtnplast.com\/wp-content\/uploads\/2024\/02\/yayli.png\" class=\"attachment-large size-large wp-image-5397\" alt=\"\" srcset=\"https:\/\/mtnplast.com\/wp-content\/uploads\/2024\/02\/yayli.png 780w, https:\/\/mtnplast.com\/wp-content\/uploads\/2024\/02\/yayli-300x161.png 300w, https:\/\/mtnplast.com\/wp-content\/uploads\/2024\/02\/yayli-768x412.png 768w\" sizes=\"(max-width: 780px) 100vw, 780px\" \/>\t\t\t\t\t\t\t\t\t\t\t\t\t\t\t<\/div>\n\t\t\t\t<\/div>\n\t\t\t\t<div class=\"elementor-element elementor-element-063af73 elementor-widget elementor-widget-text-editor\" data-id=\"063af73\" data-element_type=\"widget\" data-widget_type=\"text-editor.default\">\n\t\t\t\t<div class=\"elementor-widget-container\">\n\t\t\t\t\t\t\t\t\t<h6>Yayl\u0131 Lokma Standartlar\u0131 Nedir ? Yayl\u0131 Lokmalar Nas\u0131l Kullan\u0131l\u0131r Avantajlar\u0131 Dezavantajlar\u0131 Nelerdir ?\u00a0<\/h6><p>Kal\u0131plarda kullan\u0131lan yayl\u0131 lokmalar plastik enjeksiyon bas\u0131nc\u0131na maruz kald\u0131\u011f\u0131nda lokma geri ka\u00e7ar . Yay hi\u00e7bir zaman plastik bas\u0131nc\u0131na kar\u015f\u0131lamaz. Bundan dolay\u0131 yayl\u0131 lokmalar yerine geldi\u011fi konumda \u00e7eli\u011fe dayanmal\u0131d\u0131r.<\/p>\t\t\t\t\t\t\t\t<\/div>\n\t\t\t\t<\/div>\n\t\t\t\t\t<\/div>\n\t\t<\/div>\n\t\t\t\t<div class=\"elementor-column elementor-col-33 elementor-top-column elementor-element elementor-element-161bacc\" data-id=\"161bacc\" data-element_type=\"column\">\n\t\t\t<div class=\"elementor-widget-wrap elementor-element-populated\">\n\t\t\t\t\t\t<div class=\"elementor-element elementor-element-731088c elementor-widget elementor-widget-image\" data-id=\"731088c\" data-element_type=\"widget\" data-widget_type=\"image.default\">\n\t\t\t\t<div class=\"elementor-widget-container\">\n\t\t\t\t\t\t\t\t\t\t\t\t\t\t\t<img loading=\"lazy\" decoding=\"async\" width=\"800\" height=\"693\" src=\"https:\/\/mtnplast.com\/wp-content\/uploads\/2024\/02\/lokma.png\" class=\"attachment-large size-large wp-image-5400\" alt=\"\" srcset=\"https:\/\/mtnplast.com\/wp-content\/uploads\/2024\/02\/lokma.png 820w, https:\/\/mtnplast.com\/wp-content\/uploads\/2024\/02\/lokma-300x260.png 300w, https:\/\/mtnplast.com\/wp-content\/uploads\/2024\/02\/lokma-768x665.png 768w\" sizes=\"(max-width: 800px) 100vw, 800px\" \/>\t\t\t\t\t\t\t\t\t\t\t\t\t\t\t<\/div>\n\t\t\t\t<\/div>\n\t\t\t\t<div class=\"elementor-element elementor-element-2de5f89 elementor-widget elementor-widget-text-editor\" data-id=\"2de5f89\" data-element_type=\"widget\" data-widget_type=\"text-editor.default\">\n\t\t\t\t<div class=\"elementor-widget-container\">\n\t\t\t\t\t\t\t\t\t<h5>Lokma Al\u0131\u015ft\u0131rma Standart\u0131 Nelerdir\u00a0?\u00dcr\u00fcn Yap\u0131s\u0131na G\u00f6re Al\u0131\u015ft\u0131rma Hatt\u0131 Belirleme \u00d6nemi Nelerdir ?<\/h5>\t\t\t\t\t\t\t\t<\/div>\n\t\t\t\t<\/div>\n\t\t\t\t\t<\/div>\n\t\t<\/div>\n\t\t\t\t\t<\/div>\n\t\t<\/section>\n\t\t\t\t<\/div>\n\t\t","protected":false},"excerpt":{"rendered":"<p>MTN Kal\u0131p Standartlar\u0131 Nedir ? MTN Kal\u0131p b\u00fcnyesinde imal edilmi\u015f \u00fcr\u00fcnlere ait teknikresim ve\/veya bilgilerin kay\u0131t alt\u0131na al\u0131narak; -ARGE \u00e7al\u0131\u015fmalar\u0131 ile g\u00fcncel hale d\u00f6n\u00fc\u015ft\u00fcrmek, -Yeni kal\u0131p tasar\u0131m \u00e7al\u0131\u015fmalar\u0131m\u0131zda m\u00fc\u015fteri beklentilerine uygun \u015fekilde kullanmak, -Ayn\u0131 fonksiyondaki benzer par\u00e7alar\u0131n standart imalat\u0131n\u0131 sa\u011flamak ve bu standardizasyon sayesinde stoklanabilir par\u00e7a olu\u015fturmak, -M\u00fc\u015fterinin acil ihtiyac\u0131 halinde stoktan teslim imkan\u0131 sa\u011flamak, [&hellip;]<\/p>\n","protected":false},"author":1,"featured_media":0,"parent":0,"menu_order":0,"comment_status":"closed","ping_status":"closed","template":"","meta":{"footnotes":""},"class_list":["post-5346","page","type-page","status-publish","hentry"],"_links":{"self":[{"href":"https:\/\/mtnplast.com\/tr\/wp-json\/wp\/v2\/pages\/5346","targetHints":{"allow":["GET"]}}],"collection":[{"href":"https:\/\/mtnplast.com\/tr\/wp-json\/wp\/v2\/pages"}],"about":[{"href":"https:\/\/mtnplast.com\/tr\/wp-json\/wp\/v2\/types\/page"}],"author":[{"embeddable":true,"href":"https:\/\/mtnplast.com\/tr\/wp-json\/wp\/v2\/users\/1"}],"replies":[{"embeddable":true,"href":"https:\/\/mtnplast.com\/tr\/wp-json\/wp\/v2\/comments?post=5346"}],"version-history":[{"count":15,"href":"https:\/\/mtnplast.com\/tr\/wp-json\/wp\/v2\/pages\/5346\/revisions"}],"predecessor-version":[{"id":5418,"href":"https:\/\/mtnplast.com\/tr\/wp-json\/wp\/v2\/pages\/5346\/revisions\/5418"}],"wp:attachment":[{"href":"https:\/\/mtnplast.com\/tr\/wp-json\/wp\/v2\/media?parent=5346"}],"curies":[{"name":"wp","href":"https:\/\/api.w.org\/{rel}","templated":true}]}}