{"id":5457,"date":"2024-07-17T06:32:27","date_gmt":"2024-07-17T03:32:27","guid":{"rendered":"https:\/\/mtnplast.com\/?page_id=5457"},"modified":"2024-07-23T13:50:39","modified_gmt":"2024-07-23T10:50:39","slug":"sertifikalar","status":"publish","type":"page","link":"https:\/\/mtnplast.com\/tr\/sertifikalar\/","title":{"rendered":"S\u00fcrd\u00fcr\u00fclebilirlik"},"content":{"rendered":"\t\t<div data-elementor-type=\"wp-page\" data-elementor-id=\"5457\" class=\"elementor elementor-5457\">\n\t\t\t\t\t\t<section class=\"elementor-section elementor-top-section elementor-element elementor-element-e5435d1 elementor-section-boxed elementor-section-height-default elementor-section-height-default\" data-id=\"e5435d1\" data-element_type=\"section\">\n\t\t\t\t\t\t<div class=\"elementor-container elementor-column-gap-default\">\n\t\t\t\t\t<div class=\"elementor-column elementor-col-33 elementor-top-column elementor-element elementor-element-2eb03b2\" data-id=\"2eb03b2\" data-element_type=\"column\">\n\t\t\t<div class=\"elementor-widget-wrap elementor-element-populated\">\n\t\t\t\t\t\t<div class=\"elementor-element elementor-element-8662764 elementor-widget elementor-widget-image\" data-id=\"8662764\" data-element_type=\"widget\" data-widget_type=\"image.default\">\n\t\t\t\t<div class=\"elementor-widget-container\">\n\t\t\t\t\t\t\t\t\t\t\t\t\t\t\t\t<a href=\"https:\/\/mtnplast.com\/tr\/cevre-politikasi\/\">\n\t\t\t\t\t\t\t<img fetchpriority=\"high\" decoding=\"async\" width=\"500\" height=\"333\" src=\"https:\/\/mtnplast.com\/wp-content\/uploads\/2024\/07\/cevre-politikasi_0012_Arka-Plan.jpg\" class=\"attachment-full size-full wp-image-5491\" alt=\"\" srcset=\"https:\/\/mtnplast.com\/wp-content\/uploads\/2024\/07\/cevre-politikasi_0012_Arka-Plan.jpg 500w, https:\/\/mtnplast.com\/wp-content\/uploads\/2024\/07\/cevre-politikasi_0012_Arka-Plan-300x200.jpg 300w\" sizes=\"(max-width: 500px) 100vw, 500px\" \/>\t\t\t\t\t\t\t\t<\/a>\n\t\t\t\t\t\t\t\t\t\t\t\t\t\t\t<\/div>\n\t\t\t\t<\/div>\n\t\t\t\t<div class=\"elementor-element elementor-element-d72b132 elementor-widget elementor-widget-heading\" data-id=\"d72b132\" data-element_type=\"widget\" data-widget_type=\"heading.default\">\n\t\t\t\t<div class=\"elementor-widget-container\">\n\t\t\t\t\t<h2 class=\"elementor-heading-title elementor-size-default\"><a href=\"https:\/\/mtnplast.com\/tr\/cevre-politikasi\/\">\u00c7evre Politikas\u0131<\/a><\/h2>\t\t\t\t<\/div>\n\t\t\t\t<\/div>\n\t\t\t\t\t<\/div>\n\t\t<\/div>\n\t\t\t\t<div class=\"elementor-column elementor-col-33 elementor-top-column elementor-element elementor-element-7df8e44\" data-id=\"7df8e44\" data-element_type=\"column\">\n\t\t\t<div class=\"elementor-widget-wrap elementor-element-populated\">\n\t\t\t\t\t\t<div class=\"elementor-element elementor-element-b9d5471 elementor-widget elementor-widget-image\" data-id=\"b9d5471\" data-element_type=\"widget\" data-widget_type=\"image.default\">\n\t\t\t\t<div class=\"elementor-widget-container\">\n\t\t\t\t\t\t\t\t\t\t\t\t\t\t\t\t<a href=\"https:\/\/mtnplast.com\/tr\/su-politikasi\/\">\n\t\t\t\t\t\t\t<img decoding=\"async\" width=\"500\" height=\"333\" src=\"https:\/\/mtnplast.com\/wp-content\/uploads\/2024\/07\/cevre-politikasi_0005_su-politikasi.jpg\" class=\"attachment-full size-full wp-image-5470\" alt=\"\" srcset=\"https:\/\/mtnplast.com\/wp-content\/uploads\/2024\/07\/cevre-politikasi_0005_su-politikasi.jpg 500w, https:\/\/mtnplast.com\/wp-content\/uploads\/2024\/07\/cevre-politikasi_0005_su-politikasi-300x200.jpg 300w\" sizes=\"(max-width: 500px) 100vw, 500px\" \/>\t\t\t\t\t\t\t\t<\/a>\n\t\t\t\t\t\t\t\t\t\t\t\t\t\t\t<\/div>\n\t\t\t\t<\/div>\n\t\t\t\t<div class=\"elementor-element elementor-element-ac43a84 elementor-widget elementor-widget-heading\" data-id=\"ac43a84\" data-element_type=\"widget\" data-widget_type=\"heading.default\">\n\t\t\t\t<div class=\"elementor-widget-container\">\n\t\t\t\t\t<h2 class=\"elementor-heading-title elementor-size-default\"><a href=\"https:\/\/mtnplast.com\/tr\/su-politikasi\/\">Su Politikas\u0131<\/a><\/h2>\t\t\t\t<\/div>\n\t\t\t\t<\/div>\n\t\t\t\t\t<\/div>\n\t\t<\/div>\n\t\t\t\t<div class=\"elementor-column elementor-col-33 elementor-top-column elementor-element elementor-element-a48c40e\" data-id=\"a48c40e\" data-element_type=\"column\">\n\t\t\t<div class=\"elementor-widget-wrap elementor-element-populated\">\n\t\t\t\t\t\t<div class=\"elementor-element elementor-element-b0bce78 elementor-widget elementor-widget-image\" data-id=\"b0bce78\" data-element_type=\"widget\" data-widget_type=\"image.default\">\n\t\t\t\t<div class=\"elementor-widget-container\">\n\t\t\t\t\t\t\t\t\t\t\t\t\t\t\t\t<a href=\"https:\/\/mtnplast.com\/tr\/ayrimcilik-ve-taciz-onleme-politikasi\/\">\n\t\t\t\t\t\t\t<img decoding=\"async\" width=\"500\" height=\"333\" src=\"https:\/\/mtnplast.com\/wp-content\/uploads\/2024\/07\/cevre-politikasi_0002_taciz-onleme.jpg\" class=\"attachment-full size-full wp-image-5461\" alt=\"\" srcset=\"https:\/\/mtnplast.com\/wp-content\/uploads\/2024\/07\/cevre-politikasi_0002_taciz-onleme.jpg 500w, https:\/\/mtnplast.com\/wp-content\/uploads\/2024\/07\/cevre-politikasi_0002_taciz-onleme-300x200.jpg 300w\" sizes=\"(max-width: 500px) 100vw, 500px\" \/>\t\t\t\t\t\t\t\t<\/a>\n\t\t\t\t\t\t\t\t\t\t\t\t\t\t\t<\/div>\n\t\t\t\t<\/div>\n\t\t\t\t<div class=\"elementor-element elementor-element-9f0e61b elementor-widget elementor-widget-heading\" data-id=\"9f0e61b\" data-element_type=\"widget\" data-widget_type=\"heading.default\">\n\t\t\t\t<div class=\"elementor-widget-container\">\n\t\t\t\t\t<h2 class=\"elementor-heading-title elementor-size-default\"><a href=\"https:\/\/mtnplast.com\/tr\/ayrimcilik-ve-taciz-onleme-politikasi\/\">Ayr\u0131mc\u0131l\u0131k ve Taciz \u00d6nleme Politikas\u0131<\/a><\/h2>\t\t\t\t<\/div>\n\t\t\t\t<\/div>\n\t\t\t\t\t<\/div>\n\t\t<\/div>\n\t\t\t\t\t<\/div>\n\t\t<\/section>\n\t\t\t\t<section class=\"elementor-section elementor-top-section elementor-element elementor-element-7c260d5 elementor-section-boxed elementor-section-height-default elementor-section-height-default\" data-id=\"7c260d5\" data-element_type=\"section\">\n\t\t\t\t\t\t<div class=\"elementor-container elementor-column-gap-default\">\n\t\t\t\t\t<div class=\"elementor-column elementor-col-33 elementor-top-column elementor-element elementor-element-e54a984\" data-id=\"e54a984\" data-element_type=\"column\">\n\t\t\t<div class=\"elementor-widget-wrap elementor-element-populated\">\n\t\t\t\t\t\t<div class=\"elementor-element elementor-element-621041f elementor-widget elementor-widget-image\" data-id=\"621041f\" data-element_type=\"widget\" data-widget_type=\"image.default\">\n\t\t\t\t<div class=\"elementor-widget-container\">\n\t\t\t\t\t\t\t\t\t\t\t\t\t\t\t\t<a href=\"https:\/\/mtnplast.com\/tr\/sosyal-uygunluk-politikasi\/\">\n\t\t\t\t\t\t\t<img loading=\"lazy\" decoding=\"async\" width=\"500\" height=\"333\" src=\"https:\/\/mtnplast.com\/wp-content\/uploads\/2024\/07\/cevre-politikasi_0006_sosyal-uygunluk-politikasi.jpg\" class=\"attachment-full size-full wp-image-5473\" alt=\"\" srcset=\"https:\/\/mtnplast.com\/wp-content\/uploads\/2024\/07\/cevre-politikasi_0006_sosyal-uygunluk-politikasi.jpg 500w, https:\/\/mtnplast.com\/wp-content\/uploads\/2024\/07\/cevre-politikasi_0006_sosyal-uygunluk-politikasi-300x200.jpg 300w\" sizes=\"(max-width: 500px) 100vw, 500px\" \/>\t\t\t\t\t\t\t\t<\/a>\n\t\t\t\t\t\t\t\t\t\t\t\t\t\t\t<\/div>\n\t\t\t\t<\/div>\n\t\t\t\t<div class=\"elementor-element elementor-element-78f85df elementor-widget elementor-widget-heading\" data-id=\"78f85df\" data-element_type=\"widget\" data-widget_type=\"heading.default\">\n\t\t\t\t<div class=\"elementor-widget-container\">\n\t\t\t\t\t<h2 class=\"elementor-heading-title elementor-size-default\"><a href=\"https:\/\/mtnplast.com\/tr\/sosyal-uygunluk-politikasi\/\">Sosyal Uygunluk Politikas\u0131<\/a><\/h2>\t\t\t\t<\/div>\n\t\t\t\t<\/div>\n\t\t\t\t\t<\/div>\n\t\t<\/div>\n\t\t\t\t<div class=\"elementor-column elementor-col-33 elementor-top-column elementor-element elementor-element-c8c99da\" data-id=\"c8c99da\" data-element_type=\"column\">\n\t\t\t<div class=\"elementor-widget-wrap elementor-element-populated\">\n\t\t\t\t\t\t<div class=\"elementor-element elementor-element-f5ce7c8 elementor-widget elementor-widget-image\" data-id=\"f5ce7c8\" data-element_type=\"widget\" data-widget_type=\"image.default\">\n\t\t\t\t<div class=\"elementor-widget-container\">\n\t\t\t\t\t\t\t\t\t\t\t\t\t\t\t\t<a href=\"https:\/\/mtnplast.com\/tr\/surdurulebilirlik-politikasi\/\">\n\t\t\t\t\t\t\t<img loading=\"lazy\" decoding=\"async\" width=\"500\" height=\"333\" src=\"https:\/\/mtnplast.com\/wp-content\/uploads\/2024\/07\/cevre-politikasi_0003_surdurulebilirlik-politikasi.jpg\" class=\"attachment-full size-full wp-image-5464\" alt=\"\" srcset=\"https:\/\/mtnplast.com\/wp-content\/uploads\/2024\/07\/cevre-politikasi_0003_surdurulebilirlik-politikasi.jpg 500w, https:\/\/mtnplast.com\/wp-content\/uploads\/2024\/07\/cevre-politikasi_0003_surdurulebilirlik-politikasi-300x200.jpg 300w\" sizes=\"(max-width: 500px) 100vw, 500px\" \/>\t\t\t\t\t\t\t\t<\/a>\n\t\t\t\t\t\t\t\t\t\t\t\t\t\t\t<\/div>\n\t\t\t\t<\/div>\n\t\t\t\t<div class=\"elementor-element elementor-element-d7658e2 elementor-widget elementor-widget-heading\" data-id=\"d7658e2\" data-element_type=\"widget\" data-widget_type=\"heading.default\">\n\t\t\t\t<div class=\"elementor-widget-container\">\n\t\t\t\t\t<h2 class=\"elementor-heading-title elementor-size-default\"><a href=\"https:\/\/mtnplast.com\/tr\/surdurulebilirlik-politikasi\/\">S\u00fcrd\u00fcr\u00fclebilirlik Politikas\u0131<\/a><\/h2>\t\t\t\t<\/div>\n\t\t\t\t<\/div>\n\t\t\t\t\t<\/div>\n\t\t<\/div>\n\t\t\t\t<div class=\"elementor-column elementor-col-33 elementor-top-column elementor-element elementor-element-3f68159\" data-id=\"3f68159\" data-element_type=\"column\">\n\t\t\t<div class=\"elementor-widget-wrap elementor-element-populated\">\n\t\t\t\t\t\t<div class=\"elementor-element elementor-element-9042775 elementor-widget elementor-widget-image\" data-id=\"9042775\" data-element_type=\"widget\" data-widget_type=\"image.default\">\n\t\t\t\t<div class=\"elementor-widget-container\">\n\t\t\t\t\t\t\t\t\t\t\t\t\t\t\t\t<a href=\"https:\/\/mtnplast.com\/tr\/sosyal-uygunluk-hedefleri\/\">\n\t\t\t\t\t\t\t<img loading=\"lazy\" decoding=\"async\" width=\"500\" height=\"333\" src=\"https:\/\/mtnplast.com\/wp-content\/uploads\/2024\/07\/cevre-politikasi_0007_sosyal-uygunluk-hedefleri.jpg\" class=\"attachment-full size-full wp-image-5476\" alt=\"\" srcset=\"https:\/\/mtnplast.com\/wp-content\/uploads\/2024\/07\/cevre-politikasi_0007_sosyal-uygunluk-hedefleri.jpg 500w, https:\/\/mtnplast.com\/wp-content\/uploads\/2024\/07\/cevre-politikasi_0007_sosyal-uygunluk-hedefleri-300x200.jpg 300w\" sizes=\"(max-width: 500px) 100vw, 500px\" \/>\t\t\t\t\t\t\t\t<\/a>\n\t\t\t\t\t\t\t\t\t\t\t\t\t\t\t<\/div>\n\t\t\t\t<\/div>\n\t\t\t\t<div class=\"elementor-element elementor-element-77b3626 elementor-widget elementor-widget-heading\" data-id=\"77b3626\" data-element_type=\"widget\" data-widget_type=\"heading.default\">\n\t\t\t\t<div class=\"elementor-widget-container\">\n\t\t\t\t\t<h2 class=\"elementor-heading-title elementor-size-default\"><a href=\"https:\/\/mtnplast.com\/tr\/sosyal-uygunluk-hedefleri\/\">Sosyal Uygunluk Hedefleri<\/a><\/h2>\t\t\t\t<\/div>\n\t\t\t\t<\/div>\n\t\t\t\t\t<\/div>\n\t\t<\/div>\n\t\t\t\t\t<\/div>\n\t\t<\/section>\n\t\t\t\t<section class=\"elementor-section elementor-top-section elementor-element elementor-element-78ed781 elementor-section-boxed elementor-section-height-default elementor-section-height-default\" data-id=\"78ed781\" data-element_type=\"section\">\n\t\t\t\t\t\t<div class=\"elementor-container elementor-column-gap-default\">\n\t\t\t\t\t<div class=\"elementor-column elementor-col-33 elementor-top-column elementor-element elementor-element-560f67b\" data-id=\"560f67b\" data-element_type=\"column\">\n\t\t\t<div class=\"elementor-widget-wrap elementor-element-populated\">\n\t\t\t\t\t\t<div class=\"elementor-element elementor-element-1053c27 elementor-widget elementor-widget-image\" data-id=\"1053c27\" data-element_type=\"widget\" data-widget_type=\"image.default\">\n\t\t\t\t<div class=\"elementor-widget-container\">\n\t\t\t\t\t\t\t\t\t\t\t\t\t\t\t\t<a href=\"https:\/\/mtnplast.com\/tr\/insan-haklari-politikasi\/\">\n\t\t\t\t\t\t\t<img loading=\"lazy\" decoding=\"async\" width=\"500\" height=\"333\" src=\"https:\/\/mtnplast.com\/wp-content\/uploads\/2024\/07\/cevre-politikasi_0009_insan-haklari-politikasi.jpg\" class=\"attachment-full size-full wp-image-5482\" alt=\"\" srcset=\"https:\/\/mtnplast.com\/wp-content\/uploads\/2024\/07\/cevre-politikasi_0009_insan-haklari-politikasi.jpg 500w, https:\/\/mtnplast.com\/wp-content\/uploads\/2024\/07\/cevre-politikasi_0009_insan-haklari-politikasi-300x200.jpg 300w\" sizes=\"(max-width: 500px) 100vw, 500px\" \/>\t\t\t\t\t\t\t\t<\/a>\n\t\t\t\t\t\t\t\t\t\t\t\t\t\t\t<\/div>\n\t\t\t\t<\/div>\n\t\t\t\t<div class=\"elementor-element elementor-element-05d7bc7 elementor-widget elementor-widget-heading\" data-id=\"05d7bc7\" data-element_type=\"widget\" data-widget_type=\"heading.default\">\n\t\t\t\t<div class=\"elementor-widget-container\">\n\t\t\t\t\t<h2 class=\"elementor-heading-title elementor-size-default\"><a href=\"https:\/\/mtnplast.com\/tr\/insan-haklari-politikasi\/\">\u0130nsan Haklar\u0131 Politikas\u0131<\/a><\/h2>\t\t\t\t<\/div>\n\t\t\t\t<\/div>\n\t\t\t\t\t<\/div>\n\t\t<\/div>\n\t\t\t\t<div class=\"elementor-column elementor-col-33 elementor-top-column elementor-element elementor-element-c0eaad4\" data-id=\"c0eaad4\" data-element_type=\"column\">\n\t\t\t<div class=\"elementor-widget-wrap elementor-element-populated\">\n\t\t\t\t\t\t<div class=\"elementor-element elementor-element-0516f76 elementor-widget elementor-widget-image\" data-id=\"0516f76\" data-element_type=\"widget\" data-widget_type=\"image.default\">\n\t\t\t\t<div class=\"elementor-widget-container\">\n\t\t\t\t\t\t\t\t\t\t\t\t\t\t\t\t<a href=\"https:\/\/mtnplast.com\/tr\/ayrimciligi-onleme-proseduru\/\">\n\t\t\t\t\t\t\t<img loading=\"lazy\" decoding=\"async\" width=\"500\" height=\"333\" src=\"https:\/\/mtnplast.com\/wp-content\/uploads\/2024\/07\/cevre-politikasi_0001_taciz-ve-ayrimcilik-onleme.jpg\" class=\"attachment-full size-full wp-image-5458\" alt=\"\" srcset=\"https:\/\/mtnplast.com\/wp-content\/uploads\/2024\/07\/cevre-politikasi_0001_taciz-ve-ayrimcilik-onleme.jpg 500w, https:\/\/mtnplast.com\/wp-content\/uploads\/2024\/07\/cevre-politikasi_0001_taciz-ve-ayrimcilik-onleme-300x200.jpg 300w\" sizes=\"(max-width: 500px) 100vw, 500px\" \/>\t\t\t\t\t\t\t\t<\/a>\n\t\t\t\t\t\t\t\t\t\t\t\t\t\t\t<\/div>\n\t\t\t\t<\/div>\n\t\t\t\t<div class=\"elementor-element elementor-element-64f58b9 elementor-widget elementor-widget-heading\" data-id=\"64f58b9\" data-element_type=\"widget\" data-widget_type=\"heading.default\">\n\t\t\t\t<div class=\"elementor-widget-container\">\n\t\t\t\t\t<h2 class=\"elementor-heading-title elementor-size-default\"><a href=\"https:\/\/mtnplast.com\/tr\/ayrimciligi-onleme-proseduru\/\">Ayr\u0131mc\u0131l\u0131\u011f\u0131 \u00d6nleme Prosed\u00fcr\u00fc<\/a><\/h2>\t\t\t\t<\/div>\n\t\t\t\t<\/div>\n\t\t\t\t\t<\/div>\n\t\t<\/div>\n\t\t\t\t<div class=\"elementor-column elementor-col-33 elementor-top-column elementor-element elementor-element-3be167d\" data-id=\"3be167d\" data-element_type=\"column\">\n\t\t\t<div class=\"elementor-widget-wrap elementor-element-populated\">\n\t\t\t\t\t\t<div class=\"elementor-element elementor-element-affa1c8 elementor-widget elementor-widget-image\" data-id=\"affa1c8\" data-element_type=\"widget\" data-widget_type=\"image.default\">\n\t\t\t\t<div class=\"elementor-widget-container\">\n\t\t\t\t\t\t\t\t\t\t\t\t\t\t\t\t<a href=\"https:\/\/mtnplast.com\/tr\/iklim-politikasi\/\">\n\t\t\t\t\t\t\t<img loading=\"lazy\" decoding=\"async\" width=\"500\" height=\"333\" src=\"https:\/\/mtnplast.com\/wp-content\/uploads\/2024\/07\/cevre-politikasi_0010_iklim-politikasi.jpg\" class=\"attachment-full size-full wp-image-5485\" alt=\"\" srcset=\"https:\/\/mtnplast.com\/wp-content\/uploads\/2024\/07\/cevre-politikasi_0010_iklim-politikasi.jpg 500w, https:\/\/mtnplast.com\/wp-content\/uploads\/2024\/07\/cevre-politikasi_0010_iklim-politikasi-300x200.jpg 300w\" sizes=\"(max-width: 500px) 100vw, 500px\" \/>\t\t\t\t\t\t\t\t<\/a>\n\t\t\t\t\t\t\t\t\t\t\t\t\t\t\t<\/div>\n\t\t\t\t<\/div>\n\t\t\t\t<div class=\"elementor-element elementor-element-c3135aa elementor-widget elementor-widget-heading\" data-id=\"c3135aa\" data-element_type=\"widget\" data-widget_type=\"heading.default\">\n\t\t\t\t<div class=\"elementor-widget-container\">\n\t\t\t\t\t<h2 class=\"elementor-heading-title elementor-size-default\"><a href=\"https:\/\/mtnplast.com\/tr\/iklim-politikasi\/\">\u0130klim Politikas\u0131<\/a><\/h2>\t\t\t\t<\/div>\n\t\t\t\t<\/div>\n\t\t\t\t\t<\/div>\n\t\t<\/div>\n\t\t\t\t\t<\/div>\n\t\t<\/section>\n\t\t\t\t<section class=\"elementor-section elementor-top-section elementor-element elementor-element-f1cb2a9 elementor-section-boxed elementor-section-height-default elementor-section-height-default\" data-id=\"f1cb2a9\" data-element_type=\"section\">\n\t\t\t\t\t\t<div class=\"elementor-container elementor-column-gap-default\">\n\t\t\t\t\t<div class=\"elementor-column elementor-col-33 elementor-top-column elementor-element elementor-element-5ed1fa2\" data-id=\"5ed1fa2\" data-element_type=\"column\">\n\t\t\t<div class=\"elementor-widget-wrap elementor-element-populated\">\n\t\t\t\t\t\t<div class=\"elementor-element elementor-element-505d93f elementor-widget elementor-widget-image\" data-id=\"505d93f\" data-element_type=\"widget\" data-widget_type=\"image.default\">\n\t\t\t\t<div class=\"elementor-widget-container\">\n\t\t\t\t\t\t\t\t\t\t\t\t\t\t\t\t<a href=\"https:\/\/mtnplast.com\/tr\/sorumlu-satinalma-politikasi\/\">\n\t\t\t\t\t\t\t<img loading=\"lazy\" decoding=\"async\" width=\"500\" height=\"333\" src=\"https:\/\/mtnplast.com\/wp-content\/uploads\/2024\/07\/cevre-politikasi_0008_sorumlu-satin-alma-politikasi.jpg\" class=\"attachment-full size-full wp-image-5479\" alt=\"\" srcset=\"https:\/\/mtnplast.com\/wp-content\/uploads\/2024\/07\/cevre-politikasi_0008_sorumlu-satin-alma-politikasi.jpg 500w, https:\/\/mtnplast.com\/wp-content\/uploads\/2024\/07\/cevre-politikasi_0008_sorumlu-satin-alma-politikasi-300x200.jpg 300w\" sizes=\"(max-width: 500px) 100vw, 500px\" \/>\t\t\t\t\t\t\t\t<\/a>\n\t\t\t\t\t\t\t\t\t\t\t\t\t\t\t<\/div>\n\t\t\t\t<\/div>\n\t\t\t\t<div class=\"elementor-element elementor-element-f42323f elementor-widget elementor-widget-heading\" data-id=\"f42323f\" data-element_type=\"widget\" data-widget_type=\"heading.default\">\n\t\t\t\t<div class=\"elementor-widget-container\">\n\t\t\t\t\t<h2 class=\"elementor-heading-title elementor-size-default\"><a href=\"https:\/\/mtnplast.com\/tr\/sorumlu-satinalma-politikasi\/\">Sorumlu Sat\u0131nalma Politikas\u0131<\/a><\/h2>\t\t\t\t<\/div>\n\t\t\t\t<\/div>\n\t\t\t\t\t<\/div>\n\t\t<\/div>\n\t\t\t\t<div class=\"elementor-column elementor-col-33 elementor-top-column elementor-element elementor-element-7fa0ddb\" data-id=\"7fa0ddb\" data-element_type=\"column\">\n\t\t\t<div class=\"elementor-widget-wrap elementor-element-populated\">\n\t\t\t\t\t\t<div class=\"elementor-element elementor-element-6147b5d elementor-widget elementor-widget-image\" data-id=\"6147b5d\" data-element_type=\"widget\" data-widget_type=\"image.default\">\n\t\t\t\t<div class=\"elementor-widget-container\">\n\t\t\t\t\t\t\t\t\t\t\t\t\t\t\t\t<a href=\"https:\/\/mtnplast.com\/tr\/surdurulebilir-tedarik-politikasi\/\">\n\t\t\t\t\t\t\t<img loading=\"lazy\" decoding=\"async\" width=\"500\" height=\"333\" src=\"https:\/\/mtnplast.com\/wp-content\/uploads\/2024\/07\/cevre-politikasi_0004_surdurulebilir-tedarik-politikasi.jpg\" class=\"attachment-full size-full wp-image-5467\" alt=\"\" srcset=\"https:\/\/mtnplast.com\/wp-content\/uploads\/2024\/07\/cevre-politikasi_0004_surdurulebilir-tedarik-politikasi.jpg 500w, https:\/\/mtnplast.com\/wp-content\/uploads\/2024\/07\/cevre-politikasi_0004_surdurulebilir-tedarik-politikasi-300x200.jpg 300w\" sizes=\"(max-width: 500px) 100vw, 500px\" \/>\t\t\t\t\t\t\t\t<\/a>\n\t\t\t\t\t\t\t\t\t\t\t\t\t\t\t<\/div>\n\t\t\t\t<\/div>\n\t\t\t\t<div class=\"elementor-element elementor-element-0630a23 elementor-widget elementor-widget-heading\" data-id=\"0630a23\" data-element_type=\"widget\" data-widget_type=\"heading.default\">\n\t\t\t\t<div class=\"elementor-widget-container\">\n\t\t\t\t\t<h2 class=\"elementor-heading-title elementor-size-default\"><a href=\"https:\/\/mtnplast.com\/tr\/surdurulebilir-tedarik-politikasi\/\">S\u00fcrd\u00fcr\u00fclebilir Tedarik Politikas\u0131<\/a><\/h2>\t\t\t\t<\/div>\n\t\t\t\t<\/div>\n\t\t\t\t\t<\/div>\n\t\t<\/div>\n\t\t\t\t<div class=\"elementor-column elementor-col-33 elementor-top-column elementor-element elementor-element-14d06ce\" data-id=\"14d06ce\" data-element_type=\"column\">\n\t\t\t<div class=\"elementor-widget-wrap elementor-element-populated\">\n\t\t\t\t\t\t<div class=\"elementor-element elementor-element-bb122f5 elementor-widget elementor-widget-image\" data-id=\"bb122f5\" data-element_type=\"widget\" data-widget_type=\"image.default\">\n\t\t\t\t<div class=\"elementor-widget-container\">\n\t\t\t\t\t\t\t\t\t\t\t\t\t\t\t\t<a href=\"https:\/\/mtnplast.com\/tr\/karbon-ayakizi\/\">\n\t\t\t\t\t\t\t<img loading=\"lazy\" decoding=\"async\" width=\"500\" height=\"333\" src=\"https:\/\/mtnplast.com\/wp-content\/uploads\/2024\/07\/cevre-politikasi_0000_karbon-ayakizi.jpg\" class=\"attachment-full size-full wp-image-5494\" alt=\"\" srcset=\"https:\/\/mtnplast.com\/wp-content\/uploads\/2024\/07\/cevre-politikasi_0000_karbon-ayakizi.jpg 500w, https:\/\/mtnplast.com\/wp-content\/uploads\/2024\/07\/cevre-politikasi_0000_karbon-ayakizi-300x200.jpg 300w\" sizes=\"(max-width: 500px) 100vw, 500px\" \/>\t\t\t\t\t\t\t\t<\/a>\n\t\t\t\t\t\t\t\t\t\t\t\t\t\t\t<\/div>\n\t\t\t\t<\/div>\n\t\t\t\t<div class=\"elementor-element elementor-element-2f626f0 elementor-widget elementor-widget-heading\" data-id=\"2f626f0\" data-element_type=\"widget\" data-widget_type=\"heading.default\">\n\t\t\t\t<div class=\"elementor-widget-container\">\n\t\t\t\t\t<h2 class=\"elementor-heading-title elementor-size-default\"><a href=\"https:\/\/mtnplast.com\/tr\/karbon-ayakizi\/\">Karbon Ayakizi<\/a><\/h2>\t\t\t\t<\/div>\n\t\t\t\t<\/div>\n\t\t\t\t\t<\/div>\n\t\t<\/div>\n\t\t\t\t\t<\/div>\n\t\t<\/section>\n\t\t\t\t<section class=\"elementor-section elementor-top-section elementor-element elementor-element-0c0cdce elementor-section-boxed elementor-section-height-default elementor-section-height-default\" data-id=\"0c0cdce\" data-element_type=\"section\">\n\t\t\t\t\t\t<div class=\"elementor-container elementor-column-gap-default\">\n\t\t\t\t\t<div class=\"elementor-column elementor-col-100 elementor-top-column elementor-element elementor-element-467c43a\" data-id=\"467c43a\" data-element_type=\"column\">\n\t\t\t<div class=\"elementor-widget-wrap elementor-element-populated\">\n\t\t\t\t\t\t<div class=\"elementor-element elementor-element-d64e6a7 elementor-widget elementor-widget-image\" data-id=\"d64e6a7\" data-element_type=\"widget\" data-widget_type=\"image.default\">\n\t\t\t\t<div class=\"elementor-widget-container\">\n\t\t\t\t\t\t\t\t\t\t\t\t\t\t\t\t<a href=\"https:\/\/mtnplast.com\/tr\/enerji-politikasi\/\">\n\t\t\t\t\t\t\t<img loading=\"lazy\" decoding=\"async\" width=\"300\" height=\"209\" src=\"https:\/\/mtnplast.com\/wp-content\/uploads\/2024\/07\/bg-300x209.jpg\" class=\"attachment-medium size-medium wp-image-5562\" alt=\"Enerji Politikas\u0131\" srcset=\"https:\/\/mtnplast.com\/wp-content\/uploads\/2024\/07\/bg-300x209.jpg 300w, https:\/\/mtnplast.com\/wp-content\/uploads\/2024\/07\/bg-1024x714.jpg 1024w, https:\/\/mtnplast.com\/wp-content\/uploads\/2024\/07\/bg-768x536.jpg 768w, https:\/\/mtnplast.com\/wp-content\/uploads\/2024\/07\/bg-1536x1071.jpg 1536w, https:\/\/mtnplast.com\/wp-content\/uploads\/2024\/07\/bg.jpg 1920w\" sizes=\"(max-width: 300px) 100vw, 300px\" \/>\t\t\t\t\t\t\t\t<\/a>\n\t\t\t\t\t\t\t\t\t\t\t\t\t\t\t<\/div>\n\t\t\t\t<\/div>\n\t\t\t\t<div class=\"elementor-element elementor-element-9950bba elementor-widget elementor-widget-heading\" data-id=\"9950bba\" data-element_type=\"widget\" data-widget_type=\"heading.default\">\n\t\t\t\t<div class=\"elementor-widget-container\">\n\t\t\t\t\t<h2 class=\"elementor-heading-title elementor-size-default\"><a href=\"https:\/\/mtnplast.com\/tr\/enerji-politikasi\/\">Enerji Politakas\u0131<\/a><\/h2>\t\t\t\t<\/div>\n\t\t\t\t<\/div>\n\t\t\t\t\t<\/div>\n\t\t<\/div>\n\t\t\t\t\t<\/div>\n\t\t<\/section>\n\t\t\t\t<\/div>\n\t\t","protected":false},"excerpt":{"rendered":"<p>\u00c7evre Politikas\u0131 Su Politikas\u0131 Ayr\u0131mc\u0131l\u0131k ve Taciz \u00d6nleme Politikas\u0131 Sosyal Uygunluk Politikas\u0131 S\u00fcrd\u00fcr\u00fclebilirlik Politikas\u0131 Sosyal Uygunluk Hedefleri \u0130nsan Haklar\u0131 Politikas\u0131 Ayr\u0131mc\u0131l\u0131\u011f\u0131 \u00d6nleme Prosed\u00fcr\u00fc \u0130klim Politikas\u0131 Sorumlu Sat\u0131nalma Politikas\u0131 S\u00fcrd\u00fcr\u00fclebilir Tedarik Politikas\u0131 Karbon Ayakizi Enerji Politakas\u0131<\/p>\n","protected":false},"author":1,"featured_media":0,"parent":0,"menu_order":0,"comment_status":"closed","ping_status":"closed","template":"","meta":{"footnotes":""},"class_list":["post-5457","page","type-page","status-publish","hentry"],"_links":{"self":[{"href":"https:\/\/mtnplast.com\/tr\/wp-json\/wp\/v2\/pages\/5457","targetHints":{"allow":["GET"]}}],"collection":[{"href":"https:\/\/mtnplast.com\/tr\/wp-json\/wp\/v2\/pages"}],"about":[{"href":"https:\/\/mtnplast.com\/tr\/wp-json\/wp\/v2\/types\/page"}],"author":[{"embeddable":true,"href":"https:\/\/mtnplast.com\/tr\/wp-json\/wp\/v2\/users\/1"}],"replies":[{"embeddable":true,"href":"https:\/\/mtnplast.com\/tr\/wp-json\/wp\/v2\/comments?post=5457"}],"version-history":[{"count":26,"href":"https:\/\/mtnplast.com\/tr\/wp-json\/wp\/v2\/pages\/5457\/revisions"}],"predecessor-version":[{"id":5695,"href":"https:\/\/mtnplast.com\/tr\/wp-json\/wp\/v2\/pages\/5457\/revisions\/5695"}],"wp:attachment":[{"href":"https:\/\/mtnplast.com\/tr\/wp-json\/wp\/v2\/media?parent=5457"}],"curies":[{"name":"wp","href":"https:\/\/api.w.org\/{rel}","templated":true}]}}