{"id":5525,"date":"2024-07-17T07:11:33","date_gmt":"2024-07-17T04:11:33","guid":{"rendered":"https:\/\/mtnplast.com\/?page_id=5525"},"modified":"2024-07-17T08:26:56","modified_gmt":"2024-07-17T05:26:56","slug":"surdurulebilirlik-politikasi","status":"publish","type":"page","link":"https:\/\/mtnplast.com\/tr\/surdurulebilirlik-politikasi\/","title":{"rendered":"S\u00fcrd\u00fcr\u00fclebilirlik Politikas\u0131"},"content":{"rendered":"\t\t<div data-elementor-type=\"wp-page\" data-elementor-id=\"5525\" class=\"elementor elementor-5525\">\n\t\t\t\t\t\t<section class=\"elementor-section elementor-top-section elementor-element elementor-element-5734e02 elementor-section-boxed elementor-section-height-default elementor-section-height-default\" data-id=\"5734e02\" data-element_type=\"section\">\n\t\t\t\t\t\t<div class=\"elementor-container elementor-column-gap-default\">\n\t\t\t\t\t<div class=\"elementor-column elementor-col-100 elementor-top-column elementor-element elementor-element-7268daae\" data-id=\"7268daae\" data-element_type=\"column\">\n\t\t\t<div class=\"elementor-widget-wrap elementor-element-populated\">\n\t\t\t\t\t\t<div class=\"elementor-element elementor-element-414d0490 elementor-widget elementor-widget-heading\" data-id=\"414d0490\" data-element_type=\"widget\" data-widget_type=\"heading.default\">\n\t\t\t\t<div class=\"elementor-widget-container\">\n\t\t\t\t\t<h2 class=\"elementor-heading-title elementor-size-default\">S\u00fcrd\u00fcr\u00fclebilirlik Politikas\u0131<\/h2>\t\t\t\t<\/div>\n\t\t\t\t<\/div>\n\t\t\t\t<div class=\"elementor-element elementor-element-114ebc10 elementor-widget elementor-widget-text-editor\" data-id=\"114ebc10\" data-element_type=\"widget\" data-widget_type=\"text-editor.default\">\n\t\t\t\t<div class=\"elementor-widget-container\">\n\t\t\t\t\t\t\t\t\t<p><strong>MTN PLAST\u0130K OLARAK ;<\/strong><\/p><ul><li>Mevcut kurallar ve kanunlara tam uyum sa\u011flayarak \u00e7evre ve enerji performans\u0131 ile enerji verimlili\u011fini s\u00fcrekli iyile\u015ftirmeyi,<\/li><li>Hava ve su kirlili\u011fini, s\u0131z\u0131nt\u0131 ve d\u00f6k\u00fclmeleri ve g\u00fcr\u00fclt\u00fcy\u00fc m\u00fcmk\u00fcn oldu\u011fu kadar azaltmay\u0131 ve \u00f6nlemeyi,<\/li><li>Ambalaj kullan\u0131m\u0131n\u0131 azaltmak, ambalajlar\u0131n geri d\u00f6n\u00fc\u015f\u00fcml\u00fc olmalar\u0131n\u0131 sa\u011flamay\u0131 ve tekrar kullanmay\u0131,<\/li><li>Enerji ve malzemenin verimli kullan\u0131lmas\u0131n\u0131 sa\u011flamay\u0131, \u00e7evre boyutlar\u0131n\u0131 azaltmay\u0131, enerji ve \u00e7evre performans\u0131m\u0131z\u0131 s\u00fcrekli geli\u015ftirmeyi,<\/li><li>\u00c7evreye zarar ve enerji kayb\u0131n\u0131 \u00f6nleyecek gerekli t\u00fcm \u00f6nlemleri almay\u0131,<\/li><li>\u00c7al\u0131\u015fanlar\u0131m\u0131zda verimlilik bilincinin olu\u015fturulmas\u0131 amac\u0131yla gerekli e\u011fitim ve bilgilendirmeler yaparak enerji verimlili\u011finin sa\u011flamay\u0131 ve \u00e7evre duyarl\u0131l\u0131\u011f\u0131n\u0131n artt\u0131rmay\u0131,<\/li><li>Gelecekte \u00fcretilecek yeni \u00fcr\u00fcnler veya geli\u015ftirilecek yeni prosesler ve faaliyetlerle ilgili \u00e7evre etkenlerini kontrol alt\u0131nda tutmay\u0131 ve minimize etmeyi, enerji verimli teknoloji ve uygulamalar\u0131 tercih etmeyi,<\/li><li>Enerjinin verimli kullan\u0131m\u0131 i\u00e7in enerji verimlili\u011fi projeleri yapmak ve yenilenebilir enerji kaynaklar\u0131 kullan\u0131m\u0131n\u0131 artt\u0131racak faaliyetlerde bulunmay\u0131,<\/li><li>At\u0131klar\u0131 minimuma indirmek, kirlili\u011fi kayna\u011f\u0131nda \u00f6nlemek, enerjiyi verimli kullanmak ve faaliyetlerimizin \u00e7evre \u00fczerindeki olumsuz etkilerini azaltmay\u0131,<\/li><li>Gerekli mali ve yap\u0131sal ko\u015fullar\u0131n deste\u011fi ile uygun y\u00f6netim sistemini kullanarak politikam\u0131z\u0131 etkin bir \u015fekilde uygulamay\u0131,<\/li><li>\u0130\u015fletmelerimizin t\u00fcm\u00fcnde \u00e7evre dostu ve enerji fark\u0131ndal\u0131\u011f\u0131 y\u00fcksek bir tutum i\u00e7inde \u00e7al\u0131\u015fmalar\u0131n\u0131 y\u00fcr\u00fctmesini sa\u011flamay\u0131,<\/li><li>Payda\u015flar\u0131m\u0131z, tedarik\u00e7ilerimiz, ta\u015feronlar\u0131m\u0131z ve t\u00fcm \u00e7al\u0131\u015fanlar\u0131m\u0131zla i\u015f birli\u011fi i\u00e7inde kar\u015f\u0131l\u0131kl\u0131 yararlar do\u011frultusunda \u00e7al\u0131\u015fmalar\u0131m\u0131z\u0131 s\u00fcrd\u00fcrmeyi,<\/li><li>Do\u011fal kaynaklar\u0131n ve enerjinin verimli kullan\u0131lmas\u0131n\u0131 sa\u011flamay\u0131, yenilenebilir enerji kaynaklar\u0131n\u0131n enerji kullan\u0131m\u0131ndaki pay\u0131n\u0131 artt\u0131rmay\u0131,<\/li><li>D\u00fczenli denetimlerle \u00e7evre ve enerji y\u00f6netim sistemlerimizi s\u00fcrekli iyile\u015ftirmeyi, dok\u00fcmante etmeyi, t\u00fcm birimlere duyurmay\u0131, g\u00f6zden ge\u00e7irmeyi ve g\u00fcncelli\u011fini sa\u011flamay\u0131,<\/li><\/ul><p>TAAHH\u00dcT ED\u0130YORUZ.<\/p>\t\t\t\t\t\t\t\t<\/div>\n\t\t\t\t<\/div>\n\t\t\t\t\t<\/div>\n\t\t<\/div>\n\t\t\t\t\t<\/div>\n\t\t<\/section>\n\t\t\t\t<\/div>\n\t\t","protected":false},"excerpt":{"rendered":"<p>S\u00fcrd\u00fcr\u00fclebilirlik Politikas\u0131 MTN PLAST\u0130K OLARAK ; Mevcut kurallar ve kanunlara tam uyum sa\u011flayarak \u00e7evre ve enerji performans\u0131 ile enerji verimlili\u011fini s\u00fcrekli iyile\u015ftirmeyi, Hava ve su kirlili\u011fini, s\u0131z\u0131nt\u0131 ve d\u00f6k\u00fclmeleri ve g\u00fcr\u00fclt\u00fcy\u00fc m\u00fcmk\u00fcn oldu\u011fu kadar azaltmay\u0131 ve \u00f6nlemeyi, Ambalaj kullan\u0131m\u0131n\u0131 azaltmak, ambalajlar\u0131n geri d\u00f6n\u00fc\u015f\u00fcml\u00fc olmalar\u0131n\u0131 sa\u011flamay\u0131 ve tekrar kullanmay\u0131, Enerji ve malzemenin verimli kullan\u0131lmas\u0131n\u0131 sa\u011flamay\u0131, \u00e7evre [&hellip;]<\/p>\n","protected":false},"author":1,"featured_media":0,"parent":0,"menu_order":0,"comment_status":"closed","ping_status":"closed","template":"","meta":{"footnotes":""},"class_list":["post-5525","page","type-page","status-publish","hentry"],"_links":{"self":[{"href":"https:\/\/mtnplast.com\/tr\/wp-json\/wp\/v2\/pages\/5525","targetHints":{"allow":["GET"]}}],"collection":[{"href":"https:\/\/mtnplast.com\/tr\/wp-json\/wp\/v2\/pages"}],"about":[{"href":"https:\/\/mtnplast.com\/tr\/wp-json\/wp\/v2\/types\/page"}],"author":[{"embeddable":true,"href":"https:\/\/mtnplast.com\/tr\/wp-json\/wp\/v2\/users\/1"}],"replies":[{"embeddable":true,"href":"https:\/\/mtnplast.com\/tr\/wp-json\/wp\/v2\/comments?post=5525"}],"version-history":[{"count":7,"href":"https:\/\/mtnplast.com\/tr\/wp-json\/wp\/v2\/pages\/5525\/revisions"}],"predecessor-version":[{"id":5623,"href":"https:\/\/mtnplast.com\/tr\/wp-json\/wp\/v2\/pages\/5525\/revisions\/5623"}],"wp:attachment":[{"href":"https:\/\/mtnplast.com\/tr\/wp-json\/wp\/v2\/media?parent=5525"}],"curies":[{"name":"wp","href":"https:\/\/api.w.org\/{rel}","templated":true}]}}